{"id":9142,"date":"2025-03-15T14:33:01","date_gmt":"2025-03-15T14:33:01","guid":{"rendered":"https:\/\/cyprusbosch.com\/?post_type=product&#038;p=9142"},"modified":"2025-03-15T14:33:01","modified_gmt":"2025-03-15T14:33:01","slug":"kompakt-ekmek-kizartma-makinesi-gri","status":"publish","type":"product","link":"https:\/\/cyprusbosch.com\/en\/product\/kompakt-ekmek-kizartma-makinesi-gri\/","title":{"rendered":"Kompakt Ekmek K\u0131zartma Makinesi Gri"},"content":{"rendered":"<div class=\"description woocommerce-product-details__short-description\">\n<p>Cihaz\u0131n boyutlar\u0131: 184 x 155 x 292 mm<br \/>\nGri renk<br \/>\nYuva say\u0131s\u0131: 2<br \/>\nDisk say\u0131s\u0131: 2<br \/>\nKavurma seviyesi se\u00e7imi: kademesiz de\u011fi\u015fken kontrol d\u00fc\u011fmesi<br \/>\nEkmek rulosu eklentisi: entegre<br \/>\n2 dilim tost i\u00e7in<br \/>\nBa\u011flant\u0131 de\u011feri: 860-1050 watt<br \/>\nTopuz aparat\u0131: entegre ve geri \u00e7ekilebilir<br \/>\nYerden \u0131s\u0131tma<br \/>\nE\u015fit k\u0131zartma i\u00e7in otomatik ekmek ortalama<br \/>\nTutarl\u0131 k\u0131zartma sonu\u00e7lar\u0131 i\u00e7in elektronik kontroll\u00fc kavurma seviyesi sabit<br \/>\nAyr\u0131, ayd\u0131nlatmal\u0131 d\u00fc\u011fmeyle buz \u00e7\u00f6zme i\u015flevi<br \/>\nAyr\u0131, ayd\u0131nlatmal\u0131 d\u00fc\u011fmeyle \u0131s\u0131nma i\u015flevi<br \/>\nI\u015f\u0131kl\u0131 durdurma butonu<br \/>\n\u00c7\u0131kar\u0131labilir k\u0131r\u0131nt\u0131 tepsisi<br \/>\nTost s\u0131k\u0131\u015f\u0131rsa g\u00fcvenlik kapatmas\u0131<br \/>\nKolay saklama: Kablonun h\u0131zl\u0131 ve kolay saklanmas\u0131 i\u00e7in kablo saklama<\/p>\n<\/div>\n<div class=\"wpb_custom_62a00e12846b079eb829d6ad33598f3e\">\n<div class=\"product-summary-wrap\"><\/div>\n<\/div>\n<div class=\"product-share\">\n<div class=\"share-links\"><a class=\"share-facebook\" title=\"\" href=\"https:\/\/www.facebook.com\/sharer.php?u=https:\/\/kibrisbosch.com\/kucuk-ev-aleti\/ekmek-kizartma-makinesi\/kompakt-ekmek-kizartma-makinesi-gri\/\" target=\"_blank\" rel=\"noopener noreferrer nofollow\" data-bs-tooltip=\"\" data-bs-placement=\"bottom\" data-bs-original-title=\"Facebook\">Facebook<\/a>\u00a0<a class=\"share-twitter\" title=\"\" href=\"https:\/\/twitter.com\/intent\/tweet?text=Kompakt+Ekmek+K%C4%B1zartma+Makinesi+Gri&amp;url=https:\/\/kibrisbosch.com\/kucuk-ev-aleti\/ekmek-kizartma-makinesi\/kompakt-ekmek-kizartma-makinesi-gri\/\" target=\"_blank\" rel=\"noopener noreferrer nofollow\" data-bs-tooltip=\"\" data-bs-placement=\"bottom\" data-bs-original-title=\"X\">Twitter<\/a>\u00a0<a class=\"share-linkedin\" title=\"\" href=\"https:\/\/www.linkedin.com\/shareArticle?mini=true&amp;url=https:\/\/kibrisbosch.com\/kucuk-ev-aleti\/ekmek-kizartma-makinesi\/kompakt-ekmek-kizartma-makinesi-gri\/&amp;title=Kompakt+Ekmek+K%C4%B1zartma+Makinesi+Gri\" target=\"_blank\" rel=\"noopener noreferrer nofollow\" data-bs-tooltip=\"\" data-bs-placement=\"bottom\" data-bs-original-title=\"LinkedIn\">LinkedIn<\/a>\u00a0<a class=\"share-googleplus\" title=\"\" href=\"https:\/\/plus.google.com\/share?url=https:\/\/kibrisbosch.com\/kucuk-ev-aleti\/ekmek-kizartma-makinesi\/kompakt-ekmek-kizartma-makinesi-gri\/\" target=\"_blank\" rel=\"noopener noreferrer nofollow\" data-bs-tooltip=\"\" data-bs-placement=\"bottom\" data-bs-original-title=\"Google +\">Google +<\/a>\u00a0<a class=\"share-email\" title=\"\" href=\"mailto:?subject=Kompakt+Ekmek+K%C4%B1zartma+Makinesi+Gri&amp;body=https:\/\/kibrisbosch.com\/kucuk-ev-aleti\/ekmek-kizartma-makinesi\/kompakt-ekmek-kizartma-makinesi-gri\/\" target=\"_blank\" rel=\"noopener noreferrer nofollow\" data-bs-tooltip=\"\" data-bs-placement=\"bottom\" data-bs-original-title=\"Email\">Email<\/a><\/div>\n<\/div>","protected":false},"excerpt":{"rendered":"<p>Cihaz\u0131n boyutlar\u0131: 184 x 155 x 292 mm Gri renk Yuva say\u0131s\u0131: 2 Disk say\u0131s\u0131: 2 Kavurma seviyesi se\u00e7imi: kademesiz de\u011fi\u015fken kontrol d\u00fc\u011fmesi Ekmek rulosu eklentisi: entegre 2 dilim tost i\u00e7in Ba\u011flant\u0131 de\u011feri: 860-1050 watt Topuz aparat\u0131: entegre ve geri \u00e7ekilebilir Yerden \u0131s\u0131tma E\u015fit k\u0131zartma i\u00e7in otomatik ekmek ortalama Tutarl\u0131 k\u0131zartma sonu\u00e7lar\u0131 i\u00e7in elektronik kontroll\u00fc [&hellip;]<\/p>","protected":false},"featured_media":9144,"comment_status":"open","ping_status":"closed","template":"","meta":{"om_disable_all_campaigns":false,"_monsterinsights_skip_tracking":false,"_monsterinsights_sitenote_active":false,"_monsterinsights_sitenote_note":"","_monsterinsights_sitenote_category":0,"_joinchat":[]},"product_brand":[],"product_cat":[203],"product_tag":[],"class_list":{"0":"post-9142","1":"product","2":"type-product","3":"status-publish","4":"has-post-thumbnail","6":"product_cat-kucuk-ev-aletleri","7":"ts_product_brand-bosch","9":"first","10":"instock","11":"shipping-taxable","12":"product-type-simple","13":"add-to-wishlist-after_add_to_cart"},"aioseo_notices":[],"_links":{"self":[{"href":"https:\/\/cyprusbosch.com\/en\/wp-json\/wp\/v2\/product\/9142","targetHints":{"allow":["GET"]}}],"collection":[{"href":"https:\/\/cyprusbosch.com\/en\/wp-json\/wp\/v2\/product"}],"about":[{"href":"https:\/\/cyprusbosch.com\/en\/wp-json\/wp\/v2\/types\/product"}],"replies":[{"embeddable":true,"href":"https:\/\/cyprusbosch.com\/en\/wp-json\/wp\/v2\/comments?post=9142"}],"wp:featuredmedia":[{"embeddable":true,"href":"https:\/\/cyprusbosch.com\/en\/wp-json\/wp\/v2\/media\/9144"}],"wp:attachment":[{"href":"https:\/\/cyprusbosch.com\/en\/wp-json\/wp\/v2\/media?parent=9142"}],"wp:term":[{"taxonomy":"product_brand","embeddable":true,"href":"https:\/\/cyprusbosch.com\/en\/wp-json\/wp\/v2\/product_brand?post=9142"},{"taxonomy":"product_cat","embeddable":true,"href":"https:\/\/cyprusbosch.com\/en\/wp-json\/wp\/v2\/product_cat?post=9142"},{"taxonomy":"product_tag","embeddable":true,"href":"https:\/\/cyprusbosch.com\/en\/wp-json\/wp\/v2\/product_tag?post=9142"}],"curies":[{"name":"wp","href":"https:\/\/api.w.org\/{rel}","templated":true}]}}