{"id":9156,"date":"2025-03-15T14:38:39","date_gmt":"2025-03-15T14:38:39","guid":{"rendered":"https:\/\/cyprusbosch.com\/?post_type=product&#038;p=9156"},"modified":"2025-03-15T14:38:39","modified_gmt":"2025-03-15T14:38:39","slug":"ekmek-kizartma-makinesi-designline-siyah","status":"publish","type":"product","link":"https:\/\/cyprusbosch.com\/en\/product\/ekmek-kizartma-makinesi-designline-siyah\/","title":{"rendered":"Ekmek K\u0131zartma Makinesi DesignLine Siyah"},"content":{"rendered":"<p>\u00dcr\u00fcn \u00d6l\u00e7\u00fcleri (Y\u00fckseklik x Geni\u015flik x Derinlik): 195 x 300 x 170 mm<br \/>\n\u00dcr\u00fcn kategorisi: DesignLine<br \/>\nInverter Kompres\u00f6r: 2 g\u00f6zl\u00fc ekmek k\u0131zartma makinesi<br \/>\nRenk: Jet black polished<br \/>\nAna malzeme: paslanmaz \u00e7elik<br \/>\nG\u00fc\u00e7: 970 W<br \/>\nElektrik kablosu uzunlu\u011fu: 90,0 cm<br \/>\nKullanma \u015fekli: ayr\u0131 stop d\u00fc\u011fmesi, start tu\u015fu lifte entegre<br \/>\nKontrol \u015fekli: termostat, zaman sayac\u0131<br \/>\nIs\u0131tma \u015fekli: y\u00fczey \u0131s\u0131t\u0131c\u0131 eleman\u0131<\/p>","protected":false},"excerpt":{"rendered":"<p>\u00dcr\u00fcn \u00d6l\u00e7\u00fcleri (Y\u00fckseklik x Geni\u015flik x Derinlik): 195 x 300 x 170 mm \u00dcr\u00fcn kategorisi: DesignLine Inverter Kompres\u00f6r: 2 g\u00f6zl\u00fc ekmek k\u0131zartma makinesi Renk: Jet black polished Ana malzeme: paslanmaz \u00e7elik G\u00fc\u00e7: 970 W Elektrik kablosu uzunlu\u011fu: 90,0 cm Kullanma \u015fekli: ayr\u0131 stop d\u00fc\u011fmesi, start tu\u015fu lifte entegre Kontrol \u015fekli: termostat, zaman sayac\u0131 Is\u0131tma \u015fekli: [&hellip;]<\/p>","protected":false},"featured_media":9161,"comment_status":"open","ping_status":"closed","template":"","meta":{"om_disable_all_campaigns":false,"_monsterinsights_skip_tracking":false,"_monsterinsights_sitenote_active":false,"_monsterinsights_sitenote_note":"","_monsterinsights_sitenote_category":0,"_joinchat":[]},"product_brand":[],"product_cat":[203],"product_tag":[],"class_list":{"0":"post-9156","1":"product","2":"type-product","3":"status-publish","4":"has-post-thumbnail","6":"product_cat-kucuk-ev-aletleri","7":"ts_product_brand-bosch","9":"first","10":"instock","11":"shipping-taxable","12":"product-type-simple","13":"add-to-wishlist-after_add_to_cart"},"aioseo_notices":[],"_links":{"self":[{"href":"https:\/\/cyprusbosch.com\/en\/wp-json\/wp\/v2\/product\/9156","targetHints":{"allow":["GET"]}}],"collection":[{"href":"https:\/\/cyprusbosch.com\/en\/wp-json\/wp\/v2\/product"}],"about":[{"href":"https:\/\/cyprusbosch.com\/en\/wp-json\/wp\/v2\/types\/product"}],"replies":[{"embeddable":true,"href":"https:\/\/cyprusbosch.com\/en\/wp-json\/wp\/v2\/comments?post=9156"}],"wp:featuredmedia":[{"embeddable":true,"href":"https:\/\/cyprusbosch.com\/en\/wp-json\/wp\/v2\/media\/9161"}],"wp:attachment":[{"href":"https:\/\/cyprusbosch.com\/en\/wp-json\/wp\/v2\/media?parent=9156"}],"wp:term":[{"taxonomy":"product_brand","embeddable":true,"href":"https:\/\/cyprusbosch.com\/en\/wp-json\/wp\/v2\/product_brand?post=9156"},{"taxonomy":"product_cat","embeddable":true,"href":"https:\/\/cyprusbosch.com\/en\/wp-json\/wp\/v2\/product_cat?post=9156"},{"taxonomy":"product_tag","embeddable":true,"href":"https:\/\/cyprusbosch.com\/en\/wp-json\/wp\/v2\/product_tag?post=9156"}],"curies":[{"name":"wp","href":"https:\/\/api.w.org\/{rel}","templated":true}]}}