{"id":9182,"date":"2025-03-15T14:47:34","date_gmt":"2025-03-15T14:47:34","guid":{"rendered":"https:\/\/cyprusbosch.com\/?post_type=product&#038;p=9182"},"modified":"2025-03-15T14:47:34","modified_gmt":"2025-03-15T14:47:34","slug":"ekmek-kizartma-makinesi-designline-paslanmaz-celik","status":"publish","type":"product","link":"https:\/\/cyprusbosch.com\/en\/product\/ekmek-kizartma-makinesi-designline-paslanmaz-celik\/","title":{"rendered":"Ekmek K\u0131zartma Makinesi DesignLine Paslanmaz \u00c7elik"},"content":{"rendered":"<p>Boyutlar: 195 x 300 x 170 mm<br \/>\nKontrol tipi: Termostat, Zamanlay\u0131c\u0131<br \/>\nCihaz tipi: 2 yuval\u0131 ekmek k\u0131zartma makinesi<br \/>\nIs\u0131tma tipi: Geni\u015f y\u00fczeyli \u0131s\u0131tma eleman\u0131<br \/>\nIs\u0131 koruma muhafazas\u0131: Hay\u0131r<br \/>\nG\u00f6vde malzemesi: Paslanmaz \u00e7elik<br \/>\nNet a\u011f\u0131rl\u0131k: 1,7 kg<br \/>\nDilim say\u0131s\u0131: 2 No.<br \/>\nSlot say\u0131s\u0131: 2 No.<br \/>\nBuz \u00e7\u00f6zme i\u015flevi: Evet<br \/>\nK\u00fc\u00e7\u00fck ekmekler i\u00e7in raf: Entegre<br \/>\nKal\u0131n&amp;ince i\u015flevi: Hay\u0131r<br \/>\nK\u0131r\u0131nt\u0131 kapa\u011f\u0131: Hay\u0131r<br \/>\nK\u0131r\u0131nt\u0131 \u00e7ekmecesi: Evet<br \/>\nYeniden k\u0131zartma i\u015flevi: Evet<br \/>\nTek tarafl\u0131 k\u0131zartma: Hay\u0131r<br \/>\nBa\u011flant\u0131 oran\u0131: 970 W<br \/>\nVoltaj: 220-240 V<\/p>","protected":false},"excerpt":{"rendered":"<p>Boyutlar: 195 x 300 x 170 mm Kontrol tipi: Termostat, Zamanlay\u0131c\u0131 Cihaz tipi: 2 yuval\u0131 ekmek k\u0131zartma makinesi Is\u0131tma tipi: Geni\u015f y\u00fczeyli \u0131s\u0131tma eleman\u0131 Is\u0131 koruma muhafazas\u0131: Hay\u0131r G\u00f6vde malzemesi: Paslanmaz \u00e7elik Net a\u011f\u0131rl\u0131k: 1,7 kg Dilim say\u0131s\u0131: 2 No. Slot say\u0131s\u0131: 2 No. Buz \u00e7\u00f6zme i\u015flevi: Evet K\u00fc\u00e7\u00fck ekmekler i\u00e7in raf: Entegre Kal\u0131n&amp;ince i\u015flevi: [&hellip;]<\/p>","protected":false},"featured_media":9185,"comment_status":"open","ping_status":"closed","template":"","meta":{"om_disable_all_campaigns":false,"_monsterinsights_skip_tracking":false,"_monsterinsights_sitenote_active":false,"_monsterinsights_sitenote_note":"","_monsterinsights_sitenote_category":0,"_joinchat":[]},"product_brand":[],"product_cat":[203],"product_tag":[],"class_list":{"0":"post-9182","1":"product","2":"type-product","3":"status-publish","4":"has-post-thumbnail","6":"product_cat-kucuk-ev-aletleri","7":"ts_product_brand-bosch","9":"first","10":"instock","11":"shipping-taxable","12":"product-type-simple","13":"add-to-wishlist-after_add_to_cart"},"aioseo_notices":[],"_links":{"self":[{"href":"https:\/\/cyprusbosch.com\/en\/wp-json\/wp\/v2\/product\/9182","targetHints":{"allow":["GET"]}}],"collection":[{"href":"https:\/\/cyprusbosch.com\/en\/wp-json\/wp\/v2\/product"}],"about":[{"href":"https:\/\/cyprusbosch.com\/en\/wp-json\/wp\/v2\/types\/product"}],"replies":[{"embeddable":true,"href":"https:\/\/cyprusbosch.com\/en\/wp-json\/wp\/v2\/comments?post=9182"}],"wp:featuredmedia":[{"embeddable":true,"href":"https:\/\/cyprusbosch.com\/en\/wp-json\/wp\/v2\/media\/9185"}],"wp:attachment":[{"href":"https:\/\/cyprusbosch.com\/en\/wp-json\/wp\/v2\/media?parent=9182"}],"wp:term":[{"taxonomy":"product_brand","embeddable":true,"href":"https:\/\/cyprusbosch.com\/en\/wp-json\/wp\/v2\/product_brand?post=9182"},{"taxonomy":"product_cat","embeddable":true,"href":"https:\/\/cyprusbosch.com\/en\/wp-json\/wp\/v2\/product_cat?post=9182"},{"taxonomy":"product_tag","embeddable":true,"href":"https:\/\/cyprusbosch.com\/en\/wp-json\/wp\/v2\/product_tag?post=9182"}],"curies":[{"name":"wp","href":"https:\/\/api.w.org\/{rel}","templated":true}]}}