{"id":9197,"date":"2025-03-15T14:51:48","date_gmt":"2025-03-15T14:51:48","guid":{"rendered":"https:\/\/cyprusbosch.com\/?post_type=product&#038;p=9197"},"modified":"2025-03-15T14:51:48","modified_gmt":"2025-03-15T14:51:48","slug":"ekmek-kizartma-styline-siyah","status":"publish","type":"product","link":"https:\/\/cyprusbosch.com\/en\/product\/ekmek-kizartma-styline-siyah\/","title":{"rendered":"Ekmek K\u0131zartma Styline Siyah"},"content":{"rendered":"<p>G\u00fc\u00e7: 860 W watt<br \/>\n\u201cMirror Heating\u201d nar gibi k\u0131zarm\u0131\u015f ekmekler i\u00e7in \u00f6zel \u0131s\u0131tma fonksiyonu \u201cAuto Heat\u201d Kontrol\u00fc: Uzun s\u00fcreli ekmek k\u0131zartma i\u015fleminde elektronik sens\u00f6rl\u00fc k\u0131zartma fonksiyonu 2 dilim tost ekme\u011fi kapasiteli<br \/>\n\u201ccool-touch\u201d el yakmayan d\u0131\u015f g\u00f6vde<br \/>\nTekrar \u0131s\u0131tma, haf\u0131za fonksiyonlar\u0131 i\u00e7in dijital g\u00f6sterge<br \/>\nBuz \u00e7\u00f6zme \u00f6zelli\u011fi<br \/>\n\u201ciptal\u201d tu\u015fu<br \/>\nEkme\u011fin her taraf\u0131n\u0131n e\u015fit k\u0131zart\u0131labilmesi i\u00e7in tasarlanm\u0131\u015f<br \/>\n\u201cotomatik ortalama\u201d \u00f6zelli\u011fi entegre paslanmaz \u00e7elik \u0131s\u0131tma teli k\u0131zartma sonunda ekmek dilimlerinin rahat\u00e7a al\u0131nmas\u0131n\u0131 sa\u011flayan \u201chi-lift\u201d \u00f6zelli\u011fi ekmek dilimi s\u0131k\u0131\u015ft\u0131\u011f\u0131nda devreye giren \u201cotomatik kapanma\u201d emniyeti \u00e7\u0131kart\u0131labilen k\u0131r\u0131nt\u0131 \u00e7ekmecesi<br \/>\nOtomatik kablo sarma: kolay saklama i\u00e7in otomatik kablo sarma<\/p>","protected":false},"excerpt":{"rendered":"<p>G\u00fc\u00e7: 860 W watt \u201cMirror Heating\u201d nar gibi k\u0131zarm\u0131\u015f ekmekler i\u00e7in \u00f6zel \u0131s\u0131tma fonksiyonu \u201cAuto Heat\u201d Kontrol\u00fc: Uzun s\u00fcreli ekmek k\u0131zartma i\u015fleminde elektronik sens\u00f6rl\u00fc k\u0131zartma fonksiyonu 2 dilim tost ekme\u011fi kapasiteli \u201ccool-touch\u201d el yakmayan d\u0131\u015f g\u00f6vde Tekrar \u0131s\u0131tma, haf\u0131za fonksiyonlar\u0131 i\u00e7in dijital g\u00f6sterge Buz \u00e7\u00f6zme \u00f6zelli\u011fi \u201ciptal\u201d tu\u015fu Ekme\u011fin her taraf\u0131n\u0131n e\u015fit k\u0131zart\u0131labilmesi i\u00e7in tasarlanm\u0131\u015f [&hellip;]<\/p>","protected":false},"featured_media":9200,"comment_status":"open","ping_status":"closed","template":"","meta":{"om_disable_all_campaigns":false,"_monsterinsights_skip_tracking":false,"_monsterinsights_sitenote_active":false,"_monsterinsights_sitenote_note":"","_monsterinsights_sitenote_category":0,"_joinchat":[]},"product_brand":[],"product_cat":[203],"product_tag":[],"class_list":{"0":"post-9197","1":"product","2":"type-product","3":"status-publish","4":"has-post-thumbnail","6":"product_cat-kucuk-ev-aletleri","7":"ts_product_brand-bosch","9":"first","10":"instock","11":"shipping-taxable","12":"product-type-simple","13":"add-to-wishlist-after_add_to_cart"},"aioseo_notices":[],"_links":{"self":[{"href":"https:\/\/cyprusbosch.com\/en\/wp-json\/wp\/v2\/product\/9197","targetHints":{"allow":["GET"]}}],"collection":[{"href":"https:\/\/cyprusbosch.com\/en\/wp-json\/wp\/v2\/product"}],"about":[{"href":"https:\/\/cyprusbosch.com\/en\/wp-json\/wp\/v2\/types\/product"}],"replies":[{"embeddable":true,"href":"https:\/\/cyprusbosch.com\/en\/wp-json\/wp\/v2\/comments?post=9197"}],"wp:featuredmedia":[{"embeddable":true,"href":"https:\/\/cyprusbosch.com\/en\/wp-json\/wp\/v2\/media\/9200"}],"wp:attachment":[{"href":"https:\/\/cyprusbosch.com\/en\/wp-json\/wp\/v2\/media?parent=9197"}],"wp:term":[{"taxonomy":"product_brand","embeddable":true,"href":"https:\/\/cyprusbosch.com\/en\/wp-json\/wp\/v2\/product_brand?post=9197"},{"taxonomy":"product_cat","embeddable":true,"href":"https:\/\/cyprusbosch.com\/en\/wp-json\/wp\/v2\/product_cat?post=9197"},{"taxonomy":"product_tag","embeddable":true,"href":"https:\/\/cyprusbosch.com\/en\/wp-json\/wp\/v2\/product_tag?post=9197"}],"curies":[{"name":"wp","href":"https:\/\/api.w.org\/{rel}","templated":true}]}}