{"id":9215,"date":"2025-03-15T14:56:32","date_gmt":"2025-03-15T14:56:32","guid":{"rendered":"https:\/\/cyprusbosch.com\/?post_type=product&#038;p=9215"},"modified":"2025-03-15T14:56:39","modified_gmt":"2025-03-15T14:56:39","slug":"filtre-kahve-makinesi-mymoment-siyah","status":"publish","type":"product","link":"https:\/\/cyprusbosch.com\/en\/product\/filtre-kahve-makinesi-mymoment-siyah\/","title":{"rendered":"Filtre Kahve Makinesi MyMoment Siyah"},"content":{"rendered":"<h2 class=\"css-n0qmze\">\u00d6ne \u00c7\u0131kan \u00d6zellikler<\/h2>\n<div class=\"css-58qymq\" data-testid=\"benefits-list\">\n<div><button class=\"bsh-link css-ybw152\" role=\"button\" data-testid=\"key-benefit-link\" aria-label=\"Aroma\"><span class=\"css-ep2o3w\">Aroma+:<\/span><\/button>\u00a0<span class=\"css-1qzpqn3\" data-testid=\"key-benefit-description-text\">Aroma+ \u00f6zelli\u011fi sayesinde tek dokunu\u015fla daha yo\u011fun kahve aromas\u0131 imkan\u0131<\/span><\/div>\n<div><button class=\"bsh-link css-ybw152\" role=\"button\" data-testid=\"key-benefit-link\" aria-label=\"karlabilir su haznesi\"><span class=\"css-ep2o3w\">\u00c7\u0131kar\u0131labilir su haznesi:<\/span><\/button>\u00a0<span class=\"css-1qzpqn3\" data-testid=\"key-benefit-description-text\">Kolay \u00e7\u0131kar\u0131labilen, \u00fcst k\u0131sm\u0131ndan kolayl\u0131kla doldurulabilen su haznesi<\/span><\/div>\n<div><button class=\"bsh-link css-ybw152\" role=\"button\" data-testid=\"key-benefit-link\" aria-label=\"Kolay kire temizleme\"><span class=\"css-ep2o3w\">Kolay kire\u00e7 temizleme:<\/span><\/button>\u00a0<span class=\"css-1qzpqn3\" data-testid=\"key-benefit-description-text\">S\u00fcrekli kahve keyfi i\u00e7in kolay kire\u00e7 temizleme.<\/span><\/div>\n<div><span class=\"bsh-link css-qrez0b\"><span class=\"css-ep2o3w\">Ayarlanabilir otomatik kapanma s\u00fcresi:<\/span><\/span>\u00a0<span class=\"css-1qzpqn3\" data-testid=\"key-benefit-description-text\">20-40 veya 60 dk&#8217;ya ayarlanabilen otomatik kapanma \u00f6zelli\u011fi<\/span><\/div>\n<div><button class=\"bsh-link css-ybw152\" role=\"button\" data-testid=\"key-benefit-link\" aria-label=\"Kullanl filtre haznesi\"><span class=\"css-ep2o3w\">Kullan\u0131\u015fl\u0131 filtre haznesi:<\/span><\/button>\u00a0<span class=\"css-1qzpqn3\" data-testid=\"key-benefit-description-text\">\u00d6ne do\u011fru kolayca a\u00e7\u0131labilen filtre haznesi sayesinde kolay kullan\u0131m<\/span><\/div>\n<\/div>","protected":false},"excerpt":{"rendered":"<p>\u00d6ne \u00c7\u0131kan \u00d6zellikler Aroma+:\u00a0Aroma+ \u00f6zelli\u011fi sayesinde tek dokunu\u015fla daha yo\u011fun kahve aromas\u0131 imkan\u0131 \u00c7\u0131kar\u0131labilir su haznesi:\u00a0Kolay \u00e7\u0131kar\u0131labilen, \u00fcst k\u0131sm\u0131ndan kolayl\u0131kla doldurulabilen su haznesi Kolay kire\u00e7 temizleme:\u00a0S\u00fcrekli kahve keyfi i\u00e7in kolay kire\u00e7 temizleme. Ayarlanabilir otomatik kapanma s\u00fcresi:\u00a020-40 veya 60 dk&#8217;ya ayarlanabilen otomatik kapanma \u00f6zelli\u011fi Kullan\u0131\u015fl\u0131 filtre haznesi:\u00a0\u00d6ne do\u011fru kolayca a\u00e7\u0131labilen filtre haznesi sayesinde kolay kullan\u0131m<\/p>","protected":false},"featured_media":9223,"comment_status":"open","ping_status":"closed","template":"","meta":{"om_disable_all_campaigns":false,"_monsterinsights_skip_tracking":false,"_monsterinsights_sitenote_active":false,"_monsterinsights_sitenote_note":"","_monsterinsights_sitenote_category":0,"_joinchat":[]},"product_brand":[],"product_cat":[203],"product_tag":[],"class_list":{"0":"post-9215","1":"product","2":"type-product","3":"status-publish","4":"has-post-thumbnail","6":"product_cat-kucuk-ev-aletleri","7":"ts_product_brand-bosch","9":"first","10":"instock","11":"shipping-taxable","12":"product-type-simple","13":"add-to-wishlist-after_add_to_cart"},"aioseo_notices":[],"_links":{"self":[{"href":"https:\/\/cyprusbosch.com\/en\/wp-json\/wp\/v2\/product\/9215","targetHints":{"allow":["GET"]}}],"collection":[{"href":"https:\/\/cyprusbosch.com\/en\/wp-json\/wp\/v2\/product"}],"about":[{"href":"https:\/\/cyprusbosch.com\/en\/wp-json\/wp\/v2\/types\/product"}],"replies":[{"embeddable":true,"href":"https:\/\/cyprusbosch.com\/en\/wp-json\/wp\/v2\/comments?post=9215"}],"wp:featuredmedia":[{"embeddable":true,"href":"https:\/\/cyprusbosch.com\/en\/wp-json\/wp\/v2\/media\/9223"}],"wp:attachment":[{"href":"https:\/\/cyprusbosch.com\/en\/wp-json\/wp\/v2\/media?parent=9215"}],"wp:term":[{"taxonomy":"product_brand","embeddable":true,"href":"https:\/\/cyprusbosch.com\/en\/wp-json\/wp\/v2\/product_brand?post=9215"},{"taxonomy":"product_cat","embeddable":true,"href":"https:\/\/cyprusbosch.com\/en\/wp-json\/wp\/v2\/product_cat?post=9215"},{"taxonomy":"product_tag","embeddable":true,"href":"https:\/\/cyprusbosch.com\/en\/wp-json\/wp\/v2\/product_tag?post=9215"}],"curies":[{"name":"wp","href":"https:\/\/api.w.org\/{rel}","templated":true}]}}