{"id":9224,"date":"2025-03-15T14:58:48","date_gmt":"2025-03-15T14:58:48","guid":{"rendered":"https:\/\/cyprusbosch.com\/?post_type=product&#038;p=9224"},"modified":"2025-03-15T14:58:48","modified_gmt":"2025-03-15T14:58:48","slug":"su-isiticisi-1-7-l-paslanmaz-celik","status":"publish","type":"product","link":"https:\/\/cyprusbosch.com\/en\/product\/su-isiticisi-1-7-l-paslanmaz-celik\/","title":{"rendered":"Su Is\u0131t\u0131c\u0131s\u0131 1.7 l Paslanmaz \u00e7elik"},"content":{"rendered":"<p>G\u00fc\u00e7: 1850-2200 Watt<br \/>\n\u00c7\u0131kart\u0131labilen kire\u00e7 filtresi<br \/>\n360\u00b0 d\u00f6nebilen alt taban<br \/>\nOtomatik olarak kapanma \u00f6zelli\u011fi: su kaynama noktas\u0131na ula\u015ft\u0131\u011f\u0131nda cihaz otomatik olarak kapan\u0131r<\/p>","protected":false},"excerpt":{"rendered":"<p>G\u00fc\u00e7: 1850-2200 Watt \u00c7\u0131kart\u0131labilen kire\u00e7 filtresi 360\u00b0 d\u00f6nebilen alt taban Otomatik olarak kapanma \u00f6zelli\u011fi: su kaynama noktas\u0131na ula\u015ft\u0131\u011f\u0131nda cihaz otomatik olarak kapan\u0131r<\/p>","protected":false},"featured_media":9229,"comment_status":"open","ping_status":"closed","template":"","meta":{"om_disable_all_campaigns":false,"_monsterinsights_skip_tracking":false,"_monsterinsights_sitenote_active":false,"_monsterinsights_sitenote_note":"","_monsterinsights_sitenote_category":0,"_joinchat":[]},"product_brand":[],"product_cat":[203],"product_tag":[],"class_list":{"0":"post-9224","1":"product","2":"type-product","3":"status-publish","4":"has-post-thumbnail","6":"product_cat-kucuk-ev-aletleri","7":"ts_product_brand-bosch","9":"first","10":"instock","11":"shipping-taxable","12":"product-type-simple","13":"add-to-wishlist-after_add_to_cart"},"aioseo_notices":[],"_links":{"self":[{"href":"https:\/\/cyprusbosch.com\/en\/wp-json\/wp\/v2\/product\/9224","targetHints":{"allow":["GET"]}}],"collection":[{"href":"https:\/\/cyprusbosch.com\/en\/wp-json\/wp\/v2\/product"}],"about":[{"href":"https:\/\/cyprusbosch.com\/en\/wp-json\/wp\/v2\/types\/product"}],"replies":[{"embeddable":true,"href":"https:\/\/cyprusbosch.com\/en\/wp-json\/wp\/v2\/comments?post=9224"}],"wp:featuredmedia":[{"embeddable":true,"href":"https:\/\/cyprusbosch.com\/en\/wp-json\/wp\/v2\/media\/9229"}],"wp:attachment":[{"href":"https:\/\/cyprusbosch.com\/en\/wp-json\/wp\/v2\/media?parent=9224"}],"wp:term":[{"taxonomy":"product_brand","embeddable":true,"href":"https:\/\/cyprusbosch.com\/en\/wp-json\/wp\/v2\/product_brand?post=9224"},{"taxonomy":"product_cat","embeddable":true,"href":"https:\/\/cyprusbosch.com\/en\/wp-json\/wp\/v2\/product_cat?post=9224"},{"taxonomy":"product_tag","embeddable":true,"href":"https:\/\/cyprusbosch.com\/en\/wp-json\/wp\/v2\/product_tag?post=9224"}],"curies":[{"name":"wp","href":"https:\/\/api.w.org\/{rel}","templated":true}]}}