{"id":9232,"date":"2025-03-15T15:00:47","date_gmt":"2025-03-15T15:00:47","guid":{"rendered":"https:\/\/cyprusbosch.com\/?post_type=product&#038;p=9232"},"modified":"2025-08-06T18:52:04","modified_gmt":"2025-08-06T18:52:04","slug":"bosch-su-isiticisi-designline-17-l-siyah","status":"publish","type":"product","link":"https:\/\/cyprusbosch.com\/en\/product\/bosch-su-isiticisi-designline-17-l-siyah\/","title":{"rendered":"Bosch Su Is\u0131t\u0131c\u0131s\u0131 DesignLine 1,7 l Siyah"},"content":{"rendered":"<p>Fincan g\u00f6stergesi: diledi\u011finiz fincan say\u0131s\u0131nda suyu \u0131s\u0131tman\u0131z i\u00e7in yard\u0131mc\u0131 olan fincan g\u00f6stergesi<br \/>\n\u00d6zel a\u011f\u0131z tasar\u0131m\u0131: suyu kolayl\u0131kla, d\u00f6kmeden ve s\u0131\u00e7ratmadan almaya olanak tan\u0131yan tasar\u0131m<br \/>\nErgonomik kullan\u0131m: tek tu\u015f ile a\u00e7\u0131labilen kapak<br \/>\nKolay okunabilir su seviye g\u00f6stergesi: diledi\u011finiz miktarda su \u0131s\u0131tabilmenize olanak tan\u0131yan okunabilir g\u00f6sterge<br \/>\n3\u2019l\u00fc g\u00fcvenlik sistemi: Otomatik kapanma, a\u015f\u0131r\u0131 \u0131s\u0131nma ve susuz \u00e7al\u0131\u015fma emniyeti, kald\u0131r\u0131ld\u0131\u011f\u0131nda otomatik kapanma<br \/>\n\u00c7\u0131kar\u0131labilir paslanmaz \u00e7elik kire\u00e7 filtresi<br \/>\nPaslanmaz \u00e7elik gizli rezistans<br \/>\nGeni\u015f bir \u015fekilde tasarlanm\u0131\u015f a\u011f\u0131z k\u0131sm\u0131 sayesinde kolayca doldurma imkan\u0131<br \/>\nkaymay\u0131 \u00f6nleyen malzemeden yap\u0131lm\u0131\u015f alt taban<br \/>\nI\u015f\u0131kl\u0131 a\u00e7ma-kapama d\u00fc\u011fmesi<\/p>","protected":false},"excerpt":{"rendered":"<p>Fincan g\u00f6stergesi: diledi\u011finiz fincan say\u0131s\u0131nda suyu \u0131s\u0131tman\u0131z i\u00e7in yard\u0131mc\u0131 olan fincan g\u00f6stergesi \u00d6zel a\u011f\u0131z tasar\u0131m\u0131: suyu kolayl\u0131kla, d\u00f6kmeden ve s\u0131\u00e7ratmadan almaya olanak tan\u0131yan tasar\u0131m Ergonomik kullan\u0131m: tek tu\u015f ile a\u00e7\u0131labilen kapak Kolay okunabilir su seviye g\u00f6stergesi: diledi\u011finiz miktarda su \u0131s\u0131tabilmenize olanak tan\u0131yan okunabilir g\u00f6sterge 3\u2019l\u00fc g\u00fcvenlik sistemi: Otomatik kapanma, a\u015f\u0131r\u0131 \u0131s\u0131nma ve susuz \u00e7al\u0131\u015fma emniyeti, [&hellip;]<\/p>","protected":false},"featured_media":10051,"comment_status":"open","ping_status":"closed","template":"","meta":{"om_disable_all_campaigns":false,"_monsterinsights_skip_tracking":false,"_monsterinsights_sitenote_active":false,"_monsterinsights_sitenote_note":"","_monsterinsights_sitenote_category":0,"_joinchat":[]},"product_brand":[],"product_cat":[203],"product_tag":[],"class_list":{"0":"post-9232","1":"product","2":"type-product","3":"status-publish","4":"has-post-thumbnail","6":"product_cat-kucuk-ev-aletleri","7":"ts_product_brand-bosch","9":"first","10":"instock","11":"shipping-taxable","12":"product-type-simple","13":"add-to-wishlist-after_add_to_cart"},"aioseo_notices":[],"_links":{"self":[{"href":"https:\/\/cyprusbosch.com\/en\/wp-json\/wp\/v2\/product\/9232","targetHints":{"allow":["GET"]}}],"collection":[{"href":"https:\/\/cyprusbosch.com\/en\/wp-json\/wp\/v2\/product"}],"about":[{"href":"https:\/\/cyprusbosch.com\/en\/wp-json\/wp\/v2\/types\/product"}],"replies":[{"embeddable":true,"href":"https:\/\/cyprusbosch.com\/en\/wp-json\/wp\/v2\/comments?post=9232"}],"wp:featuredmedia":[{"embeddable":true,"href":"https:\/\/cyprusbosch.com\/en\/wp-json\/wp\/v2\/media\/10051"}],"wp:attachment":[{"href":"https:\/\/cyprusbosch.com\/en\/wp-json\/wp\/v2\/media?parent=9232"}],"wp:term":[{"taxonomy":"product_brand","embeddable":true,"href":"https:\/\/cyprusbosch.com\/en\/wp-json\/wp\/v2\/product_brand?post=9232"},{"taxonomy":"product_cat","embeddable":true,"href":"https:\/\/cyprusbosch.com\/en\/wp-json\/wp\/v2\/product_cat?post=9232"},{"taxonomy":"product_tag","embeddable":true,"href":"https:\/\/cyprusbosch.com\/en\/wp-json\/wp\/v2\/product_tag?post=9232"}],"curies":[{"name":"wp","href":"https:\/\/api.w.org\/{rel}","templated":true}]}}