{"id":9246,"date":"2025-03-15T15:04:31","date_gmt":"2025-03-15T15:04:31","guid":{"rendered":"https:\/\/cyprusbosch.com\/?post_type=product&#038;p=9246"},"modified":"2025-03-15T15:04:31","modified_gmt":"2025-03-15T15:04:31","slug":"su-isiticisi-styline-1-7-l-siyah-cam","status":"publish","type":"product","link":"https:\/\/cyprusbosch.com\/en\/product\/su-isiticisi-styline-1-7-l-siyah-cam\/","title":{"rendered":"Su Is\u0131t\u0131c\u0131s\u0131 Styline 1.7 l Siyah Cam"},"content":{"rendered":"<p>1.7 Lt kapasiteli<br \/>\nG\u00fc\u00e7: 2000-2400 Watt<br \/>\nD\u0131\u015far\u0131dan g\u00f6r\u00fclebilen su seviye g\u00f6stergesi<br \/>\n360\u00b0 d\u00f6nebilen alt taban<br \/>\nPaslanmaz \u00e7elik gizli rezistans<br \/>\n\u00c7\u0131kar\u0131labilir paslanmaz \u00e7elik kire\u00e7 filtresi<br \/>\nEmniyet kilit kapa\u011f\u0131<br \/>\nI\u015f\u0131kl\u0131 a\u00e7ma-kapama d\u00fc\u011fmesi<br \/>\nOtomatik olarak kapanma \u00f6zelli\u011fi \u2013 su kaynama noktas\u0131na ula\u015ft\u0131\u011f\u0131nda cihaz otomatik olarak kapan\u0131r<br \/>\nSusuz \u00e7al\u0131\u015fma ve a\u015f\u0131r\u0131 \u0131s\u0131nmaya kar\u015f\u0131 koruma<br \/>\nKald\u0131r\u0131nca kapanma \u00f6zelli\u011fi: kettle yerinden kald\u0131r\u0131l\u0131nca emniyet i\u00e7in otomatik olarak kapan\u0131r<br \/>\nGeni\u015f su doldurma a\u011fz\u0131 sayesinde kolay temizlik<br \/>\nkaymay\u0131 \u00f6nleyen malzemeden yap\u0131lm\u0131\u015f alt taban<br \/>\nKablo dolama yeri<\/p>","protected":false},"excerpt":{"rendered":"<p>1.7 Lt kapasiteli G\u00fc\u00e7: 2000-2400 Watt D\u0131\u015far\u0131dan g\u00f6r\u00fclebilen su seviye g\u00f6stergesi 360\u00b0 d\u00f6nebilen alt taban Paslanmaz \u00e7elik gizli rezistans \u00c7\u0131kar\u0131labilir paslanmaz \u00e7elik kire\u00e7 filtresi Emniyet kilit kapa\u011f\u0131 I\u015f\u0131kl\u0131 a\u00e7ma-kapama d\u00fc\u011fmesi Otomatik olarak kapanma \u00f6zelli\u011fi \u2013 su kaynama noktas\u0131na ula\u015ft\u0131\u011f\u0131nda cihaz otomatik olarak kapan\u0131r Susuz \u00e7al\u0131\u015fma ve a\u015f\u0131r\u0131 \u0131s\u0131nmaya kar\u015f\u0131 koruma Kald\u0131r\u0131nca kapanma \u00f6zelli\u011fi: kettle yerinden [&hellip;]<\/p>","protected":false},"featured_media":9249,"comment_status":"open","ping_status":"closed","template":"","meta":{"om_disable_all_campaigns":false,"_monsterinsights_skip_tracking":false,"_monsterinsights_sitenote_active":false,"_monsterinsights_sitenote_note":"","_monsterinsights_sitenote_category":0,"_joinchat":[]},"product_brand":[],"product_cat":[203],"product_tag":[],"class_list":{"0":"post-9246","1":"product","2":"type-product","3":"status-publish","4":"has-post-thumbnail","6":"product_cat-kucuk-ev-aletleri","7":"ts_product_brand-bosch","9":"first","10":"instock","11":"shipping-taxable","12":"product-type-simple","13":"add-to-wishlist-after_add_to_cart"},"aioseo_notices":[],"_links":{"self":[{"href":"https:\/\/cyprusbosch.com\/en\/wp-json\/wp\/v2\/product\/9246","targetHints":{"allow":["GET"]}}],"collection":[{"href":"https:\/\/cyprusbosch.com\/en\/wp-json\/wp\/v2\/product"}],"about":[{"href":"https:\/\/cyprusbosch.com\/en\/wp-json\/wp\/v2\/types\/product"}],"replies":[{"embeddable":true,"href":"https:\/\/cyprusbosch.com\/en\/wp-json\/wp\/v2\/comments?post=9246"}],"wp:featuredmedia":[{"embeddable":true,"href":"https:\/\/cyprusbosch.com\/en\/wp-json\/wp\/v2\/media\/9249"}],"wp:attachment":[{"href":"https:\/\/cyprusbosch.com\/en\/wp-json\/wp\/v2\/media?parent=9246"}],"wp:term":[{"taxonomy":"product_brand","embeddable":true,"href":"https:\/\/cyprusbosch.com\/en\/wp-json\/wp\/v2\/product_brand?post=9246"},{"taxonomy":"product_cat","embeddable":true,"href":"https:\/\/cyprusbosch.com\/en\/wp-json\/wp\/v2\/product_cat?post=9246"},{"taxonomy":"product_tag","embeddable":true,"href":"https:\/\/cyprusbosch.com\/en\/wp-json\/wp\/v2\/product_tag?post=9246"}],"curies":[{"name":"wp","href":"https:\/\/api.w.org\/{rel}","templated":true}]}}