{"id":9253,"date":"2025-03-15T15:06:44","date_gmt":"2025-03-15T15:06:44","guid":{"rendered":"https:\/\/cyprusbosch.com\/?post_type=product&#038;p=9253"},"modified":"2025-03-15T15:06:44","modified_gmt":"2025-03-15T15:06:44","slug":"su-isiticisi-styline-1-5-l-beyaz","status":"publish","type":"product","link":"https:\/\/cyprusbosch.com\/en\/product\/su-isiticisi-styline-1-5-l-beyaz\/","title":{"rendered":"Su Is\u0131t\u0131c\u0131s\u0131 Styline 1.5 l Beyaz"},"content":{"rendered":"<p>G\u00fc\u00e7: 2000-2400 Watt<br \/>\nIs\u0131 kontrolu: Is\u0131tlan suyu 70\u00b0C, 80\u00b0C, 90\u00b0C, 100\u00b0C ye kadar ayarlama imkan\u0131 S\u0131cak tutma fonksiyonu 360\u00b0 d\u00f6nebilen alt taban<br \/>\nPaslanmaz \u00e7elik gizli rezistans<br \/>\n\u00c7\u0131kar\u0131labilir paslanmaz \u00e7elik kire\u00e7 filtresi<br \/>\nSa\u011f ve sol el kullan\u0131m\u0131na uygun geni\u015f su seviyesi g\u00f6stergesi<br \/>\nEmniyet kilit kapa\u011f\u0131<br \/>\nSusuz \u00e7al\u0131\u015fma ve a\u015f\u0131r\u0131 \u0131s\u0131nmaya kar\u015f\u0131 koruma Kablo dolama yeri<\/p>","protected":false},"excerpt":{"rendered":"<p>G\u00fc\u00e7: 2000-2400 Watt Is\u0131 kontrolu: Is\u0131tlan suyu 70\u00b0C, 80\u00b0C, 90\u00b0C, 100\u00b0C ye kadar ayarlama imkan\u0131 S\u0131cak tutma fonksiyonu 360\u00b0 d\u00f6nebilen alt taban Paslanmaz \u00e7elik gizli rezistans \u00c7\u0131kar\u0131labilir paslanmaz \u00e7elik kire\u00e7 filtresi Sa\u011f ve sol el kullan\u0131m\u0131na uygun geni\u015f su seviyesi g\u00f6stergesi Emniyet kilit kapa\u011f\u0131 Susuz \u00e7al\u0131\u015fma ve a\u015f\u0131r\u0131 \u0131s\u0131nmaya kar\u015f\u0131 koruma Kablo dolama yeri<\/p>","protected":false},"featured_media":9254,"comment_status":"open","ping_status":"closed","template":"","meta":{"om_disable_all_campaigns":false,"_monsterinsights_skip_tracking":false,"_monsterinsights_sitenote_active":false,"_monsterinsights_sitenote_note":"","_monsterinsights_sitenote_category":0,"_joinchat":[]},"product_brand":[],"product_cat":[203],"product_tag":[],"class_list":{"0":"post-9253","1":"product","2":"type-product","3":"status-publish","4":"has-post-thumbnail","6":"product_cat-kucuk-ev-aletleri","7":"ts_product_brand-bosch","9":"first","10":"instock","11":"shipping-taxable","12":"product-type-simple","13":"add-to-wishlist-after_add_to_cart"},"aioseo_notices":[],"_links":{"self":[{"href":"https:\/\/cyprusbosch.com\/en\/wp-json\/wp\/v2\/product\/9253","targetHints":{"allow":["GET"]}}],"collection":[{"href":"https:\/\/cyprusbosch.com\/en\/wp-json\/wp\/v2\/product"}],"about":[{"href":"https:\/\/cyprusbosch.com\/en\/wp-json\/wp\/v2\/types\/product"}],"replies":[{"embeddable":true,"href":"https:\/\/cyprusbosch.com\/en\/wp-json\/wp\/v2\/comments?post=9253"}],"wp:featuredmedia":[{"embeddable":true,"href":"https:\/\/cyprusbosch.com\/en\/wp-json\/wp\/v2\/media\/9254"}],"wp:attachment":[{"href":"https:\/\/cyprusbosch.com\/en\/wp-json\/wp\/v2\/media?parent=9253"}],"wp:term":[{"taxonomy":"product_brand","embeddable":true,"href":"https:\/\/cyprusbosch.com\/en\/wp-json\/wp\/v2\/product_brand?post=9253"},{"taxonomy":"product_cat","embeddable":true,"href":"https:\/\/cyprusbosch.com\/en\/wp-json\/wp\/v2\/product_cat?post=9253"},{"taxonomy":"product_tag","embeddable":true,"href":"https:\/\/cyprusbosch.com\/en\/wp-json\/wp\/v2\/product_tag?post=9253"}],"curies":[{"name":"wp","href":"https:\/\/api.w.org\/{rel}","templated":true}]}}