{"id":9272,"date":"2025-03-15T15:11:36","date_gmt":"2025-03-15T15:11:36","guid":{"rendered":"https:\/\/cyprusbosch.com\/?post_type=product&#038;p=9272"},"modified":"2025-06-28T07:50:44","modified_gmt":"2025-06-28T07:50:44","slug":"cay-makinesi-silver","status":"publish","type":"product","link":"https:\/\/cyprusbosch.com\/en\/product\/cay-makinesi-silver\/","title":{"rendered":"\u00c7ay Makinesi Silver"},"content":{"rendered":"<p>\u00dcr\u00fcn bilgileri G\u00fc\u00e7: 1500-1800 watt (maksimum)<br \/>\n\u00c7ay kapasitesi: 0.8 Lt<br \/>\nSu kapasitesi: 1,7 Lt<br \/>\nSu seviye: g\u00f6stergeli<\/p>\n<p>\u015eeffaf su \u0131s\u0131t\u0131c\u0131s\u0131 tek elle kolayca a\u00e7\u0131labilen, kapakl\u0131, cam s\u00fcrahi \u00c7elik s\u00fczge\u00e7 \u00e7al\u0131\u015ft\u0131\u011f\u0131n\u0131 g\u00f6steren \u0131\u015f\u0131kl\u0131 halojen halka<br \/>\n\u00c7ay\u0131 demledikten sonra s\u0131cak kalmas\u0131n\u0131 sa\u011flamak i\u00e7in demlik kettle \u00fczerine konulabilir<br \/>\nKaynama konumundan s\u0131cak tutma konumuna otomatik olarak ge\u00e7ebilme \u00f6zelli\u011fi<br \/>\nTaban \u00fczerinde 360\u00b0 hareket edebilme \u00f6zelli\u011fi ile sa\u011f ve sol el kullan\u0131m\u0131na uygun<br \/>\nTutma yerinde \u0131s\u0131 ayar se\u00e7ene\u011fi- kaynatma ve s\u0131cak tutma konumlar\u0131 A\u00e7ma\/kapama d\u00fc\u011fmesi<\/p>","protected":false},"excerpt":{"rendered":"<p>\u00dcr\u00fcn bilgileri G\u00fc\u00e7: 1500-1800 watt (maksimum) \u00c7ay kapasitesi: 0.8 Lt Su kapasitesi: 1,7 Lt Su seviye: g\u00f6stergeli \u015eeffaf su \u0131s\u0131t\u0131c\u0131s\u0131 tek elle kolayca a\u00e7\u0131labilen, kapakl\u0131, cam s\u00fcrahi \u00c7elik s\u00fczge\u00e7 \u00e7al\u0131\u015ft\u0131\u011f\u0131n\u0131 g\u00f6steren \u0131\u015f\u0131kl\u0131 halojen halka \u00c7ay\u0131 demledikten sonra s\u0131cak kalmas\u0131n\u0131 sa\u011flamak i\u00e7in demlik kettle \u00fczerine konulabilir Kaynama konumundan s\u0131cak tutma konumuna otomatik olarak ge\u00e7ebilme \u00f6zelli\u011fi Taban [&hellip;]<\/p>","protected":false},"featured_media":9976,"comment_status":"open","ping_status":"closed","template":"","meta":{"om_disable_all_campaigns":false,"_monsterinsights_skip_tracking":false,"_monsterinsights_sitenote_active":false,"_monsterinsights_sitenote_note":"","_monsterinsights_sitenote_category":0,"_joinchat":[]},"product_brand":[],"product_cat":[203],"product_tag":[],"class_list":{"0":"post-9272","1":"product","2":"type-product","3":"status-publish","4":"has-post-thumbnail","6":"product_cat-kucuk-ev-aletleri","7":"ts_product_brand-bosch","9":"first","10":"instock","11":"shipping-taxable","12":"product-type-simple","13":"add-to-wishlist-after_add_to_cart"},"aioseo_notices":[],"_links":{"self":[{"href":"https:\/\/cyprusbosch.com\/en\/wp-json\/wp\/v2\/product\/9272","targetHints":{"allow":["GET"]}}],"collection":[{"href":"https:\/\/cyprusbosch.com\/en\/wp-json\/wp\/v2\/product"}],"about":[{"href":"https:\/\/cyprusbosch.com\/en\/wp-json\/wp\/v2\/types\/product"}],"replies":[{"embeddable":true,"href":"https:\/\/cyprusbosch.com\/en\/wp-json\/wp\/v2\/comments?post=9272"}],"wp:featuredmedia":[{"embeddable":true,"href":"https:\/\/cyprusbosch.com\/en\/wp-json\/wp\/v2\/media\/9976"}],"wp:attachment":[{"href":"https:\/\/cyprusbosch.com\/en\/wp-json\/wp\/v2\/media?parent=9272"}],"wp:term":[{"taxonomy":"product_brand","embeddable":true,"href":"https:\/\/cyprusbosch.com\/en\/wp-json\/wp\/v2\/product_brand?post=9272"},{"taxonomy":"product_cat","embeddable":true,"href":"https:\/\/cyprusbosch.com\/en\/wp-json\/wp\/v2\/product_cat?post=9272"},{"taxonomy":"product_tag","embeddable":true,"href":"https:\/\/cyprusbosch.com\/en\/wp-json\/wp\/v2\/product_tag?post=9272"}],"curies":[{"name":"wp","href":"https:\/\/api.w.org\/{rel}","templated":true}]}}