{"id":9302,"date":"2025-03-16T09:52:26","date_gmt":"2025-03-16T09:52:26","guid":{"rendered":"https:\/\/cyprusbosch.com\/?post_type=product&#038;p=9302"},"modified":"2025-03-16T09:52:26","modified_gmt":"2025-03-16T09:52:26","slug":"serie-4-ada-davlumbaz-90-cm-paslanmaz-celik","status":"publish","type":"product","link":"https:\/\/cyprusbosch.com\/en\/product\/serie-4-ada-davlumbaz-90-cm-paslanmaz-celik\/","title":{"rendered":"Serie | 4 Ada Davlumbaz 90 cm Paslanmaz \u00c7elik"},"content":{"rendered":"<p>Tasar\u0131m: Ada baca ba\u015fl\u0131\u011f\u0131<br \/>\nCihaz rengi: f\u0131r\u00e7alanm\u0131\u015f \u00e7elik<br \/>\nTavana monte ba\u015fl\u0131k<br \/>\nEnerji Verimlili\u011fi S\u0131n\u0131f\u0131: B<br \/>\nOrtalama Enerji T\u00fcketimi: 73,6 kWh \/ y\u0131l<br \/>\n\u00dcfleyici Verimlilik S\u0131n\u0131f\u0131: B<br \/>\nAyd\u0131nlatma Verimlili\u011fi S\u0131n\u0131f\u0131: A<br \/>\nGres Filtreleme Verimlili\u011fi S\u0131n\u0131f\u0131: B<br \/>\nG\u00fcr\u00fclt\u00fc min.\/maks.<br \/>\nNormal Seviye: 45\/57 dB<br \/>\nAspirat\u00f6r h\u0131zlar\u0131 ve \u0131\u015f\u0131k i\u00e7in TouchControl<br \/>\nElektronik kontroller<br \/>\nElektronik g\u00f6stergeli TouchControl 3 h\u0131z ve TouchControl ile yo\u011fun ayar<br \/>\nElektronik g\u00f6stergeli TouchControl \u00fczerinden elektronik kontroller<br \/>\nElektronik g\u00f6stergeli TouchControl (3 h\u0131z art\u0131 yo\u011fun ayar) kolay temizlenir<br \/>\nMetal ya\u011f filtresi, bula\u015f\u0131k makinesinde y\u0131kanabilir<br \/>\n\u00c7al\u0131\u015fma ve g\u00fc\u00e7: 3 h\u0131z ve yo\u011fun ayar<br \/>\nOtomatik geri alma ayar\u0131, 6 dakika<br \/>\nMaks. ekstraksiyon oran\u0131: 754 m3 \/ h<br \/>\nG\u00fc\u00e7 seviyesi: 256 W<br \/>\n\u00c7ift kanall\u0131 y\u00fcksek performansl\u0131 fan motoru<br \/>\nEnerji tasarruflu kondansat\u00f6r I\u015f\u0131k<br \/>\nYo\u011funlu\u011fu: 409 lux<br \/>\n\u00c7ap borusu 150 mm (120 mm kapal\u0131)<br \/>\nAt\u0131k hava boyutlar\u0131 (YxGxD): 744-924 x 898 x 600 mm<br \/>\nDevridaim yapan boyutlar (YxGxD): 744-1044 x 898 x 600 mm<br \/>\nKanall\u0131 veya yeniden sirk\u00fclasyonlu ekstraksiyon i\u00e7in uygundur<br \/>\nTeknik Bilgiler: 4 x 1,5W<br \/>\nLED Renk s\u0131cakl\u0131\u011f\u0131: 3500 K tek y\u00f6nl\u00fc kapakl\u0131<br \/>\nSirk\u00fclasyonlu ekstraksiyon sirk\u00fclasyon kiti veya CleanAir sirk\u00fclasyon kiti (aksesuar) gerekir<br \/>\nCleanAir mod\u00fcl\u00fc (YxGxD) ile devridaim eden boyutlar: 812-1044 x 898 x 600 mm<br \/>\nMaks. normal kullan\u0131m: 339 m\u00b3 \/ s Yo\u011fun: 423 m\u00b3 \/ s<br \/>\nEk ses yal\u0131t\u0131m\u0131 EN 60704-3 ve EN 60704-2-13 uyar\u0131nca<br \/>\nmaks. normal kullan\u0131m egzoz havas\u0131: 57 dB (A) re 1 pW (44 dB (A) re 20 \u00b5Pa ses bas\u0131nc\u0131)<br \/>\nEN 60704-3 ve EN 60704-2-13 egzoz havas\u0131na g\u00f6re g\u00fcr\u00fclt\u00fc seviyesi:<br \/>\nMaks. normal kullan\u0131m: 57 dB (A) re 1 pW (44 dB (A) re 20 \u00b5Pa ses bas\u0131nc\u0131)<br \/>\nYo\u011fun: 68 dB (A) re 1 pW (55 dB (A) re 20 \u00b5Pa ses bas\u0131nc\u0131)<br \/>\nDevridaim modunda g\u00fcr\u00fclt\u00fc seviyeleri:<br \/>\nMaks. normal kullan\u0131m: 72 dB (A) re 1 pW (59 dB (A) re 20 \u00b5Pa ses bas\u0131nc\u0131)<br \/>\nYo\u011fun: 76 dB (A) re 1 pW (63 dB (A) re 20 \u00b5Pa ses bas\u0131nc\u0131)<br \/>\nElektrik kablosu uzunlu\u011fu 1.3 m Gerilim: 220-240 V<\/p>","protected":false},"excerpt":{"rendered":"<p>Tasar\u0131m: Ada baca ba\u015fl\u0131\u011f\u0131 Cihaz rengi: f\u0131r\u00e7alanm\u0131\u015f \u00e7elik Tavana monte ba\u015fl\u0131k Enerji Verimlili\u011fi S\u0131n\u0131f\u0131: B Ortalama Enerji T\u00fcketimi: 73,6 kWh \/ y\u0131l \u00dcfleyici Verimlilik S\u0131n\u0131f\u0131: B Ayd\u0131nlatma Verimlili\u011fi S\u0131n\u0131f\u0131: A Gres Filtreleme Verimlili\u011fi S\u0131n\u0131f\u0131: B G\u00fcr\u00fclt\u00fc min.\/maks. Normal Seviye: 45\/57 dB Aspirat\u00f6r h\u0131zlar\u0131 ve \u0131\u015f\u0131k i\u00e7in TouchControl Elektronik kontroller Elektronik g\u00f6stergeli TouchControl 3 h\u0131z ve [&hellip;]<\/p>","protected":false},"featured_media":9449,"comment_status":"open","ping_status":"closed","template":"","meta":{"om_disable_all_campaigns":false,"_monsterinsights_skip_tracking":false,"_monsterinsights_sitenote_active":false,"_monsterinsights_sitenote_note":"","_monsterinsights_sitenote_category":0,"_joinchat":[]},"product_brand":[],"product_cat":[208,207],"product_tag":[],"class_list":{"0":"post-9302","1":"product","2":"type-product","3":"status-publish","4":"has-post-thumbnail","6":"product_cat-ada-tipi-davlumbazlar","7":"product_cat-davlumbazlar","8":"ts_product_brand-bosch","10":"first","11":"instock","12":"shipping-taxable","13":"product-type-simple","14":"add-to-wishlist-after_add_to_cart"},"aioseo_notices":[],"_links":{"self":[{"href":"https:\/\/cyprusbosch.com\/en\/wp-json\/wp\/v2\/product\/9302","targetHints":{"allow":["GET"]}}],"collection":[{"href":"https:\/\/cyprusbosch.com\/en\/wp-json\/wp\/v2\/product"}],"about":[{"href":"https:\/\/cyprusbosch.com\/en\/wp-json\/wp\/v2\/types\/product"}],"replies":[{"embeddable":true,"href":"https:\/\/cyprusbosch.com\/en\/wp-json\/wp\/v2\/comments?post=9302"}],"wp:featuredmedia":[{"embeddable":true,"href":"https:\/\/cyprusbosch.com\/en\/wp-json\/wp\/v2\/media\/9449"}],"wp:attachment":[{"href":"https:\/\/cyprusbosch.com\/en\/wp-json\/wp\/v2\/media?parent=9302"}],"wp:term":[{"taxonomy":"product_brand","embeddable":true,"href":"https:\/\/cyprusbosch.com\/en\/wp-json\/wp\/v2\/product_brand?post=9302"},{"taxonomy":"product_cat","embeddable":true,"href":"https:\/\/cyprusbosch.com\/en\/wp-json\/wp\/v2\/product_cat?post=9302"},{"taxonomy":"product_tag","embeddable":true,"href":"https:\/\/cyprusbosch.com\/en\/wp-json\/wp\/v2\/product_tag?post=9302"}],"curies":[{"name":"wp","href":"https:\/\/api.w.org\/{rel}","templated":true}]}}