{"id":9314,"date":"2025-03-15T16:52:27","date_gmt":"2025-03-15T16:52:27","guid":{"rendered":"https:\/\/cyprusbosch.com\/?post_type=product&#038;p=9314"},"modified":"2025-03-15T16:52:27","modified_gmt":"2025-03-15T16:52:27","slug":"serie-6-alttan-donduruculu-ankastre-buzdolabi-193-5-x-70-8-cm-softclosing-duz-mentese","status":"publish","type":"product","link":"https:\/\/cyprusbosch.com\/en\/product\/serie-6-alttan-donduruculu-ankastre-buzdolabi-193-5-x-70-8-cm-softclosing-duz-mentese\/","title":{"rendered":"Serie 6 |  Alttan Donduruculu Ankastre Buzdolab\u0131 193.5 x 70.8 cm softClosing D\u00fcz Mente\u015fe"},"content":{"rendered":"<div class=\"css-dbs51r\">\n<div class=\"css-1g0qli5\" data-testid=\"item-0\"><span class=\"css-wi2ych\" data-testid=\"feature-list-headline\">Kap\u0131 y\u00f6n\u00fc<\/span><\/p>\n<div class=\"css-1ibyzkn\" data-testid=\"feature-list-content\">Sa\u011f, de\u011fi\u015ftirilebilir<\/div>\n<\/div>\n<\/div>\n<div class=\"css-dbs51r\">\n<div class=\"css-1g0qli5\" data-testid=\"item-1\"><span class=\"css-wi2ych\" data-testid=\"feature-list-headline\">Kullanma \u015fekli<\/span><\/p>\n<div class=\"css-1ibyzkn\" data-testid=\"feature-list-content\">Ekonomi modu \/ Tatil modu, S\u00fcper dondurma fonksiyonu, S\u00fcper so\u011futma fonksiyonu, Dondurucu uyar\u0131 fonksiyonu, Uyar\u0131 sinyali ar\u0131zas\u0131, Kap\u0131 a\u00e7\u0131k kald\u0131\u011f\u0131nda uyar\u0131 sinyali<\/div>\n<\/div>\n<\/div>\n<div class=\"css-dbs51r\">\n<div class=\"css-1g0qli5\" data-testid=\"item-2\"><span class=\"css-wi2ych\" data-testid=\"feature-list-headline\">Enerji verimlilik s\u0131n\u0131f\u0131<sup class=\"bsh-link css-rtarfz\" tabindex=\"0\" data-testid=\"link-to-footnotes\"><span class=\"css-1qiaq1w\"><span aria-hidden=\"true\">2<\/span><span class=\"css-kpdfa8\">Dipnot 2: Enerji Verimlilik S\u0131n\u0131f\u0131 \u00d6l\u00e7e\u011fi (A&#8217;dan G&#8217;ye)<\/span><\/span><\/sup><\/span><\/p>\n<div class=\"css-1ibyzkn\" data-testid=\"feature-list-content\">D<\/div>\n<\/div>\n<\/div>\n<div class=\"css-dbs51r\">\n<div class=\"css-1g0qli5\" data-testid=\"item-3\"><span class=\"css-wi2ych\" data-testid=\"feature-list-headline\">Y\u0131ll\u0131k ortalama enerji t\u00fcketimi<sup class=\"bsh-link css-rtarfz\" tabindex=\"0\" data-testid=\"link-to-footnotes\"><span class=\"css-1qiaq1w\"><span aria-hidden=\"true\">3<\/span><span class=\"css-kpdfa8\">Dipnot 3: Ger\u00e7ek t\u00fcketim, cihaz\u0131n kullan\u0131m\u0131na ve konumuna ba\u011fl\u0131 de\u011fi\u015febilir. Standart 24 saatlik kullan\u0131ma g\u00f6re hesaplanm\u0131\u015ft\u0131r.<\/span><\/span><\/sup><\/span><\/p>\n<div class=\"css-1ibyzkn\" data-testid=\"feature-list-content\">204 kWh\/y\u0131l<\/div>\n<\/div>\n<\/div>\n<div class=\"css-dbs51r\">\n<div class=\"css-1g0qli5\" data-testid=\"item-4\"><span class=\"css-wi2ych\" data-testid=\"feature-list-headline\">So\u011futucu b\u00f6l\u00fcm\u00fc kapasitesi<\/span><\/p>\n<div class=\"css-1ibyzkn\" data-testid=\"feature-list-content\">284 litre<\/div>\n<\/div>\n<\/div>\n<div class=\"css-dbs51r\">\n<div class=\"css-1g0qli5\" data-testid=\"item-5\"><span class=\"css-wi2ych\" data-testid=\"feature-list-headline\">Derin dondurucu b\u00f6l\u00fcm\u00fc kapasitesi<\/span><\/p>\n<div class=\"css-1ibyzkn\" data-testid=\"feature-list-content\">98 litre<\/div>\n<\/div>\n<\/div>\n<div class=\"css-1ihztx7\">\n<div class=\"css-1g0qli5\" data-testid=\"item-6\"><span class=\"css-wi2ych\" data-testid=\"feature-list-headline\">Ses seviyesi<\/span><\/p>\n<div class=\"css-1ibyzkn\" data-testid=\"feature-list-content\">33 dB(A) re 1pW<\/div>\n<\/div>\n<\/div>","protected":false},"excerpt":{"rendered":"<p>Kap\u0131 y\u00f6n\u00fc Sa\u011f, de\u011fi\u015ftirilebilir Kullanma \u015fekli Ekonomi modu \/ Tatil modu, S\u00fcper dondurma fonksiyonu, S\u00fcper so\u011futma fonksiyonu, Dondurucu uyar\u0131 fonksiyonu, Uyar\u0131 sinyali ar\u0131zas\u0131, Kap\u0131 a\u00e7\u0131k kald\u0131\u011f\u0131nda uyar\u0131 sinyali Enerji verimlilik s\u0131n\u0131f\u01312Dipnot 2: Enerji Verimlilik S\u0131n\u0131f\u0131 \u00d6l\u00e7e\u011fi (A&#8217;dan G&#8217;ye) D Y\u0131ll\u0131k ortalama enerji t\u00fcketimi3Dipnot 3: Ger\u00e7ek t\u00fcketim, cihaz\u0131n kullan\u0131m\u0131na ve konumuna ba\u011fl\u0131 de\u011fi\u015febilir. Standart 24 saatlik [&hellip;]<\/p>","protected":false},"featured_media":9324,"comment_status":"open","ping_status":"closed","template":"","meta":{"om_disable_all_campaigns":false,"_monsterinsights_skip_tracking":false,"_monsterinsights_sitenote_active":false,"_monsterinsights_sitenote_note":"","_monsterinsights_sitenote_category":0,"_joinchat":[]},"product_brand":[],"product_cat":[184,183],"product_tag":[],"class_list":{"0":"post-9314","1":"product","2":"type-product","3":"status-publish","4":"has-post-thumbnail","6":"product_cat-ankastre-buzdolabi","7":"product_cat-buzdolabi","8":"ts_product_brand-bosch","10":"first","11":"instock","12":"shipping-taxable","13":"product-type-simple","14":"add-to-wishlist-after_add_to_cart"},"aioseo_notices":[],"_links":{"self":[{"href":"https:\/\/cyprusbosch.com\/en\/wp-json\/wp\/v2\/product\/9314","targetHints":{"allow":["GET"]}}],"collection":[{"href":"https:\/\/cyprusbosch.com\/en\/wp-json\/wp\/v2\/product"}],"about":[{"href":"https:\/\/cyprusbosch.com\/en\/wp-json\/wp\/v2\/types\/product"}],"replies":[{"embeddable":true,"href":"https:\/\/cyprusbosch.com\/en\/wp-json\/wp\/v2\/comments?post=9314"}],"wp:featuredmedia":[{"embeddable":true,"href":"https:\/\/cyprusbosch.com\/en\/wp-json\/wp\/v2\/media\/9324"}],"wp:attachment":[{"href":"https:\/\/cyprusbosch.com\/en\/wp-json\/wp\/v2\/media?parent=9314"}],"wp:term":[{"taxonomy":"product_brand","embeddable":true,"href":"https:\/\/cyprusbosch.com\/en\/wp-json\/wp\/v2\/product_brand?post=9314"},{"taxonomy":"product_cat","embeddable":true,"href":"https:\/\/cyprusbosch.com\/en\/wp-json\/wp\/v2\/product_cat?post=9314"},{"taxonomy":"product_tag","embeddable":true,"href":"https:\/\/cyprusbosch.com\/en\/wp-json\/wp\/v2\/product_tag?post=9314"}],"curies":[{"name":"wp","href":"https:\/\/api.w.org\/{rel}","templated":true}]}}