{"id":9328,"date":"2025-03-15T17:02:08","date_gmt":"2025-03-15T17:02:08","guid":{"rendered":"https:\/\/cyprusbosch.com\/?post_type=product&#038;p=9328"},"modified":"2025-03-15T17:02:08","modified_gmt":"2025-03-15T17:02:08","slug":"seri-8-camasir-makinesi-on-yuklemeli-tam-boy-9-kg-1400-devir-gumus-inox","status":"publish","type":"product","link":"https:\/\/cyprusbosch.com\/en\/product\/seri-8-camasir-makinesi-on-yuklemeli-tam-boy-9-kg-1400-devir-gumus-inox\/","title":{"rendered":"Seri 8 | \u00c7ama\u015f\u0131r makinesi, \u00f6n y\u00fcklemeli tam boy 9 kg 1400 devir, G\u00fcm\u00fc\u015f inox"},"content":{"rendered":"<p>Seri 8 \u00e7ama\u015f\u0131r makinesi, \u00f6n y\u00fcklemeli tam boy 9 kg 1400 devir, G\u00fcm\u00fc\u015f inox<\/p>","protected":false},"excerpt":{"rendered":"<p>Seri 8 \u00e7ama\u015f\u0131r makinesi, \u00f6n y\u00fcklemeli tam boy 9 kg 1400 devir, G\u00fcm\u00fc\u015f inox<\/p>","protected":false},"featured_media":9332,"comment_status":"open","ping_status":"closed","template":"","meta":{"om_disable_all_campaigns":false,"_monsterinsights_skip_tracking":false,"_monsterinsights_sitenote_active":false,"_monsterinsights_sitenote_note":"","_monsterinsights_sitenote_category":0,"_joinchat":[]},"product_brand":[],"product_cat":[186,189],"product_tag":[],"class_list":{"0":"post-9328","1":"product","2":"type-product","3":"status-publish","4":"has-post-thumbnail","6":"product_cat-camasir-makineleri","7":"product_cat-solo-camasir-makineleri","8":"ts_product_brand-bosch","10":"first","11":"instock","12":"shipping-taxable","13":"product-type-simple","14":"add-to-wishlist-after_add_to_cart"},"aioseo_notices":[],"_links":{"self":[{"href":"https:\/\/cyprusbosch.com\/en\/wp-json\/wp\/v2\/product\/9328","targetHints":{"allow":["GET"]}}],"collection":[{"href":"https:\/\/cyprusbosch.com\/en\/wp-json\/wp\/v2\/product"}],"about":[{"href":"https:\/\/cyprusbosch.com\/en\/wp-json\/wp\/v2\/types\/product"}],"replies":[{"embeddable":true,"href":"https:\/\/cyprusbosch.com\/en\/wp-json\/wp\/v2\/comments?post=9328"}],"wp:featuredmedia":[{"embeddable":true,"href":"https:\/\/cyprusbosch.com\/en\/wp-json\/wp\/v2\/media\/9332"}],"wp:attachment":[{"href":"https:\/\/cyprusbosch.com\/en\/wp-json\/wp\/v2\/media?parent=9328"}],"wp:term":[{"taxonomy":"product_brand","embeddable":true,"href":"https:\/\/cyprusbosch.com\/en\/wp-json\/wp\/v2\/product_brand?post=9328"},{"taxonomy":"product_cat","embeddable":true,"href":"https:\/\/cyprusbosch.com\/en\/wp-json\/wp\/v2\/product_cat?post=9328"},{"taxonomy":"product_tag","embeddable":true,"href":"https:\/\/cyprusbosch.com\/en\/wp-json\/wp\/v2\/product_tag?post=9328"}],"curies":[{"name":"wp","href":"https:\/\/api.w.org\/{rel}","templated":true}]}}