{"id":9337,"date":"2025-03-15T17:06:02","date_gmt":"2025-03-15T17:06:02","guid":{"rendered":"https:\/\/cyprusbosch.com\/?post_type=product&#038;p=9337"},"modified":"2025-03-15T17:06:02","modified_gmt":"2025-03-15T17:06:02","slug":"seri-6-camasir-kurutma-makinesi-9-6-kg-1400-rpm","status":"publish","type":"product","link":"https:\/\/cyprusbosch.com\/en\/product\/seri-6-camasir-kurutma-makinesi-9-6-kg-1400-rpm\/","title":{"rendered":"Seri 6 | \u00e7ama\u015f\u0131r &#038; kurutma makinesi 9\/6 kg 1400 rpm"},"content":{"rendered":"<p>Seri 6 | \u00e7ama\u015f\u0131r &amp; kurutma makinesi 9\/6 kg 1400 rpm<\/p>","protected":false},"excerpt":{"rendered":"<p>Seri 6 | \u00e7ama\u015f\u0131r &amp; kurutma makinesi 9\/6 kg 1400 rpm<\/p>","protected":false},"featured_media":9342,"comment_status":"open","ping_status":"closed","template":"","meta":{"om_disable_all_campaigns":false,"_monsterinsights_skip_tracking":false,"_monsterinsights_sitenote_active":false,"_monsterinsights_sitenote_note":"","_monsterinsights_sitenote_category":0,"_joinchat":[]},"product_brand":[],"product_cat":[186,188,189],"product_tag":[],"class_list":{"0":"post-9337","1":"product","2":"type-product","3":"status-publish","4":"has-post-thumbnail","6":"product_cat-camasir-makineleri","7":"product_cat-kurutmali-camasir-makineleri","8":"product_cat-solo-camasir-makineleri","9":"ts_product_brand-bosch","11":"first","12":"instock","13":"shipping-taxable","14":"product-type-simple","15":"add-to-wishlist-after_add_to_cart"},"aioseo_notices":[],"_links":{"self":[{"href":"https:\/\/cyprusbosch.com\/en\/wp-json\/wp\/v2\/product\/9337","targetHints":{"allow":["GET"]}}],"collection":[{"href":"https:\/\/cyprusbosch.com\/en\/wp-json\/wp\/v2\/product"}],"about":[{"href":"https:\/\/cyprusbosch.com\/en\/wp-json\/wp\/v2\/types\/product"}],"replies":[{"embeddable":true,"href":"https:\/\/cyprusbosch.com\/en\/wp-json\/wp\/v2\/comments?post=9337"}],"wp:featuredmedia":[{"embeddable":true,"href":"https:\/\/cyprusbosch.com\/en\/wp-json\/wp\/v2\/media\/9342"}],"wp:attachment":[{"href":"https:\/\/cyprusbosch.com\/en\/wp-json\/wp\/v2\/media?parent=9337"}],"wp:term":[{"taxonomy":"product_brand","embeddable":true,"href":"https:\/\/cyprusbosch.com\/en\/wp-json\/wp\/v2\/product_brand?post=9337"},{"taxonomy":"product_cat","embeddable":true,"href":"https:\/\/cyprusbosch.com\/en\/wp-json\/wp\/v2\/product_cat?post=9337"},{"taxonomy":"product_tag","embeddable":true,"href":"https:\/\/cyprusbosch.com\/en\/wp-json\/wp\/v2\/product_tag?post=9337"}],"curies":[{"name":"wp","href":"https:\/\/api.w.org\/{rel}","templated":true}]}}