{"id":9355,"date":"2025-03-15T17:16:23","date_gmt":"2025-03-15T17:16:23","guid":{"rendered":"https:\/\/cyprusbosch.com\/?post_type=product&#038;p=9355"},"modified":"2025-03-15T17:16:23","modified_gmt":"2025-03-15T17:16:23","slug":"8kg-beyaz-b-enerji-sinifi-condenser-allergy-plus","status":"publish","type":"product","link":"https:\/\/cyprusbosch.com\/en\/product\/8kg-beyaz-b-enerji-sinifi-condenser-allergy-plus\/","title":{"rendered":"8kg Beyaz B enerji s\u0131n\u0131f\u0131  Condenser  Allergy Plus"},"content":{"rendered":"<p>8kg Beyaz B enerji s\u0131n\u0131f\u0131 Condenser Allergy Plus<\/p>","protected":false},"excerpt":{"rendered":"<p>8kg Beyaz B enerji s\u0131n\u0131f\u0131 Condenser Allergy Plus<\/p>","protected":false},"featured_media":9358,"comment_status":"open","ping_status":"closed","template":"","meta":{"om_disable_all_campaigns":false,"_monsterinsights_skip_tracking":false,"_monsterinsights_sitenote_active":false,"_monsterinsights_sitenote_note":"","_monsterinsights_sitenote_category":0,"_joinchat":[]},"product_brand":[],"product_cat":[214],"product_tag":[],"class_list":{"0":"post-9355","1":"product","2":"type-product","3":"status-publish","4":"has-post-thumbnail","6":"product_cat-kuturma-makineleri","7":"ts_product_brand-bosch","9":"first","10":"instock","11":"shipping-taxable","12":"product-type-simple","13":"add-to-wishlist-after_add_to_cart"},"aioseo_notices":[],"_links":{"self":[{"href":"https:\/\/cyprusbosch.com\/en\/wp-json\/wp\/v2\/product\/9355","targetHints":{"allow":["GET"]}}],"collection":[{"href":"https:\/\/cyprusbosch.com\/en\/wp-json\/wp\/v2\/product"}],"about":[{"href":"https:\/\/cyprusbosch.com\/en\/wp-json\/wp\/v2\/types\/product"}],"replies":[{"embeddable":true,"href":"https:\/\/cyprusbosch.com\/en\/wp-json\/wp\/v2\/comments?post=9355"}],"wp:featuredmedia":[{"embeddable":true,"href":"https:\/\/cyprusbosch.com\/en\/wp-json\/wp\/v2\/media\/9358"}],"wp:attachment":[{"href":"https:\/\/cyprusbosch.com\/en\/wp-json\/wp\/v2\/media?parent=9355"}],"wp:term":[{"taxonomy":"product_brand","embeddable":true,"href":"https:\/\/cyprusbosch.com\/en\/wp-json\/wp\/v2\/product_brand?post=9355"},{"taxonomy":"product_cat","embeddable":true,"href":"https:\/\/cyprusbosch.com\/en\/wp-json\/wp\/v2\/product_cat?post=9355"},{"taxonomy":"product_tag","embeddable":true,"href":"https:\/\/cyprusbosch.com\/en\/wp-json\/wp\/v2\/product_tag?post=9355"}],"curies":[{"name":"wp","href":"https:\/\/api.w.org\/{rel}","templated":true}]}}