{"id":9367,"date":"2025-03-15T17:20:33","date_gmt":"2025-03-15T17:20:33","guid":{"rendered":"https:\/\/cyprusbosch.com\/?post_type=product&#038;p=9367"},"modified":"2025-03-15T17:20:33","modified_gmt":"2025-03-15T17:20:33","slug":"serie-4-isi-pompali-kurutma-makinesi-8-kg","status":"publish","type":"product","link":"https:\/\/cyprusbosch.com\/en\/product\/serie-4-isi-pompali-kurutma-makinesi-8-kg\/","title":{"rendered":"Serie 4 | Is\u0131 Pompal\u0131 Kurutma Makinesi 8 kg"},"content":{"rendered":"<p>8kg Beyaz A++ enerji s\u0131n\u0131f\u0131 hassas kurulama s\u00fcper k\u0131sa program<\/p>","protected":false},"excerpt":{"rendered":"<p>8kg Beyaz A++ enerji s\u0131n\u0131f\u0131 hassas kurulama s\u00fcper k\u0131sa program<\/p>","protected":false},"featured_media":9371,"comment_status":"open","ping_status":"closed","template":"","meta":{"om_disable_all_campaigns":false,"_monsterinsights_skip_tracking":false,"_monsterinsights_sitenote_active":false,"_monsterinsights_sitenote_note":"","_monsterinsights_sitenote_category":0,"_joinchat":[]},"product_brand":[],"product_cat":[214],"product_tag":[],"class_list":{"0":"post-9367","1":"product","2":"type-product","3":"status-publish","4":"has-post-thumbnail","6":"product_cat-kuturma-makineleri","7":"ts_product_brand-bosch","9":"first","10":"instock","11":"shipping-taxable","12":"product-type-simple","13":"add-to-wishlist-after_add_to_cart"},"aioseo_notices":[],"_links":{"self":[{"href":"https:\/\/cyprusbosch.com\/en\/wp-json\/wp\/v2\/product\/9367","targetHints":{"allow":["GET"]}}],"collection":[{"href":"https:\/\/cyprusbosch.com\/en\/wp-json\/wp\/v2\/product"}],"about":[{"href":"https:\/\/cyprusbosch.com\/en\/wp-json\/wp\/v2\/types\/product"}],"replies":[{"embeddable":true,"href":"https:\/\/cyprusbosch.com\/en\/wp-json\/wp\/v2\/comments?post=9367"}],"wp:featuredmedia":[{"embeddable":true,"href":"https:\/\/cyprusbosch.com\/en\/wp-json\/wp\/v2\/media\/9371"}],"wp:attachment":[{"href":"https:\/\/cyprusbosch.com\/en\/wp-json\/wp\/v2\/media?parent=9367"}],"wp:term":[{"taxonomy":"product_brand","embeddable":true,"href":"https:\/\/cyprusbosch.com\/en\/wp-json\/wp\/v2\/product_brand?post=9367"},{"taxonomy":"product_cat","embeddable":true,"href":"https:\/\/cyprusbosch.com\/en\/wp-json\/wp\/v2\/product_cat?post=9367"},{"taxonomy":"product_tag","embeddable":true,"href":"https:\/\/cyprusbosch.com\/en\/wp-json\/wp\/v2\/product_tag?post=9367"}],"curies":[{"name":"wp","href":"https:\/\/api.w.org\/{rel}","templated":true}]}}