{"id":9404,"date":"2025-03-15T17:33:38","date_gmt":"2025-03-15T17:33:38","guid":{"rendered":"https:\/\/cyprusbosch.com\/?post_type=product&#038;p=9404"},"modified":"2025-03-15T17:33:38","modified_gmt":"2025-03-15T17:33:38","slug":"serie-6-solo-bulasik-makinesi-60cm-gumus-inoks-7-programli","status":"publish","type":"product","link":"https:\/\/cyprusbosch.com\/en\/product\/serie-6-solo-bulasik-makinesi-60cm-gumus-inoks-7-programli\/","title":{"rendered":"Serie | 6 Solo Bula\u015f\u0131k Makinesi 60cm G\u00fcm\u00fc\u015f Inoks 7 Programl\u0131"},"content":{"rendered":"<p>Boyutlar 85 x 60 x 60 cm<br \/>\nTek Ki\u015filik Tip<br \/>\nEnerji s\u0131n\u0131f\u0131 A++<br \/>\nProgram numaras\u0131 7<br \/>\nToplam kapasite 13 set<br \/>\nSu t\u00fcketimi (L) 6,7 lt<br \/>\nKontrol tipi Elektronik<br \/>\nG\u00fcm\u00fc\u015f renk<br \/>\nA\u011f\u0131rl\u0131k 52 kg<br \/>\n\u00c7ocuk kilidi var<\/p>","protected":false},"excerpt":{"rendered":"<p>Boyutlar 85 x 60 x 60 cm Tek Ki\u015filik Tip Enerji s\u0131n\u0131f\u0131 A++ Program numaras\u0131 7 Toplam kapasite 13 set Su t\u00fcketimi (L) 6,7 lt Kontrol tipi Elektronik G\u00fcm\u00fc\u015f renk A\u011f\u0131rl\u0131k 52 kg \u00c7ocuk kilidi var<\/p>","protected":false},"featured_media":9410,"comment_status":"open","ping_status":"closed","template":"","meta":{"om_disable_all_campaigns":false,"_monsterinsights_skip_tracking":false,"_monsterinsights_sitenote_active":false,"_monsterinsights_sitenote_note":"","_monsterinsights_sitenote_category":0,"_joinchat":[]},"product_brand":[],"product_cat":[190,191],"product_tag":[],"class_list":{"0":"post-9404","1":"product","2":"type-product","3":"status-publish","4":"has-post-thumbnail","6":"product_cat-bulasik-makineleri","7":"product_cat-solo-bulasik-makineleri","8":"ts_product_brand-bosch","10":"first","11":"instock","12":"shipping-taxable","13":"product-type-simple","14":"add-to-wishlist-after_add_to_cart"},"aioseo_notices":[],"_links":{"self":[{"href":"https:\/\/cyprusbosch.com\/en\/wp-json\/wp\/v2\/product\/9404","targetHints":{"allow":["GET"]}}],"collection":[{"href":"https:\/\/cyprusbosch.com\/en\/wp-json\/wp\/v2\/product"}],"about":[{"href":"https:\/\/cyprusbosch.com\/en\/wp-json\/wp\/v2\/types\/product"}],"replies":[{"embeddable":true,"href":"https:\/\/cyprusbosch.com\/en\/wp-json\/wp\/v2\/comments?post=9404"}],"wp:featuredmedia":[{"embeddable":true,"href":"https:\/\/cyprusbosch.com\/en\/wp-json\/wp\/v2\/media\/9410"}],"wp:attachment":[{"href":"https:\/\/cyprusbosch.com\/en\/wp-json\/wp\/v2\/media?parent=9404"}],"wp:term":[{"taxonomy":"product_brand","embeddable":true,"href":"https:\/\/cyprusbosch.com\/en\/wp-json\/wp\/v2\/product_brand?post=9404"},{"taxonomy":"product_cat","embeddable":true,"href":"https:\/\/cyprusbosch.com\/en\/wp-json\/wp\/v2\/product_cat?post=9404"},{"taxonomy":"product_tag","embeddable":true,"href":"https:\/\/cyprusbosch.com\/en\/wp-json\/wp\/v2\/product_tag?post=9404"}],"curies":[{"name":"wp","href":"https:\/\/api.w.org\/{rel}","templated":true}]}}