{"id":9421,"date":"2025-03-15T17:39:26","date_gmt":"2025-03-15T17:39:26","guid":{"rendered":"https:\/\/cyprusbosch.com\/?post_type=product&#038;p=9421"},"modified":"2025-03-15T17:39:26","modified_gmt":"2025-03-15T17:39:26","slug":"serie-4-solo-bulasik-makinesi-60-cm-black-inox","status":"publish","type":"product","link":"https:\/\/cyprusbosch.com\/en\/product\/serie-4-solo-bulasik-makinesi-60-cm-black-inox\/","title":{"rendered":"Serie | 4 Solo Bula\u015f\u0131k Makinesi 60 cm Black Inox"},"content":{"rendered":"<p>\u00dcr\u00fcn\u00fcn boyutlar\u0131: 845 x 600 x 600 mm<br \/>\nKapa\u011f\u0131 90 derece a\u00e7\u0131k oldu\u011funda \u00fcr\u00fcn derinli\u011fi: 1.155 mm<br \/>\n\u00fcst tablas\u0131z y\u00fckseklik: 30 mm<br \/>\nNet A\u011f\u0131rl\u0131k: 45,5 kg<br \/>\n\u00dcr\u00fcn Tipi: Solo<br \/>\nMontaj tipi: Solo veya tezgah alt\u0131na yerle\u015ftirilebilir<br \/>\n\u00dcretim yeri: TR<br \/>\nRenk: Black inox<br \/>\nKontrol Panel Rengi: darkSteel Line<br \/>\n\u00c7\u0131kar\u0131labilir \u00fcst kapak: Evet<br \/>\nVarioHinge: hay\u0131r<br \/>\nAyarlanabilir taban: Hay\u0131r<br \/>\nEnerji verimlilik s\u0131n\u0131f\u0131: D<br \/>\nTemizlik performans endeksi: 1,121<br \/>\nKurutma performans endeksi: 1,061<br \/>\nSes seviyesi: 48 dB(A) re 1 pW<br \/>\nBardak koruma tekni\u011fi: Evet<br \/>\nSes seviyesi s\u0131n\u0131f\u0131: C<br \/>\nEko programda devir ba\u015f\u0131na d\u00fc\u015fen enerji t\u00fcketimi: 0,836 kWh<br \/>\nSu t\u00fcketimi: 9,5 litre<br \/>\nProgram s\u00fcresi: 4:55 h<br \/>\nEko program\u0131 100 devirdeki enerji t\u00fcketimi: 84 kWh<br \/>\nKapasite: 13<br \/>\nBekleme modunda g\u00fc\u00e7 t\u00fcketimi: 0,50 W<br \/>\nProgramlar: Auto 45-65\u00b0C, Eko, H\u0131zl\u0131 45\u00b0C program, H\u0131zl\u0131 65\u00b0C, \u00d6zel Program, Yo\u011fun<br \/>\nEk fonksiyonlar: Ekstra Durulama, Ekstra Hijyen, Home Connect, S\u0131cak \u00d6n Y\u0131kama, VarioSpeed<br \/>\nKullanma \u015fekli: Tu\u015flar<br \/>\nAquaStop: hay\u0131r<br \/>\nKurutma sistemi: Kendi s\u0131cakl\u0131\u011f\u0131 ile<br \/>\nOtomatik program: Evet<br \/>\nKalan s\u00fcre g\u00f6stergesi: Evet<br \/>\n\u00dcst sepet ayarlanabilir: Rackmatik 3 kademeli<br \/>\n3. \u00e7ekmece: Yok<br \/>\n\u00c7atal B\u0131\u00e7ak Yerle\u015ftirme: Alt rafta \u00e7atal-b\u0131\u00e7ak sepeti<br \/>\nRackmatic: Evet<br \/>\nEntegre aksesuarlar: Hay\u0131r<br \/>\nSu yuma\u015fat\u0131c\u0131: Evet<br \/>\nSu g\u00fcvenlik sistemi: kapal\u0131 sistem<\/p>","protected":false},"excerpt":{"rendered":"<p>\u00dcr\u00fcn\u00fcn boyutlar\u0131: 845 x 600 x 600 mm Kapa\u011f\u0131 90 derece a\u00e7\u0131k oldu\u011funda \u00fcr\u00fcn derinli\u011fi: 1.155 mm \u00fcst tablas\u0131z y\u00fckseklik: 30 mm Net A\u011f\u0131rl\u0131k: 45,5 kg \u00dcr\u00fcn Tipi: Solo Montaj tipi: Solo veya tezgah alt\u0131na yerle\u015ftirilebilir \u00dcretim yeri: TR Renk: Black inox Kontrol Panel Rengi: darkSteel Line \u00c7\u0131kar\u0131labilir \u00fcst kapak: Evet VarioHinge: hay\u0131r Ayarlanabilir taban: [&hellip;]<\/p>","protected":false},"featured_media":9428,"comment_status":"open","ping_status":"closed","template":"","meta":{"om_disable_all_campaigns":false,"_monsterinsights_skip_tracking":false,"_monsterinsights_sitenote_active":false,"_monsterinsights_sitenote_note":"","_monsterinsights_sitenote_category":0,"_joinchat":[]},"product_brand":[],"product_cat":[190,191],"product_tag":[],"class_list":{"0":"post-9421","1":"product","2":"type-product","3":"status-publish","4":"has-post-thumbnail","6":"product_cat-bulasik-makineleri","7":"product_cat-solo-bulasik-makineleri","8":"ts_product_brand-bosch","10":"first","11":"instock","12":"shipping-taxable","13":"product-type-simple","14":"add-to-wishlist-after_add_to_cart"},"aioseo_notices":[],"_links":{"self":[{"href":"https:\/\/cyprusbosch.com\/en\/wp-json\/wp\/v2\/product\/9421","targetHints":{"allow":["GET"]}}],"collection":[{"href":"https:\/\/cyprusbosch.com\/en\/wp-json\/wp\/v2\/product"}],"about":[{"href":"https:\/\/cyprusbosch.com\/en\/wp-json\/wp\/v2\/types\/product"}],"replies":[{"embeddable":true,"href":"https:\/\/cyprusbosch.com\/en\/wp-json\/wp\/v2\/comments?post=9421"}],"wp:featuredmedia":[{"embeddable":true,"href":"https:\/\/cyprusbosch.com\/en\/wp-json\/wp\/v2\/media\/9428"}],"wp:attachment":[{"href":"https:\/\/cyprusbosch.com\/en\/wp-json\/wp\/v2\/media?parent=9421"}],"wp:term":[{"taxonomy":"product_brand","embeddable":true,"href":"https:\/\/cyprusbosch.com\/en\/wp-json\/wp\/v2\/product_brand?post=9421"},{"taxonomy":"product_cat","embeddable":true,"href":"https:\/\/cyprusbosch.com\/en\/wp-json\/wp\/v2\/product_cat?post=9421"},{"taxonomy":"product_tag","embeddable":true,"href":"https:\/\/cyprusbosch.com\/en\/wp-json\/wp\/v2\/product_tag?post=9421"}],"curies":[{"name":"wp","href":"https:\/\/api.w.org\/{rel}","templated":true}]}}