{"id":9477,"date":"2025-03-16T09:59:43","date_gmt":"2025-03-16T09:59:43","guid":{"rendered":"https:\/\/cyprusbosch.com\/?post_type=product&#038;p=9477"},"modified":"2025-03-16T09:59:43","modified_gmt":"2025-03-16T09:59:43","slug":"seri-4-90-cm-604-m3-h-led-isik-paslanmaz-celik-davlumbaz","status":"publish","type":"product","link":"https:\/\/cyprusbosch.com\/en\/product\/seri-4-90-cm-604-m3-h-led-isik-paslanmaz-celik-davlumbaz\/","title":{"rendered":"Seri 4 | 90 cm 604 m3\/h \u2013 Led I\u015f\u0131k \u2013 Paslanmaz \u00c7elik Davlumbaz"},"content":{"rendered":"<p><strong>Kutu tasar\u0131ml\u0131 ba\u015fl\u0131k: performans ve tek ba\u015fl\u0131kta paketlenmi\u015f uyumlu mutfak tasar\u0131m\u0131<\/strong><\/p>\n<p>\u00d6zellikle sessiz: minimum g\u00fcr\u00fclt\u00fc ile maksimum \u00e7\u0131kar\u0131c\u0131 performans\u0131<br \/>\nTouchSelect kontrol\u00fc: istenen ayarlar\u0131n ve \u0131\u015f\u0131\u011f\u0131n h\u0131zl\u0131 dokunmatik kontrol se\u00e7imi.<br \/>\nLED Ayd\u0131nlatma: Enerji tasarruflu ayd\u0131nlatma, ocak alan\u0131 i\u00e7in beyaz ve iyi ayd\u0131nlatma sa\u011flar.<br \/>\nYo\u011fun h\u0131z ayar\u0131: g\u00fc\u00e7l\u00fc mutfak kokular\u0131n\u0131 \u00f6zellikle h\u0131zl\u0131 ve etkili bir \u015fekilde giderir.<br \/>\nEgzoz ile hava bir gres filtresi ile temizlenir ve daha sonra en uygun mutfak hava kalitesini sa\u011flayan d\u0131\u015far\u0131ya kanal haline solur.<\/p>","protected":false},"excerpt":{"rendered":"<p>Kutu tasar\u0131ml\u0131 ba\u015fl\u0131k: performans ve tek ba\u015fl\u0131kta paketlenmi\u015f uyumlu mutfak tasar\u0131m\u0131 \u00d6zellikle sessiz: minimum g\u00fcr\u00fclt\u00fc ile maksimum \u00e7\u0131kar\u0131c\u0131 performans\u0131 TouchSelect kontrol\u00fc: istenen ayarlar\u0131n ve \u0131\u015f\u0131\u011f\u0131n h\u0131zl\u0131 dokunmatik kontrol se\u00e7imi. LED Ayd\u0131nlatma: Enerji tasarruflu ayd\u0131nlatma, ocak alan\u0131 i\u00e7in beyaz ve iyi ayd\u0131nlatma sa\u011flar. Yo\u011fun h\u0131z ayar\u0131: g\u00fc\u00e7l\u00fc mutfak kokular\u0131n\u0131 \u00f6zellikle h\u0131zl\u0131 ve etkili bir \u015fekilde giderir. [&hellip;]<\/p>","protected":false},"featured_media":9479,"comment_status":"open","ping_status":"closed","template":"","meta":{"om_disable_all_campaigns":false,"_monsterinsights_skip_tracking":false,"_monsterinsights_sitenote_active":false,"_monsterinsights_sitenote_note":"","_monsterinsights_sitenote_category":0,"_joinchat":[]},"product_brand":[],"product_cat":[207,209],"product_tag":[],"class_list":{"0":"post-9477","1":"product","2":"type-product","3":"status-publish","4":"has-post-thumbnail","6":"product_cat-davlumbazlar","7":"product_cat-duvar-tipi-davlumbazlar","8":"ts_product_brand-bosch","10":"first","11":"instock","12":"shipping-taxable","13":"product-type-simple","14":"add-to-wishlist-after_add_to_cart"},"aioseo_notices":[],"_links":{"self":[{"href":"https:\/\/cyprusbosch.com\/en\/wp-json\/wp\/v2\/product\/9477","targetHints":{"allow":["GET"]}}],"collection":[{"href":"https:\/\/cyprusbosch.com\/en\/wp-json\/wp\/v2\/product"}],"about":[{"href":"https:\/\/cyprusbosch.com\/en\/wp-json\/wp\/v2\/types\/product"}],"replies":[{"embeddable":true,"href":"https:\/\/cyprusbosch.com\/en\/wp-json\/wp\/v2\/comments?post=9477"}],"wp:featuredmedia":[{"embeddable":true,"href":"https:\/\/cyprusbosch.com\/en\/wp-json\/wp\/v2\/media\/9479"}],"wp:attachment":[{"href":"https:\/\/cyprusbosch.com\/en\/wp-json\/wp\/v2\/media?parent=9477"}],"wp:term":[{"taxonomy":"product_brand","embeddable":true,"href":"https:\/\/cyprusbosch.com\/en\/wp-json\/wp\/v2\/product_brand?post=9477"},{"taxonomy":"product_cat","embeddable":true,"href":"https:\/\/cyprusbosch.com\/en\/wp-json\/wp\/v2\/product_cat?post=9477"},{"taxonomy":"product_tag","embeddable":true,"href":"https:\/\/cyprusbosch.com\/en\/wp-json\/wp\/v2\/product_tag?post=9477"}],"curies":[{"name":"wp","href":"https:\/\/api.w.org\/{rel}","templated":true}]}}