{"id":9486,"date":"2025-03-16T10:01:43","date_gmt":"2025-03-16T10:01:43","guid":{"rendered":"https:\/\/cyprusbosch.com\/?post_type=product&#038;p=9486"},"modified":"2025-03-16T10:01:43","modified_gmt":"2025-03-16T10:01:43","slug":"serie-4-duvar-tipi-davlumbaz-90-cm-siyah-cam","status":"publish","type":"product","link":"https:\/\/cyprusbosch.com\/en\/product\/serie-4-duvar-tipi-davlumbaz-90-cm-siyah-cam\/","title":{"rendered":"Serie | 4 Duvar Tipi Davlumbaz 90 cm Siyah Cam"},"content":{"rendered":"<p>Y\u00fckseklik: 420 mm<br \/>\nGeni\u015flik: 890 mm<br \/>\nDerinlik: 308 mm<br \/>\nRenk: Siyah<br \/>\nMontaj tipi: Duvara monte<br \/>\ntoplam \u00fcfle\u00e7: 165 W<br \/>\nKullan\u0131m \u015fekli: LED, TouchControl<br \/>\nKademe Seviyesi: 3 kademeli<br \/>\nEmi\u015f G\u00fcc\u00fc: 649 m\u00b3\/h<br \/>\nSes seviyesi (hava dola\u015f\u0131m modu): 76 dB<br \/>\nYa\u011f filtresi malzemesi: Y\u0131kanabilir al\u00fcminyum<br \/>\nEnerji s\u0131n\u0131f\u01311: B<br \/>\nY\u0131ll\u0131k enerji t\u00fcketimi: 74,8 kWh\/y\u0131l<br \/>\nElektrikli ocak \u00fczerindeki minimum mesafe: 450 mm<br \/>\nBoru \u00e7ap\u0131: 120 \/ 150 mm<br \/>\nkendi kendine ek havaland\u0131rma: hay\u0131r<br \/>\nElektrik kablosunun uzunlu\u011fu: 118,0 cm<br \/>\nNet A\u011f\u0131rl\u0131k: 24,0 kg<\/p>","protected":false},"excerpt":{"rendered":"<p>Y\u00fckseklik: 420 mm Geni\u015flik: 890 mm Derinlik: 308 mm Renk: Siyah Montaj tipi: Duvara monte toplam \u00fcfle\u00e7: 165 W Kullan\u0131m \u015fekli: LED, TouchControl Kademe Seviyesi: 3 kademeli Emi\u015f G\u00fcc\u00fc: 649 m\u00b3\/h Ses seviyesi (hava dola\u015f\u0131m modu): 76 dB Ya\u011f filtresi malzemesi: Y\u0131kanabilir al\u00fcminyum Enerji s\u0131n\u0131f\u01311: B Y\u0131ll\u0131k enerji t\u00fcketimi: 74,8 kWh\/y\u0131l Elektrikli ocak \u00fczerindeki minimum [&hellip;]<\/p>","protected":false},"featured_media":9493,"comment_status":"open","ping_status":"closed","template":"","meta":{"om_disable_all_campaigns":false,"_monsterinsights_skip_tracking":false,"_monsterinsights_sitenote_active":false,"_monsterinsights_sitenote_note":"","_monsterinsights_sitenote_category":0,"_joinchat":[]},"product_brand":[],"product_cat":[207,209],"product_tag":[],"class_list":{"0":"post-9486","1":"product","2":"type-product","3":"status-publish","4":"has-post-thumbnail","6":"product_cat-davlumbazlar","7":"product_cat-duvar-tipi-davlumbazlar","8":"ts_product_brand-bosch","10":"first","11":"instock","12":"shipping-taxable","13":"product-type-simple","14":"add-to-wishlist-after_add_to_cart"},"aioseo_notices":[],"_links":{"self":[{"href":"https:\/\/cyprusbosch.com\/en\/wp-json\/wp\/v2\/product\/9486","targetHints":{"allow":["GET"]}}],"collection":[{"href":"https:\/\/cyprusbosch.com\/en\/wp-json\/wp\/v2\/product"}],"about":[{"href":"https:\/\/cyprusbosch.com\/en\/wp-json\/wp\/v2\/types\/product"}],"replies":[{"embeddable":true,"href":"https:\/\/cyprusbosch.com\/en\/wp-json\/wp\/v2\/comments?post=9486"}],"wp:featuredmedia":[{"embeddable":true,"href":"https:\/\/cyprusbosch.com\/en\/wp-json\/wp\/v2\/media\/9493"}],"wp:attachment":[{"href":"https:\/\/cyprusbosch.com\/en\/wp-json\/wp\/v2\/media?parent=9486"}],"wp:term":[{"taxonomy":"product_brand","embeddable":true,"href":"https:\/\/cyprusbosch.com\/en\/wp-json\/wp\/v2\/product_brand?post=9486"},{"taxonomy":"product_cat","embeddable":true,"href":"https:\/\/cyprusbosch.com\/en\/wp-json\/wp\/v2\/product_cat?post=9486"},{"taxonomy":"product_tag","embeddable":true,"href":"https:\/\/cyprusbosch.com\/en\/wp-json\/wp\/v2\/product_tag?post=9486"}],"curies":[{"name":"wp","href":"https:\/\/api.w.org\/{rel}","templated":true}]}}