{"id":9533,"date":"2025-03-16T11:03:52","date_gmt":"2025-03-16T11:03:52","guid":{"rendered":"https:\/\/cyprusbosch.com\/?post_type=product&#038;p=9533"},"modified":"2025-03-16T11:03:52","modified_gmt":"2025-03-16T11:03:52","slug":"serie-2-duvar-tipi-davlumbaz-60-cm-beyaz","status":"publish","type":"product","link":"https:\/\/cyprusbosch.com\/en\/product\/serie-2-duvar-tipi-davlumbaz-60-cm-beyaz\/","title":{"rendered":"Serie | 2 Duvar Tipi Davlumbaz 60 cm Beyaz"},"content":{"rendered":"<p>Tek motorlu, toplam motor g\u00fcc\u00fc: 125 W<br \/>\n3 g\u00fc\u00e7 kademesi<br \/>\nY\u00fcksek verimli \u00e7ift \u00fcfleme<br \/>\nEmi\u015f g\u00fcc\u00fc (DIN\/EN 61591 normu \u00f6l\u00e7\u00fcmlerine g\u00f6re) max. 380 \u043c\u00b3\/h<br \/>\nSes seviyesi (DIN\/EN 60704213 norm \u00f6l\u00e7\u00fcm\u00fcne g\u00f6re): 64 dB<br \/>\nSes bas\u0131nc\u0131: 50 db (A)<br \/>\nHava \u00e7\u0131k\u0131\u015fl\u0131 (bacal\u0131) ve hava dola\u015f\u0131ml\u0131 (bacas\u0131z) kullan\u0131ma uygun Hava dola\u015f\u0131ml\u0131 kullan\u0131mlarda karbon filtre (aksesuar) gereklidir. Ayd\u0131nlatma ve g\u00fc\u00e7 kademeleri se\u00e7imi i\u00e7in mekanik kontrol 2 ad. 5W<br \/>\nLED ayd\u0131nlatma 150 mm \u00e7ap\u0131nda baca borusu ile kullan\u0131ma uygundur<br \/>\n2 ad. bula\u015f\u0131k makinesinde y\u0131kanabilen metal ya\u011f filtresi<br \/>\nHava \u00e7\u0131k\u0131\u015fl\u0131 (YxGxD): 790-1015 x 598 x 470 mm<br \/>\nHava dola\u015f\u0131ml\u0131 (YxGxD): 790-1015 x 598 x 470 mm<br \/>\nEnerji S\u0131n\u0131f\u0131: D*<br \/>\nG\u00fc\u00e7 seviyesi: 135 W<br \/>\n\u00d6zel baca \u00e7\u00f6z\u00fcmleri m\u00fcmk\u00fcnd\u00fcr<\/p>","protected":false},"excerpt":{"rendered":"<p>Tek motorlu, toplam motor g\u00fcc\u00fc: 125 W 3 g\u00fc\u00e7 kademesi Y\u00fcksek verimli \u00e7ift \u00fcfleme Emi\u015f g\u00fcc\u00fc (DIN\/EN 61591 normu \u00f6l\u00e7\u00fcmlerine g\u00f6re) max. 380 \u043c\u00b3\/h Ses seviyesi (DIN\/EN 60704213 norm \u00f6l\u00e7\u00fcm\u00fcne g\u00f6re): 64 dB Ses bas\u0131nc\u0131: 50 db (A) Hava \u00e7\u0131k\u0131\u015fl\u0131 (bacal\u0131) ve hava dola\u015f\u0131ml\u0131 (bacas\u0131z) kullan\u0131ma uygun Hava dola\u015f\u0131ml\u0131 kullan\u0131mlarda karbon filtre (aksesuar) gereklidir. Ayd\u0131nlatma [&hellip;]<\/p>","protected":false},"featured_media":9536,"comment_status":"open","ping_status":"closed","template":"","meta":{"om_disable_all_campaigns":false,"_monsterinsights_skip_tracking":false,"_monsterinsights_sitenote_active":false,"_monsterinsights_sitenote_note":"","_monsterinsights_sitenote_category":0,"_joinchat":[]},"product_brand":[],"product_cat":[207,209],"product_tag":[],"class_list":{"0":"post-9533","1":"product","2":"type-product","3":"status-publish","4":"has-post-thumbnail","6":"product_cat-davlumbazlar","7":"product_cat-duvar-tipi-davlumbazlar","8":"ts_product_brand-bosch","10":"first","11":"instock","12":"shipping-taxable","13":"product-type-simple","14":"add-to-wishlist-after_add_to_cart"},"aioseo_notices":[],"_links":{"self":[{"href":"https:\/\/cyprusbosch.com\/en\/wp-json\/wp\/v2\/product\/9533","targetHints":{"allow":["GET"]}}],"collection":[{"href":"https:\/\/cyprusbosch.com\/en\/wp-json\/wp\/v2\/product"}],"about":[{"href":"https:\/\/cyprusbosch.com\/en\/wp-json\/wp\/v2\/types\/product"}],"replies":[{"embeddable":true,"href":"https:\/\/cyprusbosch.com\/en\/wp-json\/wp\/v2\/comments?post=9533"}],"wp:featuredmedia":[{"embeddable":true,"href":"https:\/\/cyprusbosch.com\/en\/wp-json\/wp\/v2\/media\/9536"}],"wp:attachment":[{"href":"https:\/\/cyprusbosch.com\/en\/wp-json\/wp\/v2\/media?parent=9533"}],"wp:term":[{"taxonomy":"product_brand","embeddable":true,"href":"https:\/\/cyprusbosch.com\/en\/wp-json\/wp\/v2\/product_brand?post=9533"},{"taxonomy":"product_cat","embeddable":true,"href":"https:\/\/cyprusbosch.com\/en\/wp-json\/wp\/v2\/product_cat?post=9533"},{"taxonomy":"product_tag","embeddable":true,"href":"https:\/\/cyprusbosch.com\/en\/wp-json\/wp\/v2\/product_tag?post=9533"}],"curies":[{"name":"wp","href":"https:\/\/api.w.org\/{rel}","templated":true}]}}