{"id":9542,"date":"2025-03-16T11:05:57","date_gmt":"2025-03-16T11:05:57","guid":{"rendered":"https:\/\/cyprusbosch.com\/?post_type=product&#038;p=9542"},"modified":"2025-03-16T11:05:57","modified_gmt":"2025-03-16T11:05:57","slug":"serie-2-duvar-tipi-davlumbaz-60-cm-paslanmaz-celik","status":"publish","type":"product","link":"https:\/\/cyprusbosch.com\/en\/product\/serie-2-duvar-tipi-davlumbaz-60-cm-paslanmaz-celik\/","title":{"rendered":"Serie | 2 Duvar Tipi Davlumbaz 60 cm Paslanmaz \u00e7elik"},"content":{"rendered":"<p>\u00dcr\u00fcn Tipi: Ankastre<br \/>\n\u00dcr\u00fcn Geni\u015fli\u011fi: 598 mm<br \/>\n\u00dcr\u00fcn Derinli\u011fi: 470 mm<br \/>\nG\u00fc\u00e7: 135 W<br \/>\nRenk: Paslanmaz \u00c7elik<br \/>\nEmi\u015f G\u00fcc\u00fc: 380 m\u00b3\/h<br \/>\nKademe Seviyesi: 3 kademe<br \/>\n3 Motorlu<br \/>\nInox<\/p>","protected":false},"excerpt":{"rendered":"<p>\u00dcr\u00fcn Tipi: Ankastre \u00dcr\u00fcn Geni\u015fli\u011fi: 598 mm \u00dcr\u00fcn Derinli\u011fi: 470 mm G\u00fc\u00e7: 135 W Renk: Paslanmaz \u00c7elik Emi\u015f G\u00fcc\u00fc: 380 m\u00b3\/h Kademe Seviyesi: 3 kademe 3 Motorlu Inox<\/p>","protected":false},"featured_media":9544,"comment_status":"open","ping_status":"closed","template":"","meta":{"om_disable_all_campaigns":false,"_monsterinsights_skip_tracking":false,"_monsterinsights_sitenote_active":false,"_monsterinsights_sitenote_note":"","_monsterinsights_sitenote_category":0,"_joinchat":[]},"product_brand":[],"product_cat":[207,209],"product_tag":[],"class_list":{"0":"post-9542","1":"product","2":"type-product","3":"status-publish","4":"has-post-thumbnail","6":"product_cat-davlumbazlar","7":"product_cat-duvar-tipi-davlumbazlar","8":"ts_product_brand-bosch","10":"first","11":"instock","12":"shipping-taxable","13":"product-type-simple","14":"add-to-wishlist-after_add_to_cart"},"aioseo_notices":[],"_links":{"self":[{"href":"https:\/\/cyprusbosch.com\/en\/wp-json\/wp\/v2\/product\/9542","targetHints":{"allow":["GET"]}}],"collection":[{"href":"https:\/\/cyprusbosch.com\/en\/wp-json\/wp\/v2\/product"}],"about":[{"href":"https:\/\/cyprusbosch.com\/en\/wp-json\/wp\/v2\/types\/product"}],"replies":[{"embeddable":true,"href":"https:\/\/cyprusbosch.com\/en\/wp-json\/wp\/v2\/comments?post=9542"}],"wp:featuredmedia":[{"embeddable":true,"href":"https:\/\/cyprusbosch.com\/en\/wp-json\/wp\/v2\/media\/9544"}],"wp:attachment":[{"href":"https:\/\/cyprusbosch.com\/en\/wp-json\/wp\/v2\/media?parent=9542"}],"wp:term":[{"taxonomy":"product_brand","embeddable":true,"href":"https:\/\/cyprusbosch.com\/en\/wp-json\/wp\/v2\/product_brand?post=9542"},{"taxonomy":"product_cat","embeddable":true,"href":"https:\/\/cyprusbosch.com\/en\/wp-json\/wp\/v2\/product_cat?post=9542"},{"taxonomy":"product_tag","embeddable":true,"href":"https:\/\/cyprusbosch.com\/en\/wp-json\/wp\/v2\/product_tag?post=9542"}],"curies":[{"name":"wp","href":"https:\/\/api.w.org\/{rel}","templated":true}]}}