{"id":9562,"date":"2025-03-16T11:12:57","date_gmt":"2025-03-16T11:12:57","guid":{"rendered":"https:\/\/cyprusbosch.com\/?post_type=product&#038;p=9562"},"modified":"2025-03-16T11:12:57","modified_gmt":"2025-03-16T11:12:57","slug":"serie-4-duvar-tipi-davlumbaz-60-cm-seffaf-cam-2","status":"publish","type":"product","link":"https:\/\/cyprusbosch.com\/en\/product\/serie-4-duvar-tipi-davlumbaz-60-cm-seffaf-cam-2\/","title":{"rendered":"Serie | 4 Duvar Tipi Davlumbaz 60 cm \u015eeffaf Cam"},"content":{"rendered":"<p>Davlumbaz Cam tasar\u0131m\u0131<br \/>\nCam plaka \u015feffaf cam siyah cam g\u00f6lgelik<br \/>\nEnerji Verimlili\u011fi S\u0131n\u0131f\u0131: C *<br \/>\nOrtalama Enerji T\u00fcketimi: 110.7 kWh \/ y\u0131l *<br \/>\n\u00dcfleyici Verimlilik S\u0131n\u0131f\u0131: D *<br \/>\nAyd\u0131nlatma Verimlili\u011fi S\u0131n\u0131f\u0131: A *<br \/>\nGres Filtreleme Verimlili\u011fi S\u0131n\u0131f\u0131: B *<br \/>\nG\u00fcr\u00fclt\u00fc min.\/maks. Normal Seviye: 48\/65 dB *<br \/>\nDuvara monte ba\u015fl\u0131k<br \/>\nDijital g\u00f6stergeli basmal\u0131 d\u00fc\u011fme kontrolleri ile elektronik kontroller<br \/>\nMetal ve k\u00f6m\u00fcr filtresi i\u00e7in doygunluk g\u00f6stergesi<br \/>\n3 h\u0131z ve yo\u011fun ayar<br \/>\nMaks. ekstraksiyon oran\u0131: 625 m3 \/ h<br \/>\nG\u00fc\u00e7 seviyesi: 254 W<br \/>\n\u00c7ift kanall\u0131 y\u00fcksek performansl\u0131 fan motoru<br \/>\nI\u015f\u0131k Yo\u011funlu\u011fu: 381 lux<br \/>\n60 cm geni\u015flik<br \/>\nAt\u0131k hava boyutlar\u0131 (YxGxD): 687 \u2013 1097 x 600 x 450 mm<br \/>\nDevridaim eden boyutlar (YxGxD): 687-1097 x 600 x 450 mm<br \/>\n\u00c7ap borusu \u00d8 150 mm (\u00d8 120 mm kapal\u0131)<\/p>","protected":false},"excerpt":{"rendered":"<p>Davlumbaz Cam tasar\u0131m\u0131 Cam plaka \u015feffaf cam siyah cam g\u00f6lgelik Enerji Verimlili\u011fi S\u0131n\u0131f\u0131: C * Ortalama Enerji T\u00fcketimi: 110.7 kWh \/ y\u0131l * \u00dcfleyici Verimlilik S\u0131n\u0131f\u0131: D * Ayd\u0131nlatma Verimlili\u011fi S\u0131n\u0131f\u0131: A * Gres Filtreleme Verimlili\u011fi S\u0131n\u0131f\u0131: B * G\u00fcr\u00fclt\u00fc min.\/maks. Normal Seviye: 48\/65 dB * Duvara monte ba\u015fl\u0131k Dijital g\u00f6stergeli basmal\u0131 d\u00fc\u011fme kontrolleri ile [&hellip;]<\/p>","protected":false},"featured_media":9565,"comment_status":"open","ping_status":"closed","template":"","meta":{"om_disable_all_campaigns":false,"_monsterinsights_skip_tracking":false,"_monsterinsights_sitenote_active":false,"_monsterinsights_sitenote_note":"","_monsterinsights_sitenote_category":0,"_joinchat":[]},"product_brand":[],"product_cat":[207,209],"product_tag":[],"class_list":{"0":"post-9562","1":"product","2":"type-product","3":"status-publish","4":"has-post-thumbnail","6":"product_cat-davlumbazlar","7":"product_cat-duvar-tipi-davlumbazlar","8":"ts_product_brand-bosch","10":"first","11":"instock","12":"shipping-taxable","13":"product-type-simple","14":"add-to-wishlist-after_add_to_cart"},"aioseo_notices":[],"_links":{"self":[{"href":"https:\/\/cyprusbosch.com\/en\/wp-json\/wp\/v2\/product\/9562","targetHints":{"allow":["GET"]}}],"collection":[{"href":"https:\/\/cyprusbosch.com\/en\/wp-json\/wp\/v2\/product"}],"about":[{"href":"https:\/\/cyprusbosch.com\/en\/wp-json\/wp\/v2\/types\/product"}],"replies":[{"embeddable":true,"href":"https:\/\/cyprusbosch.com\/en\/wp-json\/wp\/v2\/comments?post=9562"}],"wp:featuredmedia":[{"embeddable":true,"href":"https:\/\/cyprusbosch.com\/en\/wp-json\/wp\/v2\/media\/9565"}],"wp:attachment":[{"href":"https:\/\/cyprusbosch.com\/en\/wp-json\/wp\/v2\/media?parent=9562"}],"wp:term":[{"taxonomy":"product_brand","embeddable":true,"href":"https:\/\/cyprusbosch.com\/en\/wp-json\/wp\/v2\/product_brand?post=9562"},{"taxonomy":"product_cat","embeddable":true,"href":"https:\/\/cyprusbosch.com\/en\/wp-json\/wp\/v2\/product_cat?post=9562"},{"taxonomy":"product_tag","embeddable":true,"href":"https:\/\/cyprusbosch.com\/en\/wp-json\/wp\/v2\/product_tag?post=9562"}],"curies":[{"name":"wp","href":"https:\/\/api.w.org\/{rel}","templated":true}]}}