{"id":9568,"date":"2025-03-16T11:15:12","date_gmt":"2025-03-16T11:15:12","guid":{"rendered":"https:\/\/cyprusbosch.com\/?post_type=product&#038;p=9568"},"modified":"2026-01-19T12:51:51","modified_gmt":"2026-01-19T12:51:51","slug":"serie-2-duvar-tipi-davlumbaz-60-cm-paslanmaz-celik-2","status":"publish","type":"product","link":"https:\/\/cyprusbosch.com\/en\/product\/serie-2-duvar-tipi-davlumbaz-60-cm-paslanmaz-celik-2\/","title":{"rendered":"Serie | 2 Duvar Tipi Davlumbaz 60 cm Paslanmaz \u00c7elik"},"content":{"rendered":"<p>Duvara monte ba\u015fl\u0131k<br \/>\nKutu tasar\u0131m\u0131<br \/>\nCihaz rengi: f\u0131r\u00e7alanm\u0131\u015f \u00e7elik<br \/>\nEnerji Verimlili\u011fi S\u0131n\u0131f\u0131: D *<br \/>\nOrtalama Enerji T\u00fcketimi: 53,1 kWh \/ y\u0131l *<br \/>\n\u00dcfleyici Verimlilik S\u0131n\u0131f\u0131: E *<br \/>\nAyd\u0131nlatma Verimlili\u011fi S\u0131n\u0131f\u0131: A *<br \/>\nGres Filtreleme Verimlili\u011fi S\u0131n\u0131f\u0131: B *<br \/>\nG\u00fcr\u00fclt\u00fc min.\/maks.<br \/>\nNormal Seviye: 48\/63 dB *<br \/>\nG\u00fc\u00e7 seviyesi: 100 W<br \/>\nBasma d\u00fc\u011fmeleri ile 3 h\u0131z 2 x 1,5W<br \/>\nLED I\u015f\u0131k Yo\u011funlu\u011fu: 99 lux<br \/>\nRenk s\u0131cakl\u0131\u011f\u0131: 3500 K<br \/>\n\u00c7ap borusu \u00d8 150 mm (\u00d8 120 mm kapal\u0131)<br \/>\nAt\u0131k hava boyutlar\u0131 (YxGxD): 635-965 MM x 600 x 500 mm<br \/>\nDevridaim yapan boyutlar (YxGxD): 635-1075 MM x 600 x 500 mm CleanAir mod\u00fcl\u00fc (YxGxD) ile devridaim eden boyutlar: 703 x 600 x 500 mm \u2013 d\u0131\u015f baca ile montaj 833-1163 x 600 x 500 mm \u2013 teleskopik baca ile montaj<br \/>\nCleanAir mod\u00fcl\u00fc (YxGxD) ile devridaim eden boyutlar; 703 x 600 x 500 mm \u2013 d\u0131\u015f baca ile montaj 833-1163 x 600 x 500 mm \u2013 teleskopik baca ile montaj CleanAir mod\u00fcl\u00fc (YxGxD) ile devridaim eden boyutlar: 703 x 600 x 500 mm \u2013 d\u0131\u015f baca ile montaj 833-1163 x 600 x 500 mm \u2013 teleskopik baca ile montaj<br \/>\n\u00c7ift kanall\u0131 y\u00fcksek performansl\u0131 fan motoru Sirk\u00fclasyonlu ekstraksiyon sirk\u00fclasyon kiti veya CleanAir sirk\u00fclasyon kiti (aksesuar) gerekir<br \/>\nEN 61591\u2019e g\u00f6re emi\u015f h\u0131z\u0131 egzoz havas\u0131 maks. 365 m\u00b3 \/ s<br \/>\nEN 61591\u2019e g\u00f6re maksimum tahliye oran\u0131 egzoz havas\u0131 365 m\u00b3 \/ s<br \/>\nEN 60704-3 ve EN 60704-2-13 uyar\u0131nca maks. normal kullan\u0131m egzoz havas\u0131: 63 dB (A) re 1 pW (50 dB (A) re 20 \u00b5Pa ses bas\u0131nc\u0131)<br \/>\nDevridaim modunda emi\u015f g\u00fcc\u00fc: Maks. normal kullan\u0131m: 196 m\u00b3 \/ s Devridaim modunda g\u00fcr\u00fclt\u00fc seviyesi: Maks. normal kullan\u0131m: 66 dB (A) re 1 pW (53 dB (A) re 20 \u00b5Pa ses bas\u0131nc\u0131)<br \/>\nMetal ya\u011f filtresi, bula\u015f\u0131k makinesinde y\u0131kanabilir<br \/>\nElektrik kablosu uzunlu\u011fu 1.3 m<\/p>","protected":false},"excerpt":{"rendered":"<p>Duvara monte ba\u015fl\u0131k Kutu tasar\u0131m\u0131 Cihaz rengi: f\u0131r\u00e7alanm\u0131\u015f \u00e7elik Enerji Verimlili\u011fi S\u0131n\u0131f\u0131: D * Ortalama Enerji T\u00fcketimi: 53,1 kWh \/ y\u0131l * \u00dcfleyici Verimlilik S\u0131n\u0131f\u0131: E * Ayd\u0131nlatma Verimlili\u011fi S\u0131n\u0131f\u0131: A * Gres Filtreleme Verimlili\u011fi S\u0131n\u0131f\u0131: B * G\u00fcr\u00fclt\u00fc min.\/maks. Normal Seviye: 48\/63 dB * G\u00fc\u00e7 seviyesi: 100 W Basma d\u00fc\u011fmeleri ile 3 h\u0131z 2 [&hellip;]<\/p>","protected":false},"featured_media":9570,"comment_status":"open","ping_status":"closed","template":"","meta":{"om_disable_all_campaigns":false,"_monsterinsights_skip_tracking":false,"_monsterinsights_sitenote_active":false,"_monsterinsights_sitenote_note":"","_monsterinsights_sitenote_category":0,"_joinchat":[]},"product_brand":[],"product_cat":[207,209],"product_tag":[],"class_list":{"0":"post-9568","1":"product","2":"type-product","3":"status-publish","4":"has-post-thumbnail","6":"product_cat-davlumbazlar","7":"product_cat-duvar-tipi-davlumbazlar","8":"ts_product_brand-bosch","10":"first","11":"instock","12":"shipping-taxable","13":"product-type-simple","14":"add-to-wishlist-after_add_to_cart"},"aioseo_notices":[],"_links":{"self":[{"href":"https:\/\/cyprusbosch.com\/en\/wp-json\/wp\/v2\/product\/9568","targetHints":{"allow":["GET"]}}],"collection":[{"href":"https:\/\/cyprusbosch.com\/en\/wp-json\/wp\/v2\/product"}],"about":[{"href":"https:\/\/cyprusbosch.com\/en\/wp-json\/wp\/v2\/types\/product"}],"replies":[{"embeddable":true,"href":"https:\/\/cyprusbosch.com\/en\/wp-json\/wp\/v2\/comments?post=9568"}],"wp:featuredmedia":[{"embeddable":true,"href":"https:\/\/cyprusbosch.com\/en\/wp-json\/wp\/v2\/media\/9570"}],"wp:attachment":[{"href":"https:\/\/cyprusbosch.com\/en\/wp-json\/wp\/v2\/media?parent=9568"}],"wp:term":[{"taxonomy":"product_brand","embeddable":true,"href":"https:\/\/cyprusbosch.com\/en\/wp-json\/wp\/v2\/product_brand?post=9568"},{"taxonomy":"product_cat","embeddable":true,"href":"https:\/\/cyprusbosch.com\/en\/wp-json\/wp\/v2\/product_cat?post=9568"},{"taxonomy":"product_tag","embeddable":true,"href":"https:\/\/cyprusbosch.com\/en\/wp-json\/wp\/v2\/product_tag?post=9568"}],"curies":[{"name":"wp","href":"https:\/\/api.w.org\/{rel}","templated":true}]}}