{"id":9592,"date":"2025-03-16T11:30:56","date_gmt":"2025-03-16T11:30:56","guid":{"rendered":"https:\/\/cyprusbosch.com\/?post_type=product&#038;p=9592"},"modified":"2025-03-16T11:30:56","modified_gmt":"2025-03-16T11:30:56","slug":"serie-8-gazli-elektrikli-ocak-60-cm-seramik-siyah","status":"publish","type":"product","link":"https:\/\/cyprusbosch.com\/en\/product\/serie-8-gazli-elektrikli-ocak-60-cm-seramik-siyah\/","title":{"rendered":"Serie | 8 Gazl\u0131\/Elektrikli Ocak 60 cm Seramik, Siyah"},"content":{"rendered":"<p>Y\u00fckseklik: 47 mm<br \/>\nGeni\u015flik: 606 mm<br \/>\nDerinlik: 527 mm<br \/>\n3 gaz 1 elektrik d\u00f6k\u00fcm ba\u015fl\u0131kl\u0131 seramik ocak<br \/>\nOcak tipi: Gazl\u0131 ve Elektrikli ocak<br \/>\nAyn\u0131 anda kullan\u0131labilecek toplam pozisyon say\u0131s\u0131: 3<br \/>\nIs\u0131tma elemanlar\u0131n\u0131n g\u00fcc\u00fc: 1 x 0.7 KW, 1 x 1.1 KW, 1 x 1.9 KW, 1 x 2.8 KW<br \/>\nTemel y\u00fczey malzemesi: Seramik<br \/>\n\u00c7er\u00e7eve tipi: Tasar\u0131m \u00e7er\u00e7evesi<br \/>\n\u00dcr\u00fcn\u00fcn ana rengi: Siyah<br \/>\nOca\u011f\u0131n enerji t\u00fcketimi: 194.0 Wh\/kg<br \/>\nOca\u011f\u0131n enerji verimlili\u011fi: %59.7<\/p>","protected":false},"excerpt":{"rendered":"<p>Y\u00fckseklik: 47 mm Geni\u015flik: 606 mm Derinlik: 527 mm 3 gaz 1 elektrik d\u00f6k\u00fcm ba\u015fl\u0131kl\u0131 seramik ocak Ocak tipi: Gazl\u0131 ve Elektrikli ocak Ayn\u0131 anda kullan\u0131labilecek toplam pozisyon say\u0131s\u0131: 3 Is\u0131tma elemanlar\u0131n\u0131n g\u00fcc\u00fc: 1 x 0.7 KW, 1 x 1.1 KW, 1 x 1.9 KW, 1 x 2.8 KW Temel y\u00fczey malzemesi: Seramik \u00c7er\u00e7eve tipi: [&hellip;]<\/p>","protected":false},"featured_media":9593,"comment_status":"open","ping_status":"closed","template":"","meta":{"om_disable_all_campaigns":false,"_monsterinsights_skip_tracking":false,"_monsterinsights_sitenote_active":false,"_monsterinsights_sitenote_note":"","_monsterinsights_sitenote_category":0,"_joinchat":[]},"product_brand":[],"product_cat":[197],"product_tag":[],"class_list":{"0":"post-9592","1":"product","2":"type-product","3":"status-publish","4":"has-post-thumbnail","6":"product_cat-ocaklar","7":"ts_product_brand-bosch","9":"first","10":"instock","11":"shipping-taxable","12":"product-type-simple","13":"add-to-wishlist-after_add_to_cart"},"aioseo_notices":[],"_links":{"self":[{"href":"https:\/\/cyprusbosch.com\/en\/wp-json\/wp\/v2\/product\/9592","targetHints":{"allow":["GET"]}}],"collection":[{"href":"https:\/\/cyprusbosch.com\/en\/wp-json\/wp\/v2\/product"}],"about":[{"href":"https:\/\/cyprusbosch.com\/en\/wp-json\/wp\/v2\/types\/product"}],"replies":[{"embeddable":true,"href":"https:\/\/cyprusbosch.com\/en\/wp-json\/wp\/v2\/comments?post=9592"}],"wp:featuredmedia":[{"embeddable":true,"href":"https:\/\/cyprusbosch.com\/en\/wp-json\/wp\/v2\/media\/9593"}],"wp:attachment":[{"href":"https:\/\/cyprusbosch.com\/en\/wp-json\/wp\/v2\/media?parent=9592"}],"wp:term":[{"taxonomy":"product_brand","embeddable":true,"href":"https:\/\/cyprusbosch.com\/en\/wp-json\/wp\/v2\/product_brand?post=9592"},{"taxonomy":"product_cat","embeddable":true,"href":"https:\/\/cyprusbosch.com\/en\/wp-json\/wp\/v2\/product_cat?post=9592"},{"taxonomy":"product_tag","embeddable":true,"href":"https:\/\/cyprusbosch.com\/en\/wp-json\/wp\/v2\/product_tag?post=9592"}],"curies":[{"name":"wp","href":"https:\/\/api.w.org\/{rel}","templated":true}]}}