{"id":9605,"date":"2025-03-16T11:34:15","date_gmt":"2025-03-16T11:34:15","guid":{"rendered":"https:\/\/cyprusbosch.com\/?post_type=product&#038;p=9605"},"modified":"2025-03-16T11:34:15","modified_gmt":"2025-03-16T11:34:15","slug":"serie-8-gazli-ocak-90-cm-seramik-cam-siyah","status":"publish","type":"product","link":"https:\/\/cyprusbosch.com\/en\/product\/serie-8-gazli-ocak-90-cm-seramik-cam-siyah\/","title":{"rendered":"Serie | 8 Gazl\u0131 Ocak 90 cm Seramik Cam, Siyah"},"content":{"rendered":"<p>FlameSelect ile seramik cam gazl\u0131 ocak: tam olarak tan\u0131mlanm\u0131\u015f dokuz g\u00fc\u00e7 seviyesi sayesinde m\u00fckemmel pi\u015firme sonu\u00e7lar\u0131 elde edin.<br \/>\nFlameSelect: Alevin dokuz tan\u0131mlanm\u0131\u015f seviyede hassas bir \u015fekilde ayarlanmas\u0131nda.<br \/>\n\u00c7ift wok br\u00fcl\u00f6r: 6 kW\u2019a kadar \u00e7ok g\u00fc\u00e7l\u00fc pi\u015firme i\u00e7in \u00e7ift alev sistemi (gaz tipine ba\u011fl\u0131 olarak).<br \/>\n\u0130ki \u0131s\u0131 se\u00e7ene\u011fine sahip \u00e7ift alev g\u00fcc\u00fc br\u00fcl\u00f6r\u00fc, h\u0131zl\u0131 bir \u015fekilde su kaynat\u0131n veya hassas bir kaynama sa\u011flay\u0131n.<br \/>\nBula\u015f\u0131k makinesine dayan\u0131kl\u0131 tava destekler: bula\u015f\u0131k makinesinde rahat bir temizlik i\u00e7in.<br \/>\nSeramik cam, daha iyi dikey iletim ile \u00e7ok daha ince ve dayan\u0131kl\u0131d\u0131r.<\/p>","protected":false},"excerpt":{"rendered":"<p>FlameSelect ile seramik cam gazl\u0131 ocak: tam olarak tan\u0131mlanm\u0131\u015f dokuz g\u00fc\u00e7 seviyesi sayesinde m\u00fckemmel pi\u015firme sonu\u00e7lar\u0131 elde edin. FlameSelect: Alevin dokuz tan\u0131mlanm\u0131\u015f seviyede hassas bir \u015fekilde ayarlanmas\u0131nda. \u00c7ift wok br\u00fcl\u00f6r: 6 kW\u2019a kadar \u00e7ok g\u00fc\u00e7l\u00fc pi\u015firme i\u00e7in \u00e7ift alev sistemi (gaz tipine ba\u011fl\u0131 olarak). \u0130ki \u0131s\u0131 se\u00e7ene\u011fine sahip \u00e7ift alev g\u00fcc\u00fc br\u00fcl\u00f6r\u00fc, h\u0131zl\u0131 bir \u015fekilde [&hellip;]<\/p>","protected":false},"featured_media":9607,"comment_status":"open","ping_status":"closed","template":"","meta":{"om_disable_all_campaigns":false,"_monsterinsights_skip_tracking":false,"_monsterinsights_sitenote_active":false,"_monsterinsights_sitenote_note":"","_monsterinsights_sitenote_category":0,"_joinchat":[]},"product_brand":[],"product_cat":[197],"product_tag":[],"class_list":{"0":"post-9605","1":"product","2":"type-product","3":"status-publish","4":"has-post-thumbnail","6":"product_cat-ocaklar","7":"ts_product_brand-bosch","9":"first","10":"instock","11":"shipping-taxable","12":"product-type-simple","13":"add-to-wishlist-after_add_to_cart"},"aioseo_notices":[],"_links":{"self":[{"href":"https:\/\/cyprusbosch.com\/en\/wp-json\/wp\/v2\/product\/9605","targetHints":{"allow":["GET"]}}],"collection":[{"href":"https:\/\/cyprusbosch.com\/en\/wp-json\/wp\/v2\/product"}],"about":[{"href":"https:\/\/cyprusbosch.com\/en\/wp-json\/wp\/v2\/types\/product"}],"replies":[{"embeddable":true,"href":"https:\/\/cyprusbosch.com\/en\/wp-json\/wp\/v2\/comments?post=9605"}],"wp:featuredmedia":[{"embeddable":true,"href":"https:\/\/cyprusbosch.com\/en\/wp-json\/wp\/v2\/media\/9607"}],"wp:attachment":[{"href":"https:\/\/cyprusbosch.com\/en\/wp-json\/wp\/v2\/media?parent=9605"}],"wp:term":[{"taxonomy":"product_brand","embeddable":true,"href":"https:\/\/cyprusbosch.com\/en\/wp-json\/wp\/v2\/product_brand?post=9605"},{"taxonomy":"product_cat","embeddable":true,"href":"https:\/\/cyprusbosch.com\/en\/wp-json\/wp\/v2\/product_cat?post=9605"},{"taxonomy":"product_tag","embeddable":true,"href":"https:\/\/cyprusbosch.com\/en\/wp-json\/wp\/v2\/product_tag?post=9605"}],"curies":[{"name":"wp","href":"https:\/\/api.w.org\/{rel}","templated":true}]}}