{"id":9612,"date":"2025-03-16T11:35:54","date_gmt":"2025-03-16T11:35:54","guid":{"rendered":"https:\/\/cyprusbosch.com\/?post_type=product&#038;p=9612"},"modified":"2025-03-16T11:35:54","modified_gmt":"2025-03-16T11:35:54","slug":"serie-6-gazli-ocak-75-cm-paslanmaz-celik","status":"publish","type":"product","link":"https:\/\/cyprusbosch.com\/en\/product\/serie-6-gazli-ocak-75-cm-paslanmaz-celik\/","title":{"rendered":"Serie | 6 Gazl\u0131 Ocak 75 cm Paslanmaz \u00e7elik"},"content":{"rendered":"<p>Y\u00fckseklik: 53 mm<br \/>\nGeni\u015flik: 750 mm<br \/>\nDerinlik: 520 mm<br \/>\n5 gaz 1 Wok d\u00f6k\u00fcm ba\u015fl\u0131kl\u0131 ocak<br \/>\nOcak tipi: Gazl\u0131<br \/>\nAyn\u0131 anda kullan\u0131labilecek toplam pozisyon say\u0131s\u0131: 5<br \/>\nIs\u0131tma elemanlar\u0131n\u0131n g\u00fcc\u00fc: 1 x 1.0 KW, 1 x 3.0 KW, 1 x 5.0 KW, 2 x 1.75 KW<br \/>\nTemel y\u00fczey malzemesi: Paslanmaz \u00c7elik<br \/>\n\u00c7er\u00e7eve tipi: \u00c7er\u00e7evesiz<br \/>\n\u00dcr\u00fcn\u00fcn ana rengi: Paslanmaz \u00c7elik<br \/>\nOca\u011f\u0131n enerji verimlili\u011fi: %58.5<\/p>","protected":false},"excerpt":{"rendered":"<p>Y\u00fckseklik: 53 mm Geni\u015flik: 750 mm Derinlik: 520 mm 5 gaz 1 Wok d\u00f6k\u00fcm ba\u015fl\u0131kl\u0131 ocak Ocak tipi: Gazl\u0131 Ayn\u0131 anda kullan\u0131labilecek toplam pozisyon say\u0131s\u0131: 5 Is\u0131tma elemanlar\u0131n\u0131n g\u00fcc\u00fc: 1 x 1.0 KW, 1 x 3.0 KW, 1 x 5.0 KW, 2 x 1.75 KW Temel y\u00fczey malzemesi: Paslanmaz \u00c7elik \u00c7er\u00e7eve tipi: \u00c7er\u00e7evesiz \u00dcr\u00fcn\u00fcn ana [&hellip;]<\/p>","protected":false},"featured_media":9616,"comment_status":"open","ping_status":"closed","template":"","meta":{"om_disable_all_campaigns":false,"_monsterinsights_skip_tracking":false,"_monsterinsights_sitenote_active":false,"_monsterinsights_sitenote_note":"","_monsterinsights_sitenote_category":0,"_joinchat":[]},"product_brand":[],"product_cat":[197],"product_tag":[],"class_list":{"0":"post-9612","1":"product","2":"type-product","3":"status-publish","4":"has-post-thumbnail","6":"product_cat-ocaklar","7":"ts_product_brand-bosch","9":"first","10":"instock","11":"shipping-taxable","12":"product-type-simple","13":"add-to-wishlist-after_add_to_cart"},"aioseo_notices":[],"_links":{"self":[{"href":"https:\/\/cyprusbosch.com\/en\/wp-json\/wp\/v2\/product\/9612","targetHints":{"allow":["GET"]}}],"collection":[{"href":"https:\/\/cyprusbosch.com\/en\/wp-json\/wp\/v2\/product"}],"about":[{"href":"https:\/\/cyprusbosch.com\/en\/wp-json\/wp\/v2\/types\/product"}],"replies":[{"embeddable":true,"href":"https:\/\/cyprusbosch.com\/en\/wp-json\/wp\/v2\/comments?post=9612"}],"wp:featuredmedia":[{"embeddable":true,"href":"https:\/\/cyprusbosch.com\/en\/wp-json\/wp\/v2\/media\/9616"}],"wp:attachment":[{"href":"https:\/\/cyprusbosch.com\/en\/wp-json\/wp\/v2\/media?parent=9612"}],"wp:term":[{"taxonomy":"product_brand","embeddable":true,"href":"https:\/\/cyprusbosch.com\/en\/wp-json\/wp\/v2\/product_brand?post=9612"},{"taxonomy":"product_cat","embeddable":true,"href":"https:\/\/cyprusbosch.com\/en\/wp-json\/wp\/v2\/product_cat?post=9612"},{"taxonomy":"product_tag","embeddable":true,"href":"https:\/\/cyprusbosch.com\/en\/wp-json\/wp\/v2\/product_tag?post=9612"}],"curies":[{"name":"wp","href":"https:\/\/api.w.org\/{rel}","templated":true}]}}