{"id":9625,"date":"2025-03-16T11:38:47","date_gmt":"2025-03-16T11:38:47","guid":{"rendered":"https:\/\/cyprusbosch.com\/?post_type=product&#038;p=9625"},"modified":"2025-03-16T11:38:47","modified_gmt":"2025-03-16T11:38:47","slug":"ankastre-60-cm-ocak-cam-seramik","status":"publish","type":"product","link":"https:\/\/cyprusbosch.com\/en\/product\/ankastre-60-cm-ocak-cam-seramik\/","title":{"rendered":"Ankastre 60 cm Ocak, Cam Seramik"},"content":{"rendered":"<p>Cihaz boyutlar\u0131: 45 x 592 x 522 mm<br \/>\nNet A\u011f\u0131rl\u0131k: 7,8 kg<br \/>\n\u00dcst y\u00fczeyin rengi: Beyaz<br \/>\nG\u00f6mme\/ba\u011f\u0131ms\u0131z: Yerle\u015fik<br \/>\nTasar\u0131m Hatt\u0131: \u00c7er\u00e7evesiz<br \/>\nPi\u015firme y\u00fczeylerinin say\u0131s\u0131: 0<br \/>\nBr\u00fcl\u00f6r say\u0131s\u0131: 4<br \/>\n\u00c7er\u00e7eve tipi: \u00c7er\u00e7evesiz<br \/>\nKurulum Tipi: Kat\u0131\u015ft\u0131r\u0131lm\u0131\u015f<br \/>\nAyn\u0131 anda kullan\u0131m i\u00e7in br\u00fcl\u00f6r say\u0131s\u0131: 4<br \/>\nRadyal \u0131s\u0131tmal\u0131 br\u00fcl\u00f6r say\u0131s\u0131: 4<\/p>","protected":false},"excerpt":{"rendered":"<p>Cihaz boyutlar\u0131: 45 x 592 x 522 mm Net A\u011f\u0131rl\u0131k: 7,8 kg \u00dcst y\u00fczeyin rengi: Beyaz G\u00f6mme\/ba\u011f\u0131ms\u0131z: Yerle\u015fik Tasar\u0131m Hatt\u0131: \u00c7er\u00e7evesiz Pi\u015firme y\u00fczeylerinin say\u0131s\u0131: 0 Br\u00fcl\u00f6r say\u0131s\u0131: 4 \u00c7er\u00e7eve tipi: \u00c7er\u00e7evesiz Kurulum Tipi: Kat\u0131\u015ft\u0131r\u0131lm\u0131\u015f Ayn\u0131 anda kullan\u0131m i\u00e7in br\u00fcl\u00f6r say\u0131s\u0131: 4 Radyal \u0131s\u0131tmal\u0131 br\u00fcl\u00f6r say\u0131s\u0131: 4<\/p>","protected":false},"featured_media":9628,"comment_status":"open","ping_status":"closed","template":"","meta":{"om_disable_all_campaigns":false,"_monsterinsights_skip_tracking":false,"_monsterinsights_sitenote_active":false,"_monsterinsights_sitenote_note":"","_monsterinsights_sitenote_category":0,"_joinchat":[]},"product_brand":[],"product_cat":[197],"product_tag":[],"class_list":{"0":"post-9625","1":"product","2":"type-product","3":"status-publish","4":"has-post-thumbnail","6":"product_cat-ocaklar","7":"ts_product_brand-bosch","9":"first","10":"instock","11":"shipping-taxable","12":"product-type-simple","13":"add-to-wishlist-after_add_to_cart"},"aioseo_notices":[],"_links":{"self":[{"href":"https:\/\/cyprusbosch.com\/en\/wp-json\/wp\/v2\/product\/9625","targetHints":{"allow":["GET"]}}],"collection":[{"href":"https:\/\/cyprusbosch.com\/en\/wp-json\/wp\/v2\/product"}],"about":[{"href":"https:\/\/cyprusbosch.com\/en\/wp-json\/wp\/v2\/types\/product"}],"replies":[{"embeddable":true,"href":"https:\/\/cyprusbosch.com\/en\/wp-json\/wp\/v2\/comments?post=9625"}],"wp:featuredmedia":[{"embeddable":true,"href":"https:\/\/cyprusbosch.com\/en\/wp-json\/wp\/v2\/media\/9628"}],"wp:attachment":[{"href":"https:\/\/cyprusbosch.com\/en\/wp-json\/wp\/v2\/media?parent=9625"}],"wp:term":[{"taxonomy":"product_brand","embeddable":true,"href":"https:\/\/cyprusbosch.com\/en\/wp-json\/wp\/v2\/product_brand?post=9625"},{"taxonomy":"product_cat","embeddable":true,"href":"https:\/\/cyprusbosch.com\/en\/wp-json\/wp\/v2\/product_cat?post=9625"},{"taxonomy":"product_tag","embeddable":true,"href":"https:\/\/cyprusbosch.com\/en\/wp-json\/wp\/v2\/product_tag?post=9625"}],"curies":[{"name":"wp","href":"https:\/\/api.w.org\/{rel}","templated":true}]}}