{"id":9630,"date":"2025-03-16T11:40:47","date_gmt":"2025-03-16T11:40:47","guid":{"rendered":"https:\/\/cyprusbosch.com\/?post_type=product&#038;p=9630"},"modified":"2025-03-16T11:40:47","modified_gmt":"2025-03-16T11:40:47","slug":"serie-6-elektrikli-ocak-60-cm-siyah","status":"publish","type":"product","link":"https:\/\/cyprusbosch.com\/en\/product\/serie-6-elektrikli-ocak-60-cm-siyah\/","title":{"rendered":"Serie | 6 Elektrikli Ocak 60 cm Siyah"},"content":{"rendered":"<p>Y\u00fckseklik: 44 mm<br \/>\nGeni\u015flik: 606 mm<br \/>\nDerinlik: 527 mm<br \/>\n4 elektrikli<br \/>\nDijital g\u00f6sterge ve \u00e7ocuk emniyeti<br \/>\nOcak tipi: Elektrikli<br \/>\nAyn\u0131 anda kullan\u0131labilecek toplam pozisyon say\u0131s\u0131: 4<br \/>\nIs\u0131tma elemanlar\u0131n\u0131n g\u00fcc\u00fc: 1 x 2.0 KW, 1 x 2.1 (2.6) kW, 2 x 1.2 KW<br \/>\nTemel y\u00fczey malzemesi: Seramik<br \/>\n\u00c7er\u00e7eve tipi: Tasar\u0131m \u00c7er\u00e7evesi<br \/>\n\u00dcr\u00fcn\u00fcn ana rengi: Siyah<\/p>","protected":false},"excerpt":{"rendered":"<p>Y\u00fckseklik: 44 mm Geni\u015flik: 606 mm Derinlik: 527 mm 4 elektrikli Dijital g\u00f6sterge ve \u00e7ocuk emniyeti Ocak tipi: Elektrikli Ayn\u0131 anda kullan\u0131labilecek toplam pozisyon say\u0131s\u0131: 4 Is\u0131tma elemanlar\u0131n\u0131n g\u00fcc\u00fc: 1 x 2.0 KW, 1 x 2.1 (2.6) kW, 2 x 1.2 KW Temel y\u00fczey malzemesi: Seramik \u00c7er\u00e7eve tipi: Tasar\u0131m \u00c7er\u00e7evesi \u00dcr\u00fcn\u00fcn ana rengi: Siyah<\/p>","protected":false},"featured_media":9633,"comment_status":"open","ping_status":"closed","template":"","meta":{"om_disable_all_campaigns":false,"_monsterinsights_skip_tracking":false,"_monsterinsights_sitenote_active":false,"_monsterinsights_sitenote_note":"","_monsterinsights_sitenote_category":0,"_joinchat":[]},"product_brand":[],"product_cat":[197],"product_tag":[],"class_list":{"0":"post-9630","1":"product","2":"type-product","3":"status-publish","4":"has-post-thumbnail","6":"product_cat-ocaklar","7":"ts_product_brand-bosch","9":"first","10":"instock","11":"shipping-taxable","12":"product-type-simple","13":"add-to-wishlist-after_add_to_cart"},"aioseo_notices":[],"_links":{"self":[{"href":"https:\/\/cyprusbosch.com\/en\/wp-json\/wp\/v2\/product\/9630","targetHints":{"allow":["GET"]}}],"collection":[{"href":"https:\/\/cyprusbosch.com\/en\/wp-json\/wp\/v2\/product"}],"about":[{"href":"https:\/\/cyprusbosch.com\/en\/wp-json\/wp\/v2\/types\/product"}],"replies":[{"embeddable":true,"href":"https:\/\/cyprusbosch.com\/en\/wp-json\/wp\/v2\/comments?post=9630"}],"wp:featuredmedia":[{"embeddable":true,"href":"https:\/\/cyprusbosch.com\/en\/wp-json\/wp\/v2\/media\/9633"}],"wp:attachment":[{"href":"https:\/\/cyprusbosch.com\/en\/wp-json\/wp\/v2\/media?parent=9630"}],"wp:term":[{"taxonomy":"product_brand","embeddable":true,"href":"https:\/\/cyprusbosch.com\/en\/wp-json\/wp\/v2\/product_brand?post=9630"},{"taxonomy":"product_cat","embeddable":true,"href":"https:\/\/cyprusbosch.com\/en\/wp-json\/wp\/v2\/product_cat?post=9630"},{"taxonomy":"product_tag","embeddable":true,"href":"https:\/\/cyprusbosch.com\/en\/wp-json\/wp\/v2\/product_tag?post=9630"}],"curies":[{"name":"wp","href":"https:\/\/api.w.org\/{rel}","templated":true}]}}