{"id":9641,"date":"2025-03-16T11:44:07","date_gmt":"2025-03-16T11:44:07","guid":{"rendered":"https:\/\/cyprusbosch.com\/?post_type=product&#038;p=9641"},"modified":"2025-03-16T11:44:07","modified_gmt":"2025-03-16T11:44:07","slug":"serie-6-elektrikli-ocak-80-cm-siyah-yuzeye-montaj-cercevesiz","status":"publish","type":"product","link":"https:\/\/cyprusbosch.com\/en\/product\/serie-6-elektrikli-ocak-80-cm-siyah-yuzeye-montaj-cercevesiz\/","title":{"rendered":"Serie | 6 Elektrikli Ocak 80 cm Siyah, Y\u00fczeye Montaj \u00c7er\u00e7evesiz"},"content":{"rendered":"<p>Y\u00fckseklik: 45 mm<br \/>\nGeni\u015flik: 802 mm<br \/>\nDerinlik: 522 mm<br \/>\n4 elektrikli<br \/>\nDijital g\u00f6sterge ve \u00e7ocuk emniyeti<br \/>\nOcak tipi: Elektrikli<br \/>\nAyn\u0131 anda kullan\u0131labilecek toplam pozisyon say\u0131s\u0131: 4<br \/>\nIs\u0131tma elemanlar\u0131n\u0131n g\u00fcc\u00fc: 1 x 1.2 KW, 1 x 2.0 KW, 1 x 2.1 (3.0) kW, 1 x 2.6 KW<br \/>\nTemel y\u00fczey malzemesi: Seramik<br \/>\n\u00c7er\u00e7eve tipi: \u00c7er\u00e7evesiz<br \/>\n\u00dcr\u00fcn\u00fcn ana rengi: Siyah<\/p>","protected":false},"excerpt":{"rendered":"<p>Y\u00fckseklik: 45 mm Geni\u015flik: 802 mm Derinlik: 522 mm 4 elektrikli Dijital g\u00f6sterge ve \u00e7ocuk emniyeti Ocak tipi: Elektrikli Ayn\u0131 anda kullan\u0131labilecek toplam pozisyon say\u0131s\u0131: 4 Is\u0131tma elemanlar\u0131n\u0131n g\u00fcc\u00fc: 1 x 1.2 KW, 1 x 2.0 KW, 1 x 2.1 (3.0) kW, 1 x 2.6 KW Temel y\u00fczey malzemesi: Seramik \u00c7er\u00e7eve tipi: \u00c7er\u00e7evesiz \u00dcr\u00fcn\u00fcn ana [&hellip;]<\/p>","protected":false},"featured_media":9643,"comment_status":"open","ping_status":"closed","template":"","meta":{"om_disable_all_campaigns":false,"_monsterinsights_skip_tracking":false,"_monsterinsights_sitenote_active":false,"_monsterinsights_sitenote_note":"","_monsterinsights_sitenote_category":0,"_joinchat":[]},"product_brand":[],"product_cat":[197],"product_tag":[],"class_list":{"0":"post-9641","1":"product","2":"type-product","3":"status-publish","4":"has-post-thumbnail","6":"product_cat-ocaklar","7":"ts_product_brand-bosch","9":"first","10":"instock","11":"shipping-taxable","12":"product-type-simple","13":"add-to-wishlist-after_add_to_cart"},"aioseo_notices":[],"_links":{"self":[{"href":"https:\/\/cyprusbosch.com\/en\/wp-json\/wp\/v2\/product\/9641","targetHints":{"allow":["GET"]}}],"collection":[{"href":"https:\/\/cyprusbosch.com\/en\/wp-json\/wp\/v2\/product"}],"about":[{"href":"https:\/\/cyprusbosch.com\/en\/wp-json\/wp\/v2\/types\/product"}],"replies":[{"embeddable":true,"href":"https:\/\/cyprusbosch.com\/en\/wp-json\/wp\/v2\/comments?post=9641"}],"wp:featuredmedia":[{"embeddable":true,"href":"https:\/\/cyprusbosch.com\/en\/wp-json\/wp\/v2\/media\/9643"}],"wp:attachment":[{"href":"https:\/\/cyprusbosch.com\/en\/wp-json\/wp\/v2\/media?parent=9641"}],"wp:term":[{"taxonomy":"product_brand","embeddable":true,"href":"https:\/\/cyprusbosch.com\/en\/wp-json\/wp\/v2\/product_brand?post=9641"},{"taxonomy":"product_cat","embeddable":true,"href":"https:\/\/cyprusbosch.com\/en\/wp-json\/wp\/v2\/product_cat?post=9641"},{"taxonomy":"product_tag","embeddable":true,"href":"https:\/\/cyprusbosch.com\/en\/wp-json\/wp\/v2\/product_tag?post=9641"}],"curies":[{"name":"wp","href":"https:\/\/api.w.org\/{rel}","templated":true}]}}