{"id":9645,"date":"2025-03-16T11:45:38","date_gmt":"2025-03-16T11:45:38","guid":{"rendered":"https:\/\/cyprusbosch.com\/?post_type=product&#038;p=9645"},"modified":"2025-03-16T11:45:38","modified_gmt":"2025-03-16T11:45:38","slug":"serie-4-induksiyonlu-ocak-60-cm-siyah-cercevesiz-yuzey","status":"publish","type":"product","link":"https:\/\/cyprusbosch.com\/en\/product\/serie-4-induksiyonlu-ocak-60-cm-siyah-cercevesiz-yuzey\/","title":{"rendered":"Serie | 4 \u0130nd\u00fcksiyonlu Ocak 60 cm Siyah, \u00c7er\u00e7evesiz Y\u00fczey"},"content":{"rendered":"<p>Y\u00fckseklik: 51 mm<br \/>\nGeni\u015flik: 592 mm<br \/>\nDerinlik: 522 mm<br \/>\n\u0130nd\u00fcksiyonlu 4 elektrikli<br \/>\nDijital g\u00f6sterge ve \u00e7ocuk emniyeti<br \/>\nOcak tipi: \u0130nd\u00fcksiyon<br \/>\nAyn\u0131 anda kullan\u0131labilecek toplam pozisyon say\u0131s\u0131: 4<br \/>\nIs\u0131tma elemanlar\u0131n\u0131n g\u00fcc\u00fc: 1 x 1.4 (2.2) kW, 1 x 2.2 (3.7) kW, 2 x 1.8 (3.1) kW<br \/>\nTemel y\u00fczey malzemesi: Seramik<br \/>\n\u00c7er\u00e7eve tipi: \u00c7er\u00e7evesiz<br \/>\n\u00dcr\u00fcn\u00fcn ana rengi: Siyah<\/p>","protected":false},"excerpt":{"rendered":"<p>Y\u00fckseklik: 51 mm Geni\u015flik: 592 mm Derinlik: 522 mm \u0130nd\u00fcksiyonlu 4 elektrikli Dijital g\u00f6sterge ve \u00e7ocuk emniyeti Ocak tipi: \u0130nd\u00fcksiyon Ayn\u0131 anda kullan\u0131labilecek toplam pozisyon say\u0131s\u0131: 4 Is\u0131tma elemanlar\u0131n\u0131n g\u00fcc\u00fc: 1 x 1.4 (2.2) kW, 1 x 2.2 (3.7) kW, 2 x 1.8 (3.1) kW Temel y\u00fczey malzemesi: Seramik \u00c7er\u00e7eve tipi: \u00c7er\u00e7evesiz \u00dcr\u00fcn\u00fcn ana rengi: [&hellip;]<\/p>","protected":false},"featured_media":9647,"comment_status":"open","ping_status":"closed","template":"","meta":{"om_disable_all_campaigns":false,"_monsterinsights_skip_tracking":false,"_monsterinsights_sitenote_active":false,"_monsterinsights_sitenote_note":"","_monsterinsights_sitenote_category":0,"_joinchat":[]},"product_brand":[],"product_cat":[197],"product_tag":[],"class_list":{"0":"post-9645","1":"product","2":"type-product","3":"status-publish","4":"has-post-thumbnail","6":"product_cat-ocaklar","7":"ts_product_brand-bosch","9":"first","10":"instock","11":"shipping-taxable","12":"product-type-simple","13":"add-to-wishlist-after_add_to_cart"},"aioseo_notices":[],"_links":{"self":[{"href":"https:\/\/cyprusbosch.com\/en\/wp-json\/wp\/v2\/product\/9645","targetHints":{"allow":["GET"]}}],"collection":[{"href":"https:\/\/cyprusbosch.com\/en\/wp-json\/wp\/v2\/product"}],"about":[{"href":"https:\/\/cyprusbosch.com\/en\/wp-json\/wp\/v2\/types\/product"}],"replies":[{"embeddable":true,"href":"https:\/\/cyprusbosch.com\/en\/wp-json\/wp\/v2\/comments?post=9645"}],"wp:featuredmedia":[{"embeddable":true,"href":"https:\/\/cyprusbosch.com\/en\/wp-json\/wp\/v2\/media\/9647"}],"wp:attachment":[{"href":"https:\/\/cyprusbosch.com\/en\/wp-json\/wp\/v2\/media?parent=9645"}],"wp:term":[{"taxonomy":"product_brand","embeddable":true,"href":"https:\/\/cyprusbosch.com\/en\/wp-json\/wp\/v2\/product_brand?post=9645"},{"taxonomy":"product_cat","embeddable":true,"href":"https:\/\/cyprusbosch.com\/en\/wp-json\/wp\/v2\/product_cat?post=9645"},{"taxonomy":"product_tag","embeddable":true,"href":"https:\/\/cyprusbosch.com\/en\/wp-json\/wp\/v2\/product_tag?post=9645"}],"curies":[{"name":"wp","href":"https:\/\/api.w.org\/{rel}","templated":true}]}}