{"id":9650,"date":"2025-03-16T11:47:53","date_gmt":"2025-03-16T11:47:53","guid":{"rendered":"https:\/\/cyprusbosch.com\/?post_type=product&#038;p=9650"},"modified":"2025-03-16T11:47:53","modified_gmt":"2025-03-16T11:47:53","slug":"serie-8-induksiyon-ocagi-90-cm-siyah","status":"publish","type":"product","link":"https:\/\/cyprusbosch.com\/en\/product\/serie-8-induksiyon-ocagi-90-cm-siyah\/","title":{"rendered":"Serie | 8 \u0130nd\u00fcksiyon Oca\u011f\u0131 90 cm Siyah"},"content":{"rendered":"<p>E\u011fimli \u00f6n k\u0131s\u0131m ile paslanmaz \u00e7elik yan profiller<br \/>\n5 \u0130nd\u00fcksiyonlu pi\u015firme b\u00f6lgeleri<br \/>\nDirect Select<br \/>\nPremium Dokunmatik Kontrol<br \/>\nBoyut ve G\u00fc\u00e7<br \/>\nHer pi\u015firme b\u00f6lgesi i\u00e7in 17 g\u00fc\u00e7 seviyesi<br \/>\n\u00d6n solda pi\u015firme b\u00f6lgesi: \u2013 180 mm \u2013 1.8 KW \/ 3.1 KW<br \/>\nG\u00fc\u00e7 takviyeli Pi\u015firme b\u00f6lgesi<br \/>\narka sol: \u2013 180 mm \u2013 1,8 kW \/ 3,1 KW, powerBoost ile Pi\u015firme b\u00f6lgesi arka merkezi: \u2013 210 mm, 260 mm, 320 mm \u2013 3,3 KW, 2,6 KW, 2,2 KW \/ 3,7 KW, 5,5 KW, G\u00fc\u00e7 destekli 4,4 KW<br \/>\nSa\u011f \u00f6n pi\u015firme b\u00f6lgesi: \u2013 210 mm \u2013 2,2 kW \/ 3,7 KW, powerBoost ile Pi\u015firme b\u00f6lgesi arka sa\u011f: \u2013 145 mm \u2013 1,4 KW \/ 2,2 KW, powerBoost ile Konfor ve Rahatl\u0131k<br \/>\nT\u00fcm b\u00f6lgeler i\u00e7in otomatik kapanma \u00f6zelli\u011fine sahip zamanlay\u0131c\u0131<br \/>\nPowerBoost i\u015flevi \u2013 b\u00fcy\u00fck miktarda suyu \u0131s\u0131tmak i\u00e7in gereken zaman\u0131 azalt\u0131n ShortBoost i\u015flevi \u2013 tavalar\u0131 \u0131s\u0131nma s\u00fcresini azalt\u0131n 5 otomatik k\u0131zartma program\u0131yla PerfectFry sens\u00f6r\u00fc<br \/>\nQuickStart \u2013 H\u0131zl\u0131 ve otomatik birinci pot alg\u0131lama<br \/>\nYeniden Ba\u015flat \u2013 \u00d6nceki ayarlar\u0131 h\u0131zl\u0131ca eski durumuna getirir<br \/>\nWipeProtection \u2013 Gitti\u011finizde temizlemek i\u00e7in ayarlar\u0131 h\u0131zla duraklat\u0131r<br \/>\nS\u0131cak tutma fonksiyonu \u2013 bir d\u00fc\u011fmeye dokunarak yiyecekleri s\u0131cak tutmak i\u00e7in d\u00fc\u015f\u00fck ayar<br \/>\nEnerji t\u00fcketim ekran\u0131<br \/>\nHer pi\u015firme b\u00f6lgesi i\u00e7in dijital 2 kademeli art\u0131k \u0131s\u0131 g\u00f6stergesi<br \/>\n\u00c7ocuk emniyeti Otomatik g\u00fcvenlik kapatmas\u0131<br \/>\nEntegre so\u011futma fan\u0131<\/p>","protected":false},"excerpt":{"rendered":"<p>E\u011fimli \u00f6n k\u0131s\u0131m ile paslanmaz \u00e7elik yan profiller 5 \u0130nd\u00fcksiyonlu pi\u015firme b\u00f6lgeleri Direct Select Premium Dokunmatik Kontrol Boyut ve G\u00fc\u00e7 Her pi\u015firme b\u00f6lgesi i\u00e7in 17 g\u00fc\u00e7 seviyesi \u00d6n solda pi\u015firme b\u00f6lgesi: \u2013 180 mm \u2013 1.8 KW \/ 3.1 KW G\u00fc\u00e7 takviyeli Pi\u015firme b\u00f6lgesi arka sol: \u2013 180 mm \u2013 1,8 kW \/ 3,1 KW, [&hellip;]<\/p>","protected":false},"featured_media":9662,"comment_status":"open","ping_status":"closed","template":"","meta":{"om_disable_all_campaigns":false,"_monsterinsights_skip_tracking":false,"_monsterinsights_sitenote_active":false,"_monsterinsights_sitenote_note":"","_monsterinsights_sitenote_category":0,"_joinchat":[]},"product_brand":[],"product_cat":[197],"product_tag":[],"class_list":{"0":"post-9650","1":"product","2":"type-product","3":"status-publish","4":"has-post-thumbnail","6":"product_cat-ocaklar","7":"ts_product_brand-bosch","9":"first","10":"instock","11":"shipping-taxable","12":"product-type-simple","13":"add-to-wishlist-after_add_to_cart"},"aioseo_notices":[],"_links":{"self":[{"href":"https:\/\/cyprusbosch.com\/en\/wp-json\/wp\/v2\/product\/9650","targetHints":{"allow":["GET"]}}],"collection":[{"href":"https:\/\/cyprusbosch.com\/en\/wp-json\/wp\/v2\/product"}],"about":[{"href":"https:\/\/cyprusbosch.com\/en\/wp-json\/wp\/v2\/types\/product"}],"replies":[{"embeddable":true,"href":"https:\/\/cyprusbosch.com\/en\/wp-json\/wp\/v2\/comments?post=9650"}],"wp:featuredmedia":[{"embeddable":true,"href":"https:\/\/cyprusbosch.com\/en\/wp-json\/wp\/v2\/media\/9662"}],"wp:attachment":[{"href":"https:\/\/cyprusbosch.com\/en\/wp-json\/wp\/v2\/media?parent=9650"}],"wp:term":[{"taxonomy":"product_brand","embeddable":true,"href":"https:\/\/cyprusbosch.com\/en\/wp-json\/wp\/v2\/product_brand?post=9650"},{"taxonomy":"product_cat","embeddable":true,"href":"https:\/\/cyprusbosch.com\/en\/wp-json\/wp\/v2\/product_cat?post=9650"},{"taxonomy":"product_tag","embeddable":true,"href":"https:\/\/cyprusbosch.com\/en\/wp-json\/wp\/v2\/product_tag?post=9650"}],"curies":[{"name":"wp","href":"https:\/\/api.w.org\/{rel}","templated":true}]}}