{"id":9669,"date":"2025-03-16T11:51:55","date_gmt":"2025-03-16T11:51:55","guid":{"rendered":"https:\/\/cyprusbosch.com\/?post_type=product&#038;p=9669"},"modified":"2025-10-01T07:16:03","modified_gmt":"2025-10-01T07:16:03","slug":"klima-12000btu-inverterli-aynali-asi-o12xb30u","status":"publish","type":"product","link":"https:\/\/cyprusbosch.com\/en\/product\/klima-12000btu-inverterli-aynali-asi-o12xb30u\/","title":{"rendered":"KL\u0130MA 12000BTU \u0130NVERTERL\u0130 AYNALI | ASI\/O12XB30U"},"content":{"rendered":"<p>KL\u0130MA 12000BTU \u0130NVERTERL\u0130 AYNALI<\/p>","protected":false},"excerpt":{"rendered":"<p>KL\u0130MA 12000BTU \u0130NVERTERL\u0130 AYNALI<\/p>","protected":false},"featured_media":9670,"comment_status":"open","ping_status":"closed","template":"","meta":{"om_disable_all_campaigns":false,"_monsterinsights_skip_tracking":false,"_monsterinsights_sitenote_active":false,"_monsterinsights_sitenote_note":"","_monsterinsights_sitenote_category":0,"_joinchat":[]},"product_brand":[],"product_cat":[204],"product_tag":[],"class_list":{"0":"post-9669","1":"product","2":"type-product","3":"status-publish","4":"has-post-thumbnail","6":"product_cat-klimalar","7":"ts_product_brand-bosch","9":"first","10":"instock","11":"shipping-taxable","12":"product-type-simple","13":"add-to-wishlist-after_add_to_cart"},"aioseo_notices":[],"_links":{"self":[{"href":"https:\/\/cyprusbosch.com\/en\/wp-json\/wp\/v2\/product\/9669","targetHints":{"allow":["GET"]}}],"collection":[{"href":"https:\/\/cyprusbosch.com\/en\/wp-json\/wp\/v2\/product"}],"about":[{"href":"https:\/\/cyprusbosch.com\/en\/wp-json\/wp\/v2\/types\/product"}],"replies":[{"embeddable":true,"href":"https:\/\/cyprusbosch.com\/en\/wp-json\/wp\/v2\/comments?post=9669"}],"wp:featuredmedia":[{"embeddable":true,"href":"https:\/\/cyprusbosch.com\/en\/wp-json\/wp\/v2\/media\/9670"}],"wp:attachment":[{"href":"https:\/\/cyprusbosch.com\/en\/wp-json\/wp\/v2\/media?parent=9669"}],"wp:term":[{"taxonomy":"product_brand","embeddable":true,"href":"https:\/\/cyprusbosch.com\/en\/wp-json\/wp\/v2\/product_brand?post=9669"},{"taxonomy":"product_cat","embeddable":true,"href":"https:\/\/cyprusbosch.com\/en\/wp-json\/wp\/v2\/product_cat?post=9669"},{"taxonomy":"product_tag","embeddable":true,"href":"https:\/\/cyprusbosch.com\/en\/wp-json\/wp\/v2\/product_tag?post=9669"}],"curies":[{"name":"wp","href":"https:\/\/api.w.org\/{rel}","templated":true}]}}