{"id":9680,"date":"2025-03-16T12:36:18","date_gmt":"2025-03-16T12:36:18","guid":{"rendered":"https:\/\/cyprusbosch.com\/?post_type=product&#038;p=9680"},"modified":"2025-08-06T18:37:59","modified_gmt":"2025-08-06T18:37:59","slug":"gizli-damacanali-su-sebili-silver-2","status":"publish","type":"product","link":"https:\/\/cyprusbosch.com\/en\/product\/gizli-damacanali-su-sebili-silver-2\/","title":{"rendered":"Gizli Damacanal\u0131 Su Sebili Silver"},"content":{"rendered":"<p>Geni\u015flik: 360 mm<br \/>\nDerinlik: 310 mm<br \/>\nKontrol: Push-buttons<br \/>\nRenk: Silver<br \/>\nKontrol Panel Rengi: Gri<br \/>\nDamacana Yerle\u015ftirme \u015eekli: Alttan Y\u00fckleme<br \/>\nSes Bas\u0131n\u00e7 D\u00fczeyi: 55,0 dB<br \/>\nSo\u011fuk Su Tank Kapasitesi: 2,5 litre<\/p>","protected":false},"excerpt":{"rendered":"<p>Geni\u015flik: 360 mm Derinlik: 310 mm Kontrol: Push-buttons Renk: Silver Kontrol Panel Rengi: Gri Damacana Yerle\u015ftirme \u015eekli: Alttan Y\u00fckleme Ses Bas\u0131n\u00e7 D\u00fczeyi: 55,0 dB So\u011fuk Su Tank Kapasitesi: 2,5 litre<\/p>","protected":false},"featured_media":9681,"comment_status":"open","ping_status":"closed","template":"","meta":{"om_disable_all_campaigns":false,"_monsterinsights_skip_tracking":false,"_monsterinsights_sitenote_active":false,"_monsterinsights_sitenote_note":"","_monsterinsights_sitenote_category":0,"_joinchat":[]},"product_brand":[],"product_cat":[205],"product_tag":[],"class_list":{"0":"post-9680","1":"product","2":"type-product","3":"status-publish","4":"has-post-thumbnail","6":"product_cat-su-sebilleri","7":"ts_product_brand-bosch","9":"first","10":"instock","11":"shipping-taxable","12":"product-type-simple","13":"add-to-wishlist-after_add_to_cart"},"aioseo_notices":[],"_links":{"self":[{"href":"https:\/\/cyprusbosch.com\/en\/wp-json\/wp\/v2\/product\/9680","targetHints":{"allow":["GET"]}}],"collection":[{"href":"https:\/\/cyprusbosch.com\/en\/wp-json\/wp\/v2\/product"}],"about":[{"href":"https:\/\/cyprusbosch.com\/en\/wp-json\/wp\/v2\/types\/product"}],"replies":[{"embeddable":true,"href":"https:\/\/cyprusbosch.com\/en\/wp-json\/wp\/v2\/comments?post=9680"}],"wp:featuredmedia":[{"embeddable":true,"href":"https:\/\/cyprusbosch.com\/en\/wp-json\/wp\/v2\/media\/9681"}],"wp:attachment":[{"href":"https:\/\/cyprusbosch.com\/en\/wp-json\/wp\/v2\/media?parent=9680"}],"wp:term":[{"taxonomy":"product_brand","embeddable":true,"href":"https:\/\/cyprusbosch.com\/en\/wp-json\/wp\/v2\/product_brand?post=9680"},{"taxonomy":"product_cat","embeddable":true,"href":"https:\/\/cyprusbosch.com\/en\/wp-json\/wp\/v2\/product_cat?post=9680"},{"taxonomy":"product_tag","embeddable":true,"href":"https:\/\/cyprusbosch.com\/en\/wp-json\/wp\/v2\/product_tag?post=9680"}],"curies":[{"name":"wp","href":"https:\/\/api.w.org\/{rel}","templated":true}]}}