{"id":9683,"date":"2025-03-16T12:37:25","date_gmt":"2025-03-16T12:37:25","guid":{"rendered":"https:\/\/cyprusbosch.com\/?post_type=product&#038;p=9683"},"modified":"2025-03-16T12:37:32","modified_gmt":"2025-03-16T12:37:32","slug":"gizli-damacanali-su-sebili-siyah-2","status":"publish","type":"product","link":"https:\/\/cyprusbosch.com\/en\/product\/gizli-damacanali-su-sebili-siyah-2\/","title":{"rendered":"Gizli Damacanal\u0131 Su Sebili Siyah"},"content":{"rendered":"<p>Y\u00fckseklik: 1.061 mm<br \/>\nGeni\u015flik: 310 mm<br \/>\nDerinlik: 370 mm<br \/>\nRenk: Siyah<br \/>\nKontrol Panel Rengi: Siyah<br \/>\nDamacana Yerle\u015ftirme \u015eekli: Alttan Y\u00fckleme<br \/>\nSes Bas\u0131n\u00e7 D\u00fczeyi: 55,0 dB<br \/>\nSo\u011fuk Su Tank Kapasitesi: 4,0 litre<\/p>","protected":false},"excerpt":{"rendered":"<p>Y\u00fckseklik: 1.061 mm Geni\u015flik: 310 mm Derinlik: 370 mm Renk: Siyah Kontrol Panel Rengi: Siyah Damacana Yerle\u015ftirme \u015eekli: Alttan Y\u00fckleme Ses Bas\u0131n\u00e7 D\u00fczeyi: 55,0 dB So\u011fuk Su Tank Kapasitesi: 4,0 litre<\/p>","protected":false},"featured_media":9684,"comment_status":"open","ping_status":"closed","template":"","meta":{"om_disable_all_campaigns":false,"_monsterinsights_skip_tracking":false,"_monsterinsights_sitenote_active":false,"_monsterinsights_sitenote_note":"","_monsterinsights_sitenote_category":0,"_joinchat":[]},"product_brand":[],"product_cat":[205],"product_tag":[],"class_list":{"0":"post-9683","1":"product","2":"type-product","3":"status-publish","4":"has-post-thumbnail","6":"product_cat-su-sebilleri","7":"ts_product_brand-bosch","9":"first","10":"instock","11":"shipping-taxable","12":"product-type-simple","13":"add-to-wishlist-after_add_to_cart"},"aioseo_notices":[],"_links":{"self":[{"href":"https:\/\/cyprusbosch.com\/en\/wp-json\/wp\/v2\/product\/9683","targetHints":{"allow":["GET"]}}],"collection":[{"href":"https:\/\/cyprusbosch.com\/en\/wp-json\/wp\/v2\/product"}],"about":[{"href":"https:\/\/cyprusbosch.com\/en\/wp-json\/wp\/v2\/types\/product"}],"replies":[{"embeddable":true,"href":"https:\/\/cyprusbosch.com\/en\/wp-json\/wp\/v2\/comments?post=9683"}],"wp:featuredmedia":[{"embeddable":true,"href":"https:\/\/cyprusbosch.com\/en\/wp-json\/wp\/v2\/media\/9684"}],"wp:attachment":[{"href":"https:\/\/cyprusbosch.com\/en\/wp-json\/wp\/v2\/media?parent=9683"}],"wp:term":[{"taxonomy":"product_brand","embeddable":true,"href":"https:\/\/cyprusbosch.com\/en\/wp-json\/wp\/v2\/product_brand?post=9683"},{"taxonomy":"product_cat","embeddable":true,"href":"https:\/\/cyprusbosch.com\/en\/wp-json\/wp\/v2\/product_cat?post=9683"},{"taxonomy":"product_tag","embeddable":true,"href":"https:\/\/cyprusbosch.com\/en\/wp-json\/wp\/v2\/product_tag?post=9683"}],"curies":[{"name":"wp","href":"https:\/\/api.w.org\/{rel}","templated":true}]}}