{"id":9686,"date":"2025-03-16T12:41:52","date_gmt":"2025-03-16T12:41:52","guid":{"rendered":"https:\/\/cyprusbosch.com\/?post_type=product&#038;p=9686"},"modified":"2025-03-16T12:41:52","modified_gmt":"2025-03-16T12:41:52","slug":"sarjli-dik-supurgemove-14-4v-beyaz","status":"publish","type":"product","link":"https:\/\/cyprusbosch.com\/en\/product\/sarjli-dik-supurgemove-14-4v-beyaz\/","title":{"rendered":"\u015earjl\u0131 Dik S\u00fcp\u00fcrgeMove 14.4V Beyaz"},"content":{"rendered":"<div class=\"product-detail\">Y\u0131kanabilir filtre<\/div>\n<div class=\"product-detail\">Kolayca bo\u015falt\u0131labilen toz haznesi<\/div>\n<div class=\"product-detail\">Kullan\u0131m Kolayl\u0131\u011f\u0131 kablosuz s\u00fcp\u00fcrme olana\u011f\u0131<\/div>\n<div class=\"product-detail\">Koltuk aralar\u0131, \u00e7ekmece i\u00e7leri gibi dar alanlara eri\u015fim<\/div>\n<div class=\"product-detail\">Pil g\u00f6stergesi<\/div>\n<div class=\"product-detail\">\u015earj olma s\u00fcresi: 12- 16 saat<\/div>\n<div class=\"product-detail\">Gece siyah\u0131\/ G\u00fcm\u00fc\u015f<\/div>\n<div class=\"product-detail\">Cihaz a\u011f\u0131rl\u0131\u011f\u0131: 1.2 kg<\/div>\n<div class=\"product-detail\">Boyutlar\u0131: 138x110x368 mm.<\/div>\n<div class=\"product-detail\">M\u00fckemmel toz toplama<\/div>\n<div class=\"product-detail\">\u015earjl\u0131 El S\u00fcp\u00fcrgesi 14.4 V<\/div>\n<div class=\"product-detail\">Toz alma kapasitesi: 300 ml<\/div>\n<div class=\"product-detail\">A\u011f\u0131rl\u0131k: 1.2 kg<\/div>","protected":false},"excerpt":{"rendered":"<p>Y\u0131kanabilir filtre Kolayca bo\u015falt\u0131labilen toz haznesi Kullan\u0131m Kolayl\u0131\u011f\u0131 kablosuz s\u00fcp\u00fcrme olana\u011f\u0131 Koltuk aralar\u0131, \u00e7ekmece i\u00e7leri gibi dar alanlara eri\u015fim Pil g\u00f6stergesi \u015earj olma s\u00fcresi: 12- 16 saat Gece siyah\u0131\/ G\u00fcm\u00fc\u015f Cihaz a\u011f\u0131rl\u0131\u011f\u0131: 1.2 kg Boyutlar\u0131: 138x110x368 mm. M\u00fckemmel toz toplama \u015earjl\u0131 El S\u00fcp\u00fcrgesi 14.4 V Toz alma kapasitesi: 300 ml A\u011f\u0131rl\u0131k: 1.2 kg<\/p>","protected":false},"featured_media":9690,"comment_status":"open","ping_status":"closed","template":"","meta":{"om_disable_all_campaigns":false,"_monsterinsights_skip_tracking":false,"_monsterinsights_sitenote_active":false,"_monsterinsights_sitenote_note":"","_monsterinsights_sitenote_category":0,"_joinchat":[]},"product_brand":[],"product_cat":[199],"product_tag":[],"class_list":{"0":"post-9686","1":"product","2":"type-product","3":"status-publish","4":"has-post-thumbnail","6":"product_cat-elektrikli-supurgeler","7":"ts_product_brand-bosch","9":"first","10":"instock","11":"shipping-taxable","12":"product-type-simple","13":"add-to-wishlist-after_add_to_cart"},"aioseo_notices":[],"_links":{"self":[{"href":"https:\/\/cyprusbosch.com\/en\/wp-json\/wp\/v2\/product\/9686","targetHints":{"allow":["GET"]}}],"collection":[{"href":"https:\/\/cyprusbosch.com\/en\/wp-json\/wp\/v2\/product"}],"about":[{"href":"https:\/\/cyprusbosch.com\/en\/wp-json\/wp\/v2\/types\/product"}],"replies":[{"embeddable":true,"href":"https:\/\/cyprusbosch.com\/en\/wp-json\/wp\/v2\/comments?post=9686"}],"wp:featuredmedia":[{"embeddable":true,"href":"https:\/\/cyprusbosch.com\/en\/wp-json\/wp\/v2\/media\/9690"}],"wp:attachment":[{"href":"https:\/\/cyprusbosch.com\/en\/wp-json\/wp\/v2\/media?parent=9686"}],"wp:term":[{"taxonomy":"product_brand","embeddable":true,"href":"https:\/\/cyprusbosch.com\/en\/wp-json\/wp\/v2\/product_brand?post=9686"},{"taxonomy":"product_cat","embeddable":true,"href":"https:\/\/cyprusbosch.com\/en\/wp-json\/wp\/v2\/product_cat?post=9686"},{"taxonomy":"product_tag","embeddable":true,"href":"https:\/\/cyprusbosch.com\/en\/wp-json\/wp\/v2\/product_tag?post=9686"}],"curies":[{"name":"wp","href":"https:\/\/api.w.org\/{rel}","templated":true}]}}