{"id":9691,"date":"2025-03-16T12:44:22","date_gmt":"2025-03-16T12:44:22","guid":{"rendered":"https:\/\/cyprusbosch.com\/?post_type=product&#038;p=9691"},"modified":"2025-03-16T12:44:22","modified_gmt":"2025-03-16T12:44:22","slug":"serie-2-sarj-edilebilir-elektrikli-supurge-2in1-144v-bordo","status":"publish","type":"product","link":"https:\/\/cyprusbosch.com\/en\/product\/serie-2-sarj-edilebilir-elektrikli-supurge-2in1-144v-bordo\/","title":{"rendered":"Serie 2 | \u015earj Edilebilir Elektrikli S\u00fcp\u00fcrge 2in1 14,4V Bordo"},"content":{"rendered":"<p>2\u2019si 1 arada: el tipi ve el \u00e7ubu\u011fu tek bir cihazda<br \/>\nBoyutlar: 1160 x 265 x 165 mm<br \/>\n\u00dcr\u00fcn\u00fcn ana rengi: Koyu k\u0131rm\u0131z\u0131<br \/>\nNet a\u011f\u0131rl\u0131k: 2,5 kg<br \/>\nPerformans seviyeleri: 2<br \/>\nOtomatik mod: Yok<br \/>\n\u00c7al\u0131\u015fma S\u00fcresi: 35 dk<br \/>\n\u015earj s\u00fcresi: 5 saat<br \/>\nNominal voltajl\u0131 pil tak\u0131m\u0131: 14,4 V<br \/>\nPil kapasitesi: 2<br \/>\nG\u00fcr\u00fclt\u00fc seviyesi (dB): 78 dB(A) 1 pW<br \/>\nHal\u0131 f\u0131r\u00e7as\u0131: mekanik<br \/>\nTorbas\u0131z<br \/>\nToz haznesi: 0,4 lt<\/p>","protected":false},"excerpt":{"rendered":"<p>2\u2019si 1 arada: el tipi ve el \u00e7ubu\u011fu tek bir cihazda Boyutlar: 1160 x 265 x 165 mm \u00dcr\u00fcn\u00fcn ana rengi: Koyu k\u0131rm\u0131z\u0131 Net a\u011f\u0131rl\u0131k: 2,5 kg Performans seviyeleri: 2 Otomatik mod: Yok \u00c7al\u0131\u015fma S\u00fcresi: 35 dk \u015earj s\u00fcresi: 5 saat Nominal voltajl\u0131 pil tak\u0131m\u0131: 14,4 V Pil kapasitesi: 2 G\u00fcr\u00fclt\u00fc seviyesi (dB): 78 dB(A) [&hellip;]<\/p>","protected":false},"featured_media":9695,"comment_status":"open","ping_status":"closed","template":"","meta":{"om_disable_all_campaigns":false,"_monsterinsights_skip_tracking":false,"_monsterinsights_sitenote_active":false,"_monsterinsights_sitenote_note":"","_monsterinsights_sitenote_category":0,"_joinchat":[]},"product_brand":[],"product_cat":[199],"product_tag":[],"class_list":{"0":"post-9691","1":"product","2":"type-product","3":"status-publish","4":"has-post-thumbnail","6":"product_cat-elektrikli-supurgeler","7":"ts_product_brand-bosch","9":"first","10":"instock","11":"shipping-taxable","12":"product-type-simple","13":"add-to-wishlist-after_add_to_cart"},"aioseo_notices":[],"_links":{"self":[{"href":"https:\/\/cyprusbosch.com\/en\/wp-json\/wp\/v2\/product\/9691","targetHints":{"allow":["GET"]}}],"collection":[{"href":"https:\/\/cyprusbosch.com\/en\/wp-json\/wp\/v2\/product"}],"about":[{"href":"https:\/\/cyprusbosch.com\/en\/wp-json\/wp\/v2\/types\/product"}],"replies":[{"embeddable":true,"href":"https:\/\/cyprusbosch.com\/en\/wp-json\/wp\/v2\/comments?post=9691"}],"wp:featuredmedia":[{"embeddable":true,"href":"https:\/\/cyprusbosch.com\/en\/wp-json\/wp\/v2\/media\/9695"}],"wp:attachment":[{"href":"https:\/\/cyprusbosch.com\/en\/wp-json\/wp\/v2\/media?parent=9691"}],"wp:term":[{"taxonomy":"product_brand","embeddable":true,"href":"https:\/\/cyprusbosch.com\/en\/wp-json\/wp\/v2\/product_brand?post=9691"},{"taxonomy":"product_cat","embeddable":true,"href":"https:\/\/cyprusbosch.com\/en\/wp-json\/wp\/v2\/product_cat?post=9691"},{"taxonomy":"product_tag","embeddable":true,"href":"https:\/\/cyprusbosch.com\/en\/wp-json\/wp\/v2\/product_tag?post=9691"}],"curies":[{"name":"wp","href":"https:\/\/api.w.org\/{rel}","templated":true}]}}