{"id":9700,"date":"2025-03-16T12:45:31","date_gmt":"2025-03-16T12:45:31","guid":{"rendered":"https:\/\/cyprusbosch.com\/?post_type=product&#038;p=9700"},"modified":"2025-08-06T19:05:51","modified_gmt":"2025-08-06T19:05:51","slug":"serie-2-sarj-edilebilir-elektrikli-supurge-2in1-20v","status":"publish","type":"product","link":"https:\/\/cyprusbosch.com\/en\/product\/serie-2-sarj-edilebilir-elektrikli-supurge-2in1-20v\/","title":{"rendered":"Serie 2 | \u015earj Edilebilir Elektrikli S\u00fcp\u00fcrge 2in1 20V"},"content":{"rendered":"<div class=\"product-detail\">2 si 1 arada: Bir cihazda el ve el \u00e7ubu\u011fu<\/div>\n<div class=\"product-detail\">S\u00fcre: 44 dakikaya kadar.<\/div>\n<div class=\"product-detail\">\u0130ki g\u00fc\u00e7 seviyesi<\/div>\n<div class=\"product-detail\">Tutucu veya yerle\u015ftirme istasyonu olmadan serbest durabilir<\/div>\n<div class=\"product-detail\">Katlanabilirli\u011fi sayesinde yerden tasarruf sa\u011flayan depolama<\/div>\n<div class=\"product-detail\">Elektrikli F\u0131r\u00e7a<\/div>\n<div class=\"product-detail\">\u00c7evre dostu NiMH piller<\/div>\n<div class=\"product-detail\">Pil \u015farj durumu g\u00f6stergesi: hay\u0131r<\/div>\n<div class=\"product-detail\">\u015earj s\u00fcresi: 4-5 saat<\/div>\n<div class=\"product-detail\">Y\u0131kanabilir Filtre Renk: gece mavisi<\/div>\n<div class=\"product-detail\">A\u011f\u0131rl\u0131k: 2,5 kg<\/div>\n<div class=\"product-detail\">Boyutlar: 1160x265x165 mm.<\/div>","protected":false},"excerpt":{"rendered":"<p>2 si 1 arada: Bir cihazda el ve el \u00e7ubu\u011fu S\u00fcre: 44 dakikaya kadar. \u0130ki g\u00fc\u00e7 seviyesi Tutucu veya yerle\u015ftirme istasyonu olmadan serbest durabilir Katlanabilirli\u011fi sayesinde yerden tasarruf sa\u011flayan depolama Elektrikli F\u0131r\u00e7a \u00c7evre dostu NiMH piller Pil \u015farj durumu g\u00f6stergesi: hay\u0131r \u015earj s\u00fcresi: 4-5 saat Y\u0131kanabilir Filtre Renk: gece mavisi A\u011f\u0131rl\u0131k: 2,5 kg Boyutlar: 1160x265x165 [&hellip;]<\/p>","protected":false},"featured_media":9704,"comment_status":"open","ping_status":"closed","template":"","meta":{"om_disable_all_campaigns":false,"_monsterinsights_skip_tracking":false,"_monsterinsights_sitenote_active":false,"_monsterinsights_sitenote_note":"","_monsterinsights_sitenote_category":0,"_joinchat":[]},"product_brand":[],"product_cat":[199],"product_tag":[],"class_list":{"0":"post-9700","1":"product","2":"type-product","3":"status-publish","4":"has-post-thumbnail","6":"product_cat-elektrikli-supurgeler","8":"first","9":"instock","10":"shipping-taxable","11":"product-type-simple","12":"add-to-wishlist-after_add_to_cart"},"aioseo_notices":[],"_links":{"self":[{"href":"https:\/\/cyprusbosch.com\/en\/wp-json\/wp\/v2\/product\/9700","targetHints":{"allow":["GET"]}}],"collection":[{"href":"https:\/\/cyprusbosch.com\/en\/wp-json\/wp\/v2\/product"}],"about":[{"href":"https:\/\/cyprusbosch.com\/en\/wp-json\/wp\/v2\/types\/product"}],"replies":[{"embeddable":true,"href":"https:\/\/cyprusbosch.com\/en\/wp-json\/wp\/v2\/comments?post=9700"}],"wp:featuredmedia":[{"embeddable":true,"href":"https:\/\/cyprusbosch.com\/en\/wp-json\/wp\/v2\/media\/9704"}],"wp:attachment":[{"href":"https:\/\/cyprusbosch.com\/en\/wp-json\/wp\/v2\/media?parent=9700"}],"wp:term":[{"taxonomy":"product_brand","embeddable":true,"href":"https:\/\/cyprusbosch.com\/en\/wp-json\/wp\/v2\/product_brand?post=9700"},{"taxonomy":"product_cat","embeddable":true,"href":"https:\/\/cyprusbosch.com\/en\/wp-json\/wp\/v2\/product_cat?post=9700"},{"taxonomy":"product_tag","embeddable":true,"href":"https:\/\/cyprusbosch.com\/en\/wp-json\/wp\/v2\/product_tag?post=9700"}],"curies":[{"name":"wp","href":"https:\/\/api.w.org\/{rel}","templated":true}]}}