{"id":9705,"date":"2025-03-16T12:46:45","date_gmt":"2025-03-16T12:46:45","guid":{"rendered":"https:\/\/cyprusbosch.com\/?post_type=product&#038;p=9705"},"modified":"2025-03-16T12:46:45","modified_gmt":"2025-03-16T12:46:45","slug":"serie-6-sarj-edilebilir-elektrikli-supurge-18v-siyah","status":"publish","type":"product","link":"https:\/\/cyprusbosch.com\/en\/product\/serie-6-sarj-edilebilir-elektrikli-supurge-18v-siyah\/","title":{"rendered":"Serie | 6 \u015earj Edilebilir Elektrikli S\u00fcp\u00fcrge 18V Siyah"},"content":{"rendered":"<p>Etkili temizlik: AllFloor Power f\u0131r\u00e7a ve kompakt DigitalSpin Motor, her t\u00fcrl\u00fc zemin y\u00fczeyini temizlemenizi sa\u011flar.Uzat\u0131lm\u0131\u015f \u00e7al\u0131\u015fma s\u00fcresi: De\u011fi\u015ftirilebilir pil tak\u0131m\u0131, gerekirse \u00e7al\u0131\u015fma s\u00fcresini uzatman\u0131za olanak tan\u0131r.<br \/>\n2,5 Ah ak\u00fc paketi ba\u015f\u0131na \u00e7al\u0131\u015fma s\u00fcresi 30 dakikaya kadar. elektrikli olmayan aksesuarlarla normal modda 25 dakikaya kadar. elektrikli zemin ba\u015fl\u0131\u011f\u0131yla normal modda 8 dakikaya kadar. elektrikli zemin nozulu turbo modunda<br \/>\nBosch taraf\u0131ndan desteklenmektedir: Elektrik ak\u0131m\u0131 ak\u0131\u015f\u0131n\u0131 d\u00fczenleyerek ve gerekti\u011finde kapatarak a\u015f\u0131r\u0131 y\u00fcklenmeyi \u00f6nleyen otomatik bir sisteme sahip y\u00fcksek kaliteli lityum iyon ak\u00fc teknolojisi<br \/>\nAlman Mal\u0131: y\u00fcksek kalite standartlar\u0131 ve kal\u0131c\u0131 memnuniyet i\u00e7in kapsaml\u0131 testler.\u00d6m\u00fcr boyu filtre malzemesi: Temiz egzoz havas\u0131 i\u00e7in Pure Air membranl\u0131 ve hijyenik filtreli kartu\u015f filtre<br \/>\nKolay bo\u015faltma: Toz kutusunun hijyenik olarak bo\u015falt\u0131lmas\u0131 ve filtre y\u0131kamas\u0131 yok.<\/p>","protected":false},"excerpt":{"rendered":"<p>Etkili temizlik: AllFloor Power f\u0131r\u00e7a ve kompakt DigitalSpin Motor, her t\u00fcrl\u00fc zemin y\u00fczeyini temizlemenizi sa\u011flar.Uzat\u0131lm\u0131\u015f \u00e7al\u0131\u015fma s\u00fcresi: De\u011fi\u015ftirilebilir pil tak\u0131m\u0131, gerekirse \u00e7al\u0131\u015fma s\u00fcresini uzatman\u0131za olanak tan\u0131r. 2,5 Ah ak\u00fc paketi ba\u015f\u0131na \u00e7al\u0131\u015fma s\u00fcresi 30 dakikaya kadar. elektrikli olmayan aksesuarlarla normal modda 25 dakikaya kadar. elektrikli zemin ba\u015fl\u0131\u011f\u0131yla normal modda 8 dakikaya kadar. elektrikli zemin nozulu [&hellip;]<\/p>","protected":false},"featured_media":9710,"comment_status":"open","ping_status":"closed","template":"","meta":{"om_disable_all_campaigns":false,"_monsterinsights_skip_tracking":false,"_monsterinsights_sitenote_active":false,"_monsterinsights_sitenote_note":"","_monsterinsights_sitenote_category":0,"_joinchat":[]},"product_brand":[],"product_cat":[199],"product_tag":[],"class_list":{"0":"post-9705","1":"product","2":"type-product","3":"status-publish","4":"has-post-thumbnail","6":"product_cat-elektrikli-supurgeler","7":"ts_product_brand-bosch","9":"first","10":"instock","11":"shipping-taxable","12":"product-type-simple","13":"add-to-wishlist-after_add_to_cart"},"aioseo_notices":[],"_links":{"self":[{"href":"https:\/\/cyprusbosch.com\/en\/wp-json\/wp\/v2\/product\/9705","targetHints":{"allow":["GET"]}}],"collection":[{"href":"https:\/\/cyprusbosch.com\/en\/wp-json\/wp\/v2\/product"}],"about":[{"href":"https:\/\/cyprusbosch.com\/en\/wp-json\/wp\/v2\/types\/product"}],"replies":[{"embeddable":true,"href":"https:\/\/cyprusbosch.com\/en\/wp-json\/wp\/v2\/comments?post=9705"}],"wp:featuredmedia":[{"embeddable":true,"href":"https:\/\/cyprusbosch.com\/en\/wp-json\/wp\/v2\/media\/9710"}],"wp:attachment":[{"href":"https:\/\/cyprusbosch.com\/en\/wp-json\/wp\/v2\/media?parent=9705"}],"wp:term":[{"taxonomy":"product_brand","embeddable":true,"href":"https:\/\/cyprusbosch.com\/en\/wp-json\/wp\/v2\/product_brand?post=9705"},{"taxonomy":"product_cat","embeddable":true,"href":"https:\/\/cyprusbosch.com\/en\/wp-json\/wp\/v2\/product_cat?post=9705"},{"taxonomy":"product_tag","embeddable":true,"href":"https:\/\/cyprusbosch.com\/en\/wp-json\/wp\/v2\/product_tag?post=9705"}],"curies":[{"name":"wp","href":"https:\/\/api.w.org\/{rel}","templated":true}]}}