{"id":9711,"date":"2025-03-16T12:47:55","date_gmt":"2025-03-16T12:47:55","guid":{"rendered":"https:\/\/cyprusbosch.com\/?post_type=product&#038;p=9711"},"modified":"2025-03-16T12:47:55","modified_gmt":"2025-03-16T12:47:55","slug":"serie-6-sarji-supurge-unlimited-proanimal-kirmizi","status":"publish","type":"product","link":"https:\/\/cyprusbosch.com\/en\/product\/serie-6-sarji-supurge-unlimited-proanimal-kirmizi\/","title":{"rendered":"Serie | 6 \u015earj\u0131 S\u00fcp\u00fcrge Unlimited ProAnimal K\u0131rm\u0131z\u0131"},"content":{"rendered":"<p>Boyutlar: 1221 x 266 x 204 mm<br \/>\n\u00dcr\u00fcn\u00fcn ana rengi: k\u0131rm\u0131z\u0131<br \/>\n10 Y\u0131l Motor Garantisi<br \/>\nNet a\u011f\u0131rl\u0131k: 2,3 kg<br \/>\nPerformans seviyeleri: 2<br \/>\nOtomatik mod: Yok<br \/>\n\u00c7al\u0131\u015fma S\u00fcresi: 30 dk<br \/>\n\u015earj s\u00fcresi: 4 saat<br \/>\nNominal voltajl\u0131 pil tak\u0131m\u0131: 18,0 V<br \/>\nPil kapasitesi: 2<br \/>\nG\u00fcr\u00fclt\u00fc seviyesi: 85 dB<br \/>\nHal\u0131 f\u0131r\u00e7as\u0131: Elektrikli<br \/>\nTorbas\u0131z<br \/>\nToz haznesi: 0,3 lt<\/p>","protected":false},"excerpt":{"rendered":"<p>Boyutlar: 1221 x 266 x 204 mm \u00dcr\u00fcn\u00fcn ana rengi: k\u0131rm\u0131z\u0131 10 Y\u0131l Motor Garantisi Net a\u011f\u0131rl\u0131k: 2,3 kg Performans seviyeleri: 2 Otomatik mod: Yok \u00c7al\u0131\u015fma S\u00fcresi: 30 dk \u015earj s\u00fcresi: 4 saat Nominal voltajl\u0131 pil tak\u0131m\u0131: 18,0 V Pil kapasitesi: 2 G\u00fcr\u00fclt\u00fc seviyesi: 85 dB Hal\u0131 f\u0131r\u00e7as\u0131: Elektrikli Torbas\u0131z Toz haznesi: 0,3 lt<\/p>","protected":false},"featured_media":9712,"comment_status":"open","ping_status":"closed","template":"","meta":{"om_disable_all_campaigns":false,"_monsterinsights_skip_tracking":false,"_monsterinsights_sitenote_active":false,"_monsterinsights_sitenote_note":"","_monsterinsights_sitenote_category":0,"_joinchat":[]},"product_brand":[],"product_cat":[199],"product_tag":[],"class_list":{"0":"post-9711","1":"product","2":"type-product","3":"status-publish","4":"has-post-thumbnail","6":"product_cat-elektrikli-supurgeler","7":"ts_product_brand-bosch","9":"first","10":"instock","11":"shipping-taxable","12":"product-type-simple","13":"add-to-wishlist-after_add_to_cart"},"aioseo_notices":[],"_links":{"self":[{"href":"https:\/\/cyprusbosch.com\/en\/wp-json\/wp\/v2\/product\/9711","targetHints":{"allow":["GET"]}}],"collection":[{"href":"https:\/\/cyprusbosch.com\/en\/wp-json\/wp\/v2\/product"}],"about":[{"href":"https:\/\/cyprusbosch.com\/en\/wp-json\/wp\/v2\/types\/product"}],"replies":[{"embeddable":true,"href":"https:\/\/cyprusbosch.com\/en\/wp-json\/wp\/v2\/comments?post=9711"}],"wp:featuredmedia":[{"embeddable":true,"href":"https:\/\/cyprusbosch.com\/en\/wp-json\/wp\/v2\/media\/9712"}],"wp:attachment":[{"href":"https:\/\/cyprusbosch.com\/en\/wp-json\/wp\/v2\/media?parent=9711"}],"wp:term":[{"taxonomy":"product_brand","embeddable":true,"href":"https:\/\/cyprusbosch.com\/en\/wp-json\/wp\/v2\/product_brand?post=9711"},{"taxonomy":"product_cat","embeddable":true,"href":"https:\/\/cyprusbosch.com\/en\/wp-json\/wp\/v2\/product_cat?post=9711"},{"taxonomy":"product_tag","embeddable":true,"href":"https:\/\/cyprusbosch.com\/en\/wp-json\/wp\/v2\/product_tag?post=9711"}],"curies":[{"name":"wp","href":"https:\/\/api.w.org\/{rel}","templated":true}]}}