{"id":9718,"date":"2025-03-16T12:50:18","date_gmt":"2025-03-16T12:50:18","guid":{"rendered":"https:\/\/cyprusbosch.com\/?post_type=product&#038;p=9718"},"modified":"2025-03-16T12:50:18","modified_gmt":"2025-03-16T12:50:18","slug":"sarjli-el-supurgesi-unlimited-7-proanimal-kirmizi","status":"publish","type":"product","link":"https:\/\/cyprusbosch.com\/en\/product\/sarjli-el-supurgesi-unlimited-7-proanimal-kirmizi\/","title":{"rendered":"\u015earjl\u0131 El S\u00fcp\u00fcrgesi Unlimited 7 ProAnimal K\u0131rm\u0131z\u0131"},"content":{"rendered":"<p>\u00d6zel ama\u00e7: Evcil hayvan sahipleri i\u00e7in<br \/>\nBoyutlar: 1315 x 252 x 204 mm<br \/>\nNet a\u011f\u0131rl\u0131k: 4,4 kg<br \/>\n10 y\u0131l motor garantisi: Evet<br \/>\nPerformans seviyeleri: 3<br \/>\nOtomatik mod: Evet<br \/>\nS\u00fcre: 40 dakika<br \/>\nPil say\u0131s\u0131: 1<br \/>\n\u015earj s\u00fcresi: 5 saat<br \/>\nH\u0131zl\u0131 \u015farj cihaz\u0131: Hay\u0131r<br \/>\nPil paketinin nominal gerilimi: 18,0 V<br \/>\nPil kapasitesi: 3,00 Ah<br \/>\nG\u00fcr\u00fclt\u00fc seviyesi: 82 dB(A) yeniden 1 pW<br \/>\nFiltreleme sistemi: Torbas\u0131z<br \/>\nToz haznesi: 0,3 l<br \/>\nBirlikte verilen aksesuarlar: 1 x \u015filte ba\u015fl\u0131\u011f\u0131, 1 x \u015farj kablosu, 1 x de\u011fi\u015ftirilebilir pil tak\u0131m\u0131, 1 x hayvan mini elektrikli f\u0131r\u00e7a, 1 x yerle\u015ftirme istasyonu, 1 x 2\u2019si 1 arada mobilya f\u0131r\u00e7as\u0131 ve d\u00f6\u015feme ba\u015fl\u0131\u011f\u0131, mini elektrikli ba\u015fl\u0131k i\u00e7in 1 x ek f\u0131r\u00e7a rulosu, 1 x Uzun esnek aral\u0131k ba\u015fl\u0131\u011f\u0131, 1 x Esnek uzatma hortumu<\/p>","protected":false},"excerpt":{"rendered":"<p>\u00d6zel ama\u00e7: Evcil hayvan sahipleri i\u00e7in Boyutlar: 1315 x 252 x 204 mm Net a\u011f\u0131rl\u0131k: 4,4 kg 10 y\u0131l motor garantisi: Evet Performans seviyeleri: 3 Otomatik mod: Evet S\u00fcre: 40 dakika Pil say\u0131s\u0131: 1 \u015earj s\u00fcresi: 5 saat H\u0131zl\u0131 \u015farj cihaz\u0131: Hay\u0131r Pil paketinin nominal gerilimi: 18,0 V Pil kapasitesi: 3,00 Ah G\u00fcr\u00fclt\u00fc seviyesi: 82 [&hellip;]<\/p>","protected":false},"featured_media":9722,"comment_status":"open","ping_status":"closed","template":"","meta":{"om_disable_all_campaigns":false,"_monsterinsights_skip_tracking":false,"_monsterinsights_sitenote_active":false,"_monsterinsights_sitenote_note":"","_monsterinsights_sitenote_category":0,"_joinchat":[]},"product_brand":[],"product_cat":[199],"product_tag":[],"class_list":{"0":"post-9718","1":"product","2":"type-product","3":"status-publish","4":"has-post-thumbnail","6":"product_cat-elektrikli-supurgeler","7":"ts_product_brand-bosch","9":"first","10":"instock","11":"shipping-taxable","12":"product-type-simple","13":"add-to-wishlist-after_add_to_cart"},"aioseo_notices":[],"_links":{"self":[{"href":"https:\/\/cyprusbosch.com\/en\/wp-json\/wp\/v2\/product\/9718","targetHints":{"allow":["GET"]}}],"collection":[{"href":"https:\/\/cyprusbosch.com\/en\/wp-json\/wp\/v2\/product"}],"about":[{"href":"https:\/\/cyprusbosch.com\/en\/wp-json\/wp\/v2\/types\/product"}],"replies":[{"embeddable":true,"href":"https:\/\/cyprusbosch.com\/en\/wp-json\/wp\/v2\/comments?post=9718"}],"wp:featuredmedia":[{"embeddable":true,"href":"https:\/\/cyprusbosch.com\/en\/wp-json\/wp\/v2\/media\/9722"}],"wp:attachment":[{"href":"https:\/\/cyprusbosch.com\/en\/wp-json\/wp\/v2\/media?parent=9718"}],"wp:term":[{"taxonomy":"product_brand","embeddable":true,"href":"https:\/\/cyprusbosch.com\/en\/wp-json\/wp\/v2\/product_brand?post=9718"},{"taxonomy":"product_cat","embeddable":true,"href":"https:\/\/cyprusbosch.com\/en\/wp-json\/wp\/v2\/product_cat?post=9718"},{"taxonomy":"product_tag","embeddable":true,"href":"https:\/\/cyprusbosch.com\/en\/wp-json\/wp\/v2\/product_tag?post=9718"}],"curies":[{"name":"wp","href":"https:\/\/api.w.org\/{rel}","templated":true}]}}