{"id":9728,"date":"2025-03-16T12:53:50","date_gmt":"2025-03-16T12:53:50","guid":{"rendered":"https:\/\/cyprusbosch.com\/?post_type=product&#038;p=9728"},"modified":"2025-03-16T12:53:50","modified_gmt":"2025-03-16T12:53:50","slug":"2si-1-arada-supurme-ve-silme-unlimited-7-prohygienic-aqua-beyaz","status":"publish","type":"product","link":"https:\/\/cyprusbosch.com\/en\/product\/2si-1-arada-supurme-ve-silme-unlimited-7-prohygienic-aqua-beyaz\/","title":{"rendered":"2&#8217;si 1 arada S\u00fcp\u00fcrme ve Silme Unlimited 7 ProHygienic Aqua Beyaz"},"content":{"rendered":"<div class=\"css-dbs51r\">\n<div data-testid=\"item-0\">\u015earzl\u0131 El S\u00fcp\u00fcrgesi Unlimited 7 Beyaz 18V Bosch Pil MOP Aparat\u0131<\/div>\n<div data-testid=\"item-0\"><\/div>\n<div class=\"css-1g0qli5\" data-testid=\"item-0\"><span class=\"css-wi2ych\" data-testid=\"feature-list-headline\">T\u00fcr<\/span><\/p>\n<div class=\"css-1ibyzkn\" data-testid=\"feature-list-content\">Unlimited<\/div>\n<\/div>\n<\/div>\n<div class=\"css-dbs51r\">\n<div class=\"css-1g0qli5\" data-testid=\"item-1\"><span class=\"css-wi2ych\" data-testid=\"feature-list-headline\">\u00d6zel ama\u00e7<\/span><\/p>\n<div class=\"css-1ibyzkn\" data-testid=\"feature-list-content\">ProHygienic Aqua\/ s\u00fcp\u00fcrme &amp; silme<\/div>\n<\/div>\n<\/div>\n<div class=\"css-dbs51r\">\n<div class=\"css-1g0qli5\" data-testid=\"item-2\"><span class=\"css-wi2ych\" data-testid=\"feature-list-headline\">Renk<\/span><\/p>\n<div class=\"css-1ibyzkn\" data-testid=\"feature-list-content\">Beyaz<\/div>\n<\/div>\n<\/div>\n<div class=\"css-dbs51r\">\n<div class=\"css-1g0qli5\" data-testid=\"item-3\"><span class=\"css-wi2ych\" data-testid=\"feature-list-headline\">\u00dcr\u00fcn \u00d6l\u00e7\u00fcleri (Y\u00fckseklik x Geni\u015flik x Derinlik)<\/span><\/p>\n<div class=\"css-1ibyzkn\" data-testid=\"feature-list-content\">1315x252x204 mm<\/div>\n<\/div>\n<\/div>\n<div class=\"css-1ihztx7\">\n<div class=\"css-1g0qli5\" data-testid=\"item-4\"><span class=\"css-wi2ych\" data-testid=\"feature-list-headline\">\u00e7al\u0131\u015f. haz\u0131r dur. \u00f6l\u00e7. a\u011f\u0131rl\u0131k<\/span><\/p>\n<div class=\"css-1ibyzkn\" data-testid=\"feature-list-content\">2.9 kg<\/div>\n<\/div>\n<div data-testid=\"feature-list-content\"><\/div>\n<\/div>","protected":false},"excerpt":{"rendered":"<p>\u015earzl\u0131 El S\u00fcp\u00fcrgesi Unlimited 7 Beyaz 18V Bosch Pil MOP Aparat\u0131 T\u00fcr Unlimited \u00d6zel ama\u00e7 ProHygienic Aqua\/ s\u00fcp\u00fcrme &amp; silme Renk Beyaz \u00dcr\u00fcn \u00d6l\u00e7\u00fcleri (Y\u00fckseklik x Geni\u015flik x Derinlik) 1315x252x204 mm \u00e7al\u0131\u015f. haz\u0131r dur. \u00f6l\u00e7. a\u011f\u0131rl\u0131k 2.9 kg<\/p>","protected":false},"featured_media":9729,"comment_status":"open","ping_status":"closed","template":"","meta":{"om_disable_all_campaigns":false,"_monsterinsights_skip_tracking":false,"_monsterinsights_sitenote_active":false,"_monsterinsights_sitenote_note":"","_monsterinsights_sitenote_category":0,"_joinchat":[]},"product_brand":[],"product_cat":[199],"product_tag":[],"class_list":{"0":"post-9728","1":"product","2":"type-product","3":"status-publish","4":"has-post-thumbnail","6":"product_cat-elektrikli-supurgeler","7":"ts_product_brand-bosch","9":"first","10":"instock","11":"shipping-taxable","12":"product-type-simple","13":"add-to-wishlist-after_add_to_cart"},"aioseo_notices":[],"_links":{"self":[{"href":"https:\/\/cyprusbosch.com\/en\/wp-json\/wp\/v2\/product\/9728","targetHints":{"allow":["GET"]}}],"collection":[{"href":"https:\/\/cyprusbosch.com\/en\/wp-json\/wp\/v2\/product"}],"about":[{"href":"https:\/\/cyprusbosch.com\/en\/wp-json\/wp\/v2\/types\/product"}],"replies":[{"embeddable":true,"href":"https:\/\/cyprusbosch.com\/en\/wp-json\/wp\/v2\/comments?post=9728"}],"wp:featuredmedia":[{"embeddable":true,"href":"https:\/\/cyprusbosch.com\/en\/wp-json\/wp\/v2\/media\/9729"}],"wp:attachment":[{"href":"https:\/\/cyprusbosch.com\/en\/wp-json\/wp\/v2\/media?parent=9728"}],"wp:term":[{"taxonomy":"product_brand","embeddable":true,"href":"https:\/\/cyprusbosch.com\/en\/wp-json\/wp\/v2\/product_brand?post=9728"},{"taxonomy":"product_cat","embeddable":true,"href":"https:\/\/cyprusbosch.com\/en\/wp-json\/wp\/v2\/product_cat?post=9728"},{"taxonomy":"product_tag","embeddable":true,"href":"https:\/\/cyprusbosch.com\/en\/wp-json\/wp\/v2\/product_tag?post=9728"}],"curies":[{"name":"wp","href":"https:\/\/api.w.org\/{rel}","templated":true}]}}