{"id":9737,"date":"2025-03-16T12:55:00","date_gmt":"2025-03-16T12:55:00","guid":{"rendered":"https:\/\/cyprusbosch.com\/?post_type=product&#038;p=9737"},"modified":"2025-03-16T12:55:10","modified_gmt":"2025-03-16T12:55:10","slug":"dik-sarjli-elektrik-supurgesi-siyah","status":"publish","type":"product","link":"https:\/\/cyprusbosch.com\/en\/product\/dik-sarjli-elektrik-supurgesi-siyah\/","title":{"rendered":"Dik \u015earjl\u0131 Elektrik S\u00fcp\u00fcrgesi Siyah"},"content":{"rendered":"<p>Cihaz tipi: \u00c7ubuk elektrikli s\u00fcp\u00fcrge, el tipi elektrikli s\u00fcp\u00fcrge dahil<br \/>\nCihaz tipi: Ak\u00fcl\u00fc \u00e7ubuk elektrikli s\u00fcp\u00fcrge<br \/>\nMaksimum g\u00fc\u00e7: 600 W<br \/>\nG\u00fcr\u00fclt\u00fc seviyesi: 76 dB(A)<br \/>\nFiltre tipi: Pure Air membranl\u0131 ve hijyen filtreli kartu\u015f filtre<br \/>\nFiltre say\u0131s\u0131: 1<br \/>\nFiltre y\u0131kanabilir: Hay\u0131r<br \/>\nTorbas\u0131z teknoloji: Evet<br \/>\nMaksimum toz haznesi hacmi: 0,4 lt<br \/>\nF\u0131r\u00e7a\/ba\u015fl\u0131k tipi: Uzun esnek aral\u0131k ba\u015fl\u0131\u011f\u0131, 2\u2019si 1 arada mobilya f\u0131r\u00e7as\u0131 ve d\u00f6\u015feme ba\u015fl\u0131\u011f\u0131, yatak ba\u015fl\u0131\u011f\u0131<br \/>\nHal\u0131 ve sert zemin i\u00e7in kombinasyon f\u0131r\u00e7as\u0131: Evet<br \/>\nElektrikli f\u0131r\u00e7a: Evet<br \/>\nEvcil hayvan sa\u00e7 f\u0131r\u00e7as\u0131: Hay\u0131r<br \/>\n\u015earj g\u00f6stergesi: Evet<br \/>\nFiltre de\u011fi\u015ftirme g\u00f6stergesi: Hay\u0131r<br \/>\nWi-Fi: Hay\u0131r<br \/>\nUygulamaya ba\u011flanabilir: Hay\u0131r<br \/>\nIslak\/kuru emme fonksiyonu: Hay\u0131r<br \/>\nKol kontrol\u00fc: Evet<br \/>\nEmi\u015f kontrol\u00fc: Evet<\/p>","protected":false},"excerpt":{"rendered":"<p>Cihaz tipi: \u00c7ubuk elektrikli s\u00fcp\u00fcrge, el tipi elektrikli s\u00fcp\u00fcrge dahil Cihaz tipi: Ak\u00fcl\u00fc \u00e7ubuk elektrikli s\u00fcp\u00fcrge Maksimum g\u00fc\u00e7: 600 W G\u00fcr\u00fclt\u00fc seviyesi: 76 dB(A) Filtre tipi: Pure Air membranl\u0131 ve hijyen filtreli kartu\u015f filtre Filtre say\u0131s\u0131: 1 Filtre y\u0131kanabilir: Hay\u0131r Torbas\u0131z teknoloji: Evet Maksimum toz haznesi hacmi: 0,4 lt F\u0131r\u00e7a\/ba\u015fl\u0131k tipi: Uzun esnek aral\u0131k ba\u015fl\u0131\u011f\u0131, [&hellip;]<\/p>","protected":false},"featured_media":9741,"comment_status":"open","ping_status":"closed","template":"","meta":{"om_disable_all_campaigns":false,"_monsterinsights_skip_tracking":false,"_monsterinsights_sitenote_active":false,"_monsterinsights_sitenote_note":"","_monsterinsights_sitenote_category":0,"_joinchat":[]},"product_brand":[],"product_cat":[199],"product_tag":[],"class_list":{"0":"post-9737","1":"product","2":"type-product","3":"status-publish","4":"has-post-thumbnail","6":"product_cat-elektrikli-supurgeler","7":"ts_product_brand-bosch","9":"first","10":"instock","11":"shipping-taxable","12":"product-type-simple","13":"add-to-wishlist-after_add_to_cart"},"aioseo_notices":[],"_links":{"self":[{"href":"https:\/\/cyprusbosch.com\/en\/wp-json\/wp\/v2\/product\/9737","targetHints":{"allow":["GET"]}}],"collection":[{"href":"https:\/\/cyprusbosch.com\/en\/wp-json\/wp\/v2\/product"}],"about":[{"href":"https:\/\/cyprusbosch.com\/en\/wp-json\/wp\/v2\/types\/product"}],"replies":[{"embeddable":true,"href":"https:\/\/cyprusbosch.com\/en\/wp-json\/wp\/v2\/comments?post=9737"}],"wp:featuredmedia":[{"embeddable":true,"href":"https:\/\/cyprusbosch.com\/en\/wp-json\/wp\/v2\/media\/9741"}],"wp:attachment":[{"href":"https:\/\/cyprusbosch.com\/en\/wp-json\/wp\/v2\/media?parent=9737"}],"wp:term":[{"taxonomy":"product_brand","embeddable":true,"href":"https:\/\/cyprusbosch.com\/en\/wp-json\/wp\/v2\/product_brand?post=9737"},{"taxonomy":"product_cat","embeddable":true,"href":"https:\/\/cyprusbosch.com\/en\/wp-json\/wp\/v2\/product_cat?post=9737"},{"taxonomy":"product_tag","embeddable":true,"href":"https:\/\/cyprusbosch.com\/en\/wp-json\/wp\/v2\/product_tag?post=9737"}],"curies":[{"name":"wp","href":"https:\/\/api.w.org\/{rel}","templated":true}]}}