{"id":9742,"date":"2025-03-16T16:41:07","date_gmt":"2025-03-16T16:41:07","guid":{"rendered":"https:\/\/cyprusbosch.com\/?post_type=product&#038;p=9742"},"modified":"2025-03-16T16:41:07","modified_gmt":"2025-03-16T16:41:07","slug":"serie-6-torbasiz-elektrikli-supurge-mavi","status":"publish","type":"product","link":"https:\/\/cyprusbosch.com\/en\/product\/serie-6-torbasiz-elektrikli-supurge-mavi\/","title":{"rendered":"Serie | 6 Torbas\u0131z Elektrikli S\u00fcp\u00fcrge Mavi"},"content":{"rendered":"<p>SensorBagless \u2122 kap teknolojisi: maksimum \u00fcretkenlik ve kolay bak\u0131m. Sarf malzemesi yok \u2013 sat\u0131n al\u0131n ve unutun<br \/>\nDokunmaya duyarl\u0131 performans kontrol\u00fc. Ak\u0131ll\u0131 filtre temizleme bildirim sistemi.<br \/>\nKompakt boyut<br \/>\n\u0130ki rahat tutacak<br \/>\nY\u0131kanabilir HEPA hijyen filtresi: alerjisi olan ki\u015filer i\u00e7in uygundur.<br \/>\nKolay konteyner temizli\u011fi<br \/>\nToz Haznesi Hacmi: 1X<br \/>\nD\u00f6ner kontroll\u00fc elektronik g\u00fc\u00e7 kontrol\u00fc<br \/>\nTurbo f\u0131r\u00e7a<br \/>\nHal\u0131 zemin ba\u015fl\u0131\u011f\u0131<br \/>\nD\u00f6\u015feme ba\u015fl\u0131\u011f\u0131 ve aral\u0131k ba\u015fl\u0131\u011f\u0131<br \/>\nD\u00f6\u015femeli mobilyalar i\u00e7in f\u0131r\u00e7a<br \/>\nCihaz\u0131n uygun \u015fekilde park edilmesi ve saklanmas\u0131<br \/>\nOtomatik kablo sar\u0131m\u0131<br \/>\nYar\u0131\u00e7ap: 10 m<br \/>\nArkada 2 b\u00fcy\u00fck tekerlek ve 1 silindir<br \/>\nA\u011f\u0131rl\u0131k: 5,6 kg (ata\u015fmanlar olmadan)<br \/>\nG\u00fcr\u00fclt\u00fc seviyesi: 72 db (A)<br \/>\nElektrikli f\u0131r\u00e7a soketi<br \/>\nEnstr\u00fcman rengi siyah<br \/>\nKompres\u00f6r teknolojisi<br \/>\nTamamlay\u0131c\u0131 renk II mavi<br \/>\nT\u00fcp malzemesi Metal<br \/>\nTekerlek say\u0131s\u0131 3<br \/>\nEbat ve a\u011f\u0131rl\u0131k<br \/>\nCihaz boyutlar\u0131 (mm) 267 x 324 x 474<br \/>\nCihaz\u0131n hortum ve ekleri olmadan a\u011f\u0131rl\u0131\u011f\u0131 (kg) 5.6<br \/>\nBr\u00fct A\u011f\u0131rl\u0131k (kg) 9.3<br \/>\nNet a\u011f\u0131rl\u0131k \/ kilogram) 8.300<br \/>\nKonfor<br \/>\nHal\u0131 f\u0131r\u00e7as\u0131 mekanik<br \/>\nFiltrele Standart<br \/>\nFiltre \/ Toz Kutusu Malzemesi toz torbas\u0131 olmadan<br \/>\nToz torbas\u0131 de\u011fi\u015fim g\u00f6stergesi<br \/>\nFiltrasyon sistemi Konteyner<br \/>\nHal\u0131 \/ zemin f\u0131r\u00e7as\u0131 De\u011fi\u015ftirilebilir hal\u0131 \/ zemin modlu rulo f\u0131r\u00e7a<br \/>\nEtki yar\u0131\u00e7ap\u0131 (m) on<br \/>\nKablo sar\u0131m\u0131 Oto<br \/>\nT\u00fcp park Evet<br \/>\nT\u00fcp yerle\u015ftirme sistemi<br \/>\nTeleskopik boru<br \/>\nEvcil hayvan sahipleri i\u00e7in<br \/>\nAlerjisi olanlar i\u00e7in<br \/>\nSigortalar (A) on<br \/>\nFrekans Hz) 50\/60<br \/>\nG\u00fcr\u00fclt\u00fc seviyesi (dB) 72<br \/>\nMaks. Alan say\u0131s\u0131 G\u00fc\u00e7, W) 2.200<br \/>\nAnma ak\u0131\u015f h\u0131z\u0131 (2010\/30 \/ EC) 1.800<\/p>","protected":false},"excerpt":{"rendered":"<p>SensorBagless \u2122 kap teknolojisi: maksimum \u00fcretkenlik ve kolay bak\u0131m. Sarf malzemesi yok \u2013 sat\u0131n al\u0131n ve unutun Dokunmaya duyarl\u0131 performans kontrol\u00fc. Ak\u0131ll\u0131 filtre temizleme bildirim sistemi. Kompakt boyut \u0130ki rahat tutacak Y\u0131kanabilir HEPA hijyen filtresi: alerjisi olan ki\u015filer i\u00e7in uygundur. Kolay konteyner temizli\u011fi Toz Haznesi Hacmi: 1X D\u00f6ner kontroll\u00fc elektronik g\u00fc\u00e7 kontrol\u00fc Turbo f\u0131r\u00e7a Hal\u0131 [&hellip;]<\/p>","protected":false},"featured_media":9746,"comment_status":"open","ping_status":"closed","template":"","meta":{"om_disable_all_campaigns":false,"_monsterinsights_skip_tracking":false,"_monsterinsights_sitenote_active":false,"_monsterinsights_sitenote_note":"","_monsterinsights_sitenote_category":0,"_joinchat":[]},"product_brand":[],"product_cat":[199],"product_tag":[],"class_list":{"0":"post-9742","1":"product","2":"type-product","3":"status-publish","4":"has-post-thumbnail","6":"product_cat-elektrikli-supurgeler","7":"ts_product_brand-bosch","9":"first","10":"instock","11":"shipping-taxable","12":"product-type-simple","13":"add-to-wishlist-after_add_to_cart"},"aioseo_notices":[],"_links":{"self":[{"href":"https:\/\/cyprusbosch.com\/en\/wp-json\/wp\/v2\/product\/9742","targetHints":{"allow":["GET"]}}],"collection":[{"href":"https:\/\/cyprusbosch.com\/en\/wp-json\/wp\/v2\/product"}],"about":[{"href":"https:\/\/cyprusbosch.com\/en\/wp-json\/wp\/v2\/types\/product"}],"replies":[{"embeddable":true,"href":"https:\/\/cyprusbosch.com\/en\/wp-json\/wp\/v2\/comments?post=9742"}],"wp:featuredmedia":[{"embeddable":true,"href":"https:\/\/cyprusbosch.com\/en\/wp-json\/wp\/v2\/media\/9746"}],"wp:attachment":[{"href":"https:\/\/cyprusbosch.com\/en\/wp-json\/wp\/v2\/media?parent=9742"}],"wp:term":[{"taxonomy":"product_brand","embeddable":true,"href":"https:\/\/cyprusbosch.com\/en\/wp-json\/wp\/v2\/product_brand?post=9742"},{"taxonomy":"product_cat","embeddable":true,"href":"https:\/\/cyprusbosch.com\/en\/wp-json\/wp\/v2\/product_cat?post=9742"},{"taxonomy":"product_tag","embeddable":true,"href":"https:\/\/cyprusbosch.com\/en\/wp-json\/wp\/v2\/product_tag?post=9742"}],"curies":[{"name":"wp","href":"https:\/\/api.w.org\/{rel}","templated":true}]}}