{"id":9757,"date":"2025-03-16T16:45:49","date_gmt":"2025-03-16T16:45:49","guid":{"rendered":"https:\/\/cyprusbosch.com\/?post_type=product&#038;p=9757"},"modified":"2025-03-16T16:45:49","modified_gmt":"2025-03-16T16:45:49","slug":"serie-4-torbali-elektrikli-supurge-cosyyy-2200w-siyah","status":"publish","type":"product","link":"https:\/\/cyprusbosch.com\/en\/product\/serie-4-torbali-elektrikli-supurge-cosyyy-2200w-siyah\/","title":{"rendered":"Serie | 4 Torbal\u0131 Elektrikli S\u00fcp\u00fcrge Cosyy\u2019y 2200W Siyah"},"content":{"rendered":"<p>Boyutlar: 265 x 295 x 410 mm<br \/>\nTorbal\u0131 elektrikli s\u00fcp\u00fcrge: \u00c7anta<br \/>\n\u00dcr\u00fcn\u00fcn ana rengi: Siyah<br \/>\n\u00d6zel ama\u00e7: G\u00fcnl\u00fck ihtiya\u00e7lar i\u00e7in<br \/>\nA\u011f\u0131rl\u0131k \u2013 yaln\u0131zca temizleyici: 4,5 kg<br \/>\n10 y\u0131l motor garantisi: Evet<br \/>\nNominal giri\u015f g\u00fcc\u00fc (2010\/30\/EC): 2.000 W<br \/>\nG\u00fc\u00e7 kontrol\u00fc tipi: elektronik-d\u00f6ner<br \/>\nFiltre: HEPA hijyenik filtre<br \/>\negzoz filtre sistemi: y\u0131kanabilir<br \/>\nFi\u015f tipi: Topraklamas\u0131z Gardy fi\u015fi<br \/>\nToz haznesi kontrol g\u00f6stergesi: yok<br \/>\nToz kapasitesi torbal\u0131\/torbas\u0131z: 4,0 lt<br \/>\nElektrik besleme kablosunun uzunlu\u011fu: 700,0 cm<br \/>\nOperasyon Yar\u0131\u00e7ap\u0131: 10 m<br \/>\nKablo geri sarma: otomatik<br \/>\nZemin ba\u015fl\u0131\u011f\u0131: mekanik<br \/>\nAksesuar saklama: Entegre de\u011fil<br \/>\nBirlikte verilen aksesuarlar: 1 x aral\u0131k ba\u015fl\u0131\u011f\u0131, 1 x d\u00f6\u015feme ba\u015fl\u0131\u011f\u0131, 1 x evrensel ba\u015fl\u0131k, 1 x sert zemin ba\u015fl\u0131\u011f\u0131<br \/>\nT\u00fcp malzemesi: Metal<br \/>\nTeleskopik boru: Evet<br \/>\nT\u00fcp park sistemi: Evet<br \/>\nT\u00fcp depolama sistemi: Evet<br \/>\nTekerlek say\u0131s\u0131: 4 direksiyon silindiri<br \/>\nHortum malzemesi: Tekstil<\/p>","protected":false},"excerpt":{"rendered":"<p>Boyutlar: 265 x 295 x 410 mm Torbal\u0131 elektrikli s\u00fcp\u00fcrge: \u00c7anta \u00dcr\u00fcn\u00fcn ana rengi: Siyah \u00d6zel ama\u00e7: G\u00fcnl\u00fck ihtiya\u00e7lar i\u00e7in A\u011f\u0131rl\u0131k \u2013 yaln\u0131zca temizleyici: 4,5 kg 10 y\u0131l motor garantisi: Evet Nominal giri\u015f g\u00fcc\u00fc (2010\/30\/EC): 2.000 W G\u00fc\u00e7 kontrol\u00fc tipi: elektronik-d\u00f6ner Filtre: HEPA hijyenik filtre egzoz filtre sistemi: y\u0131kanabilir Fi\u015f tipi: Topraklamas\u0131z Gardy fi\u015fi Toz [&hellip;]<\/p>","protected":false},"featured_media":9761,"comment_status":"open","ping_status":"closed","template":"","meta":{"om_disable_all_campaigns":false,"_monsterinsights_skip_tracking":false,"_monsterinsights_sitenote_active":false,"_monsterinsights_sitenote_note":"","_monsterinsights_sitenote_category":0,"_joinchat":[]},"product_brand":[],"product_cat":[199],"product_tag":[],"class_list":{"0":"post-9757","1":"product","2":"type-product","3":"status-publish","4":"has-post-thumbnail","6":"product_cat-elektrikli-supurgeler","7":"ts_product_brand-bosch","9":"first","10":"instock","11":"shipping-taxable","12":"product-type-simple","13":"add-to-wishlist-after_add_to_cart"},"aioseo_notices":[],"_links":{"self":[{"href":"https:\/\/cyprusbosch.com\/en\/wp-json\/wp\/v2\/product\/9757","targetHints":{"allow":["GET"]}}],"collection":[{"href":"https:\/\/cyprusbosch.com\/en\/wp-json\/wp\/v2\/product"}],"about":[{"href":"https:\/\/cyprusbosch.com\/en\/wp-json\/wp\/v2\/types\/product"}],"replies":[{"embeddable":true,"href":"https:\/\/cyprusbosch.com\/en\/wp-json\/wp\/v2\/comments?post=9757"}],"wp:featuredmedia":[{"embeddable":true,"href":"https:\/\/cyprusbosch.com\/en\/wp-json\/wp\/v2\/media\/9761"}],"wp:attachment":[{"href":"https:\/\/cyprusbosch.com\/en\/wp-json\/wp\/v2\/media?parent=9757"}],"wp:term":[{"taxonomy":"product_brand","embeddable":true,"href":"https:\/\/cyprusbosch.com\/en\/wp-json\/wp\/v2\/product_brand?post=9757"},{"taxonomy":"product_cat","embeddable":true,"href":"https:\/\/cyprusbosch.com\/en\/wp-json\/wp\/v2\/product_cat?post=9757"},{"taxonomy":"product_tag","embeddable":true,"href":"https:\/\/cyprusbosch.com\/en\/wp-json\/wp\/v2\/product_tag?post=9757"}],"curies":[{"name":"wp","href":"https:\/\/api.w.org\/{rel}","templated":true}]}}