{"id":9762,"date":"2025-03-16T16:47:19","date_gmt":"2025-03-16T16:47:19","guid":{"rendered":"https:\/\/cyprusbosch.com\/?post_type=product&#038;p=9762"},"modified":"2025-03-16T16:47:19","modified_gmt":"2025-03-16T16:47:19","slug":"torbali-elektrikli-supurge-gl-30-kirmizi-2400w","status":"publish","type":"product","link":"https:\/\/cyprusbosch.com\/en\/product\/torbali-elektrikli-supurge-gl-30-kirmizi-2400w\/","title":{"rendered":"Torbal\u0131 Elektrikli S\u00fcp\u00fcrge GL-30 K\u0131rm\u0131z\u0131 2400w"},"content":{"rendered":"<div class=\"product-detail\">Verim Aerodinamik kanatl\u0131 ve d\u00fc\u015f\u00fck enerji t\u00fcketimiyle y\u00fcksek toz toplama i\u00e7in m\u00fckemmel kalibre edilmi\u015f hava ak\u0131\u015f\u0131na sahip yeni yenilik\u00e7i HiSpin Motor temizlik<\/div>\n<div class=\"product-detail\">Temiz egzoz havas\u0131 i\u00e7in y\u0131kanabilir<\/div>\n<div class=\"product-detail\">Hijyenik filtre<\/div>\n<div class=\"product-detail\">Yedek toz torbalar\u0131: TYP G<\/div>\n<div class=\"product-detail\">ALL Konfor<\/div>\n<div class=\"product-detail\">De\u011fi\u015fken emi\u015f kontrol\u00fc<\/div>\n<div class=\"product-detail\">Ayarlanabilir zemin aleti (geni\u015flik 260 mm)<\/div>\n<div class=\"product-detail\">2 par\u00e7al\u0131 aksesuar seti \u2013 aral\u0131k ba\u015fl\u0131\u011f\u0131 ve d\u00f6\u015feme ba\u015fl\u0131\u011f\u0131<\/div>\n<div class=\"product-detail\">Toz torbas\u0131 kapasitesi: XL<\/div>\n<div class=\"product-detail\">BigCapacity: kompakt boyuta ra\u011fmen b\u00fcy\u00fck toz torbas\u0131 kapasitesi \u2013 toz torbas\u0131 de\u011fi\u015fikliklerini en aza indirir ve takip maliyetlerini azalt\u0131r<\/div>\n<div class=\"product-detail\">Toz torbas\u0131 de\u011fi\u015ftirme g\u00f6stergesi<\/div>\n<div class=\"product-detail\">Park ve depolama yard\u0131mc\u0131lar\u0131<\/div>\n<div class=\"product-detail\">Otomatik kablo geri sarma<\/div>\n<div class=\"product-detail\">\u00c7al\u0131\u015fma yar\u0131\u00e7ap\u0131: 10 m<\/div>\n<div class=\"product-detail\">3 d\u00f6ner tekerlek<\/div>\n<div class=\"product-detail\">A\u011f\u0131rl\u0131k: 4,3 kg (sadece silindir)<\/div>","protected":false},"excerpt":{"rendered":"<p>Verim Aerodinamik kanatl\u0131 ve d\u00fc\u015f\u00fck enerji t\u00fcketimiyle y\u00fcksek toz toplama i\u00e7in m\u00fckemmel kalibre edilmi\u015f hava ak\u0131\u015f\u0131na sahip yeni yenilik\u00e7i HiSpin Motor temizlik Temiz egzoz havas\u0131 i\u00e7in y\u0131kanabilir Hijyenik filtre Yedek toz torbalar\u0131: TYP G ALL Konfor De\u011fi\u015fken emi\u015f kontrol\u00fc Ayarlanabilir zemin aleti (geni\u015flik 260 mm) 2 par\u00e7al\u0131 aksesuar seti \u2013 aral\u0131k ba\u015fl\u0131\u011f\u0131 ve d\u00f6\u015feme ba\u015fl\u0131\u011f\u0131 [&hellip;]<\/p>","protected":false},"featured_media":9766,"comment_status":"open","ping_status":"closed","template":"","meta":{"om_disable_all_campaigns":false,"_monsterinsights_skip_tracking":false,"_monsterinsights_sitenote_active":false,"_monsterinsights_sitenote_note":"","_monsterinsights_sitenote_category":0,"_joinchat":[]},"product_brand":[],"product_cat":[199],"product_tag":[],"class_list":{"0":"post-9762","1":"product","2":"type-product","3":"status-publish","4":"has-post-thumbnail","6":"product_cat-elektrikli-supurgeler","7":"ts_product_brand-bosch","9":"first","10":"instock","11":"shipping-taxable","12":"product-type-simple","13":"add-to-wishlist-after_add_to_cart"},"aioseo_notices":[],"_links":{"self":[{"href":"https:\/\/cyprusbosch.com\/en\/wp-json\/wp\/v2\/product\/9762","targetHints":{"allow":["GET"]}}],"collection":[{"href":"https:\/\/cyprusbosch.com\/en\/wp-json\/wp\/v2\/product"}],"about":[{"href":"https:\/\/cyprusbosch.com\/en\/wp-json\/wp\/v2\/types\/product"}],"replies":[{"embeddable":true,"href":"https:\/\/cyprusbosch.com\/en\/wp-json\/wp\/v2\/comments?post=9762"}],"wp:featuredmedia":[{"embeddable":true,"href":"https:\/\/cyprusbosch.com\/en\/wp-json\/wp\/v2\/media\/9766"}],"wp:attachment":[{"href":"https:\/\/cyprusbosch.com\/en\/wp-json\/wp\/v2\/media?parent=9762"}],"wp:term":[{"taxonomy":"product_brand","embeddable":true,"href":"https:\/\/cyprusbosch.com\/en\/wp-json\/wp\/v2\/product_brand?post=9762"},{"taxonomy":"product_cat","embeddable":true,"href":"https:\/\/cyprusbosch.com\/en\/wp-json\/wp\/v2\/product_cat?post=9762"},{"taxonomy":"product_tag","embeddable":true,"href":"https:\/\/cyprusbosch.com\/en\/wp-json\/wp\/v2\/product_tag?post=9762"}],"curies":[{"name":"wp","href":"https:\/\/api.w.org\/{rel}","templated":true}]}}