{"id":9786,"date":"2025-03-16T17:02:34","date_gmt":"2025-03-16T17:02:34","guid":{"rendered":"https:\/\/cyprusbosch.com\/?post_type=product&#038;p=9786"},"modified":"2025-03-16T17:02:34","modified_gmt":"2025-03-16T17:02:34","slug":"serie-8-torbasiz-elektrikli-supurge-kirmizi","status":"publish","type":"product","link":"https:\/\/cyprusbosch.com\/en\/product\/serie-8-torbasiz-elektrikli-supurge-kirmizi\/","title":{"rendered":"Serie | 8 Torbas\u0131z Elektrikli S\u00fcp\u00fcrge K\u0131rm\u0131z\u0131"},"content":{"rendered":"<p>Toz haznesini \u00e7\u0131karmak ve bo\u015faltmak i\u00e7in kullan\u0131m\u0131 kolayd\u0131r.<\/p>\n<p>Ekstra kapsaml\u0131 temizlik performans\u0131 i\u00e7in klips ba\u011flant\u0131l\u0131, \u00f6zellikle sessiz, de\u011fi\u015ftirilebilir SilentClean Premium silindir nozul<\/p>\n<p>AirTurbo Plus ba\u015fl\u0131k: Hayvan t\u00fcylerinin etkili bir \u015fekilde al\u0131nmas\u0131 i\u00e7in Otomatik G\u00fc\u00e7 Kontroll\u00fc g\u00fc\u00e7l\u00fc turbo f\u0131r\u00e7a.<\/p>\n<p>Mini AirTurbo ba\u015fl\u0131k: D\u00f6\u015femeli mobilyalardan hayvan t\u00fcylerini, lifleri ve tozu etkin bir \u015fekilde \u00e7\u0131kar\u0131n.<\/p>\n<p>3 yollu kombinasyon aksesuarlar\u0131: aral\u0131k ba\u015fl\u0131\u011f\u0131 ve \u00e7\u0131kar\u0131labilir mobilya f\u0131r\u00e7al\u0131 d\u00f6\u015feme ba\u015fl\u0131\u011f\u0131 \u2013 bir aksesuar tutucusu kullan\u0131larak boruya tutturulmu\u015f<\/p>\n<p>Kayd\u0131rma d\u00fc\u011fmeli ve klips kilitli teleskopik boru<\/p>\n<p>D\u00f6ner kontroll\u00fc elektronik emi\u015f g\u00fcc\u00fc reg\u00fclasyonu<\/p>\n<p>Ergonomik tutamak<\/p>\n<p>Toz haznesi hacmi: 3 l<\/p>\n<p>Park ve park yard\u0131m\u0131<\/p>\n<p>Otomatik kablo geri \u00e7ekme<\/p>\n<p>Etki alan\u0131 yar\u0131\u00e7ap\u0131: 11 m<\/p>\n<p>4 d\u00f6ner tekerlek<\/p>\n<p>A\u011f\u0131rl\u0131k: 6,7 kg (emme aksesuarlar\u0131 hari\u00e7)<\/p>\n<p>Garanti ko\u015fullar\u0131 www.bosch-home.com adresinde<\/p>\n<p>Evrensel ba\u015fl\u0131kl\u0131 Bosch torbal\u0131 elektrikli s\u00fcp\u00fcrgeye k\u0131yasla ProAnimal f\u0131r\u00e7ayla (BGL3A315)<\/p>","protected":false},"excerpt":{"rendered":"<p>Toz haznesini \u00e7\u0131karmak ve bo\u015faltmak i\u00e7in kullan\u0131m\u0131 kolayd\u0131r. Ekstra kapsaml\u0131 temizlik performans\u0131 i\u00e7in klips ba\u011flant\u0131l\u0131, \u00f6zellikle sessiz, de\u011fi\u015ftirilebilir SilentClean Premium silindir nozul AirTurbo Plus ba\u015fl\u0131k: Hayvan t\u00fcylerinin etkili bir \u015fekilde al\u0131nmas\u0131 i\u00e7in Otomatik G\u00fc\u00e7 Kontroll\u00fc g\u00fc\u00e7l\u00fc turbo f\u0131r\u00e7a. Mini AirTurbo ba\u015fl\u0131k: D\u00f6\u015femeli mobilyalardan hayvan t\u00fcylerini, lifleri ve tozu etkin bir \u015fekilde \u00e7\u0131kar\u0131n. 3 yollu kombinasyon [&hellip;]<\/p>","protected":false},"featured_media":9787,"comment_status":"open","ping_status":"closed","template":"","meta":{"om_disable_all_campaigns":false,"_monsterinsights_skip_tracking":false,"_monsterinsights_sitenote_active":false,"_monsterinsights_sitenote_note":"","_monsterinsights_sitenote_category":0,"_joinchat":[]},"product_brand":[],"product_cat":[199],"product_tag":[],"class_list":{"0":"post-9786","1":"product","2":"type-product","3":"status-publish","4":"has-post-thumbnail","6":"product_cat-elektrikli-supurgeler","7":"ts_product_brand-bosch","9":"first","10":"instock","11":"shipping-taxable","12":"product-type-simple","13":"add-to-wishlist-after_add_to_cart"},"aioseo_notices":[],"_links":{"self":[{"href":"https:\/\/cyprusbosch.com\/en\/wp-json\/wp\/v2\/product\/9786","targetHints":{"allow":["GET"]}}],"collection":[{"href":"https:\/\/cyprusbosch.com\/en\/wp-json\/wp\/v2\/product"}],"about":[{"href":"https:\/\/cyprusbosch.com\/en\/wp-json\/wp\/v2\/types\/product"}],"replies":[{"embeddable":true,"href":"https:\/\/cyprusbosch.com\/en\/wp-json\/wp\/v2\/comments?post=9786"}],"wp:featuredmedia":[{"embeddable":true,"href":"https:\/\/cyprusbosch.com\/en\/wp-json\/wp\/v2\/media\/9787"}],"wp:attachment":[{"href":"https:\/\/cyprusbosch.com\/en\/wp-json\/wp\/v2\/media?parent=9786"}],"wp:term":[{"taxonomy":"product_brand","embeddable":true,"href":"https:\/\/cyprusbosch.com\/en\/wp-json\/wp\/v2\/product_brand?post=9786"},{"taxonomy":"product_cat","embeddable":true,"href":"https:\/\/cyprusbosch.com\/en\/wp-json\/wp\/v2\/product_cat?post=9786"},{"taxonomy":"product_tag","embeddable":true,"href":"https:\/\/cyprusbosch.com\/en\/wp-json\/wp\/v2\/product_tag?post=9786"}],"curies":[{"name":"wp","href":"https:\/\/api.w.org\/{rel}","templated":true}]}}