{"id":9795,"date":"2025-03-16T17:06:46","date_gmt":"2025-03-16T17:06:46","guid":{"rendered":"https:\/\/cyprusbosch.com\/?post_type=product&#038;p=9795"},"modified":"2025-03-16T17:06:46","modified_gmt":"2025-03-16T17:06:46","slug":"serie-4-torbasiz-elektrikli-supurge-propower-siyah","status":"publish","type":"product","link":"https:\/\/cyprusbosch.com\/en\/product\/serie-4-torbasiz-elektrikli-supurge-propower-siyah\/","title":{"rendered":"Serie | 4 Torbas\u0131z Elektrikli S\u00fcp\u00fcrge Propower Siyah"},"content":{"rendered":"<p>Boyutlar: 287x301x449 mm<br \/>\nG\u00fc\u00e7: 750w<br \/>\nTorbal\u0131 elektrikli s\u00fcp\u00fcrge: Torbas\u0131z<br \/>\n\u00d6zel ama\u00e7: ProPower\/turbo nozullu<br \/>\nA\u011f\u0131rl\u0131k \u2013 yaln\u0131zca temizleyici: 4,7 kg<br \/>\nPerformans 10 y\u0131l motor garantisi: Evet<br \/>\nG\u00fc\u00e7 kontrol\u00fc tipi: elektronik-d\u00f6ner<br \/>\nFiltre: HEPA hijyenik filtre<br \/>\negzoz filtre sistemi: y\u0131kanabilir<br \/>\nFi\u015f tipi: Topraklamas\u0131z Gardy fi\u015fi<br \/>\nToz haznesi kontrol g\u00f6stergesi: yok<\/p>","protected":false},"excerpt":{"rendered":"<p>Boyutlar: 287x301x449 mm G\u00fc\u00e7: 750w Torbal\u0131 elektrikli s\u00fcp\u00fcrge: Torbas\u0131z \u00d6zel ama\u00e7: ProPower\/turbo nozullu A\u011f\u0131rl\u0131k \u2013 yaln\u0131zca temizleyici: 4,7 kg Performans 10 y\u0131l motor garantisi: Evet G\u00fc\u00e7 kontrol\u00fc tipi: elektronik-d\u00f6ner Filtre: HEPA hijyenik filtre egzoz filtre sistemi: y\u0131kanabilir Fi\u015f tipi: Topraklamas\u0131z Gardy fi\u015fi Toz haznesi kontrol g\u00f6stergesi: yok<\/p>","protected":false},"featured_media":9796,"comment_status":"open","ping_status":"closed","template":"","meta":{"om_disable_all_campaigns":false,"_monsterinsights_skip_tracking":false,"_monsterinsights_sitenote_active":false,"_monsterinsights_sitenote_note":"","_monsterinsights_sitenote_category":0,"_joinchat":[]},"product_brand":[],"product_cat":[199],"product_tag":[],"class_list":{"0":"post-9795","1":"product","2":"type-product","3":"status-publish","4":"has-post-thumbnail","6":"product_cat-elektrikli-supurgeler","7":"ts_product_brand-bosch","9":"first","10":"instock","11":"shipping-taxable","12":"product-type-simple","13":"add-to-wishlist-after_add_to_cart"},"aioseo_notices":[],"_links":{"self":[{"href":"https:\/\/cyprusbosch.com\/en\/wp-json\/wp\/v2\/product\/9795","targetHints":{"allow":["GET"]}}],"collection":[{"href":"https:\/\/cyprusbosch.com\/en\/wp-json\/wp\/v2\/product"}],"about":[{"href":"https:\/\/cyprusbosch.com\/en\/wp-json\/wp\/v2\/types\/product"}],"replies":[{"embeddable":true,"href":"https:\/\/cyprusbosch.com\/en\/wp-json\/wp\/v2\/comments?post=9795"}],"wp:featuredmedia":[{"embeddable":true,"href":"https:\/\/cyprusbosch.com\/en\/wp-json\/wp\/v2\/media\/9796"}],"wp:attachment":[{"href":"https:\/\/cyprusbosch.com\/en\/wp-json\/wp\/v2\/media?parent=9795"}],"wp:term":[{"taxonomy":"product_brand","embeddable":true,"href":"https:\/\/cyprusbosch.com\/en\/wp-json\/wp\/v2\/product_brand?post=9795"},{"taxonomy":"product_cat","embeddable":true,"href":"https:\/\/cyprusbosch.com\/en\/wp-json\/wp\/v2\/product_cat?post=9795"},{"taxonomy":"product_tag","embeddable":true,"href":"https:\/\/cyprusbosch.com\/en\/wp-json\/wp\/v2\/product_tag?post=9795"}],"curies":[{"name":"wp","href":"https:\/\/api.w.org\/{rel}","templated":true}]}}