{"id":9806,"date":"2025-03-16T17:09:11","date_gmt":"2025-03-16T17:09:11","guid":{"rendered":"https:\/\/cyprusbosch.com\/?post_type=product&#038;p=9806"},"modified":"2025-03-16T17:09:11","modified_gmt":"2025-03-16T17:09:11","slug":"elektrikli-supurge-toz-torbasi-powerprotect-type-g-all","status":"publish","type":"product","link":"https:\/\/cyprusbosch.com\/en\/product\/elektrikli-supurge-toz-torbasi-powerprotect-type-g-all\/","title":{"rendered":"Elektrikli s\u00fcp\u00fcrge toz torbas\u0131 PowerProtect Type G ALL"},"content":{"rendered":"<p>Enerji tasarruflu s\u00fcp\u00fcrgelerde ekstra performans sa\u011flayan dolmaya yak\u0131nken bile y\u00fcksek emi\u015f g\u00fcc\u00fc sunan yenilik\u00e7i toz torbas\u0131<\/p>\n<p>Uzun s\u00fcreli kullan\u0131m sunan yenilik\u00e7i doku<\/p>\n<p>Ekstra y\u00fcksek toz alma kapasitesi ile %50\u2019ye varan oranda daha seyrek torba de\u011fi\u015fim ihtiyac\u0131<\/p>\n<p>\u00c7ok katmanl\u0131 yap\u0131s\u0131 ile \u00fcst seviye filtrasyon<\/p>\n<p>En k\u00fc\u00e7\u00fck toz zerrecikleri bile b\u00fcy\u00fck oranda filtrelenir, kilit sistemi sayesinde toz torbas\u0131 hijyenik bir \u015fekilde at\u0131l\u0131r.<\/p>\n<p>Y\u00fcksek toz tutma kapasitesi ve \u00f6zel torba a\u011fz\u0131 sayesinde etkin motor koruma<\/p>\n<p>Eneji etiketi olan ve olmayan t\u00fcm modeller* i\u00e7in uygundur. Hem d\u00fc\u015f\u00fck hem de y\u00fcksek wattl\u0131 modeller i\u00e7in y\u00fcksek temizleme performans\u0131 sunar. (*BSG8\u2026,BSN1\u2026 serileri hari\u00e7)<\/p>\n<p>***PowerProtect Teknolojisi olmayan k\u0131smen dolu (400 g) Bosch Type G toz torbas\u0131yla VSZ5\u2026modellerinde emi\u015f g\u00fcc\u00fc kar\u015f\u0131la\u015ft\u0131r\u0131ld\u0131\u011f\u0131nda<\/p>","protected":false},"excerpt":{"rendered":"<p>Enerji tasarruflu s\u00fcp\u00fcrgelerde ekstra performans sa\u011flayan dolmaya yak\u0131nken bile y\u00fcksek emi\u015f g\u00fcc\u00fc sunan yenilik\u00e7i toz torbas\u0131 Uzun s\u00fcreli kullan\u0131m sunan yenilik\u00e7i doku Ekstra y\u00fcksek toz alma kapasitesi ile %50\u2019ye varan oranda daha seyrek torba de\u011fi\u015fim ihtiyac\u0131 \u00c7ok katmanl\u0131 yap\u0131s\u0131 ile \u00fcst seviye filtrasyon En k\u00fc\u00e7\u00fck toz zerrecikleri bile b\u00fcy\u00fck oranda filtrelenir, kilit sistemi sayesinde toz [&hellip;]<\/p>","protected":false},"featured_media":9807,"comment_status":"open","ping_status":"closed","template":"","meta":{"om_disable_all_campaigns":false,"_monsterinsights_skip_tracking":false,"_monsterinsights_sitenote_active":false,"_monsterinsights_sitenote_note":"","_monsterinsights_sitenote_category":0,"_joinchat":[]},"product_brand":[],"product_cat":[210,211],"product_tag":[],"class_list":{"0":"post-9806","1":"product","2":"type-product","3":"status-publish","4":"has-post-thumbnail","6":"product_cat-ek-urunler","7":"product_cat-toz-torbalari","8":"ts_product_brand-bosch","10":"first","11":"instock","12":"shipping-taxable","13":"product-type-simple","14":"add-to-wishlist-after_add_to_cart"},"aioseo_notices":[],"_links":{"self":[{"href":"https:\/\/cyprusbosch.com\/en\/wp-json\/wp\/v2\/product\/9806","targetHints":{"allow":["GET"]}}],"collection":[{"href":"https:\/\/cyprusbosch.com\/en\/wp-json\/wp\/v2\/product"}],"about":[{"href":"https:\/\/cyprusbosch.com\/en\/wp-json\/wp\/v2\/types\/product"}],"replies":[{"embeddable":true,"href":"https:\/\/cyprusbosch.com\/en\/wp-json\/wp\/v2\/comments?post=9806"}],"wp:featuredmedia":[{"embeddable":true,"href":"https:\/\/cyprusbosch.com\/en\/wp-json\/wp\/v2\/media\/9807"}],"wp:attachment":[{"href":"https:\/\/cyprusbosch.com\/en\/wp-json\/wp\/v2\/media?parent=9806"}],"wp:term":[{"taxonomy":"product_brand","embeddable":true,"href":"https:\/\/cyprusbosch.com\/en\/wp-json\/wp\/v2\/product_brand?post=9806"},{"taxonomy":"product_cat","embeddable":true,"href":"https:\/\/cyprusbosch.com\/en\/wp-json\/wp\/v2\/product_cat?post=9806"},{"taxonomy":"product_tag","embeddable":true,"href":"https:\/\/cyprusbosch.com\/en\/wp-json\/wp\/v2\/product_tag?post=9806"}],"curies":[{"name":"wp","href":"https:\/\/api.w.org\/{rel}","templated":true}]}}