{"id":9812,"date":"2025-03-16T17:11:08","date_gmt":"2025-03-16T17:11:08","guid":{"rendered":"https:\/\/cyprusbosch.com\/?post_type=product&#038;p=9812"},"modified":"2025-03-16T17:11:09","modified_gmt":"2025-03-16T17:11:09","slug":"elektrikli-supurge-toz-torbasi-tip-p","status":"publish","type":"product","link":"https:\/\/cyprusbosch.com\/en\/product\/elektrikli-supurge-toz-torbasi-tip-p\/","title":{"rendered":"Elektrikli S\u00fcp\u00fcrge Toz Torbas\u0131 Tip P"},"content":{"rendered":"<div class=\"technical-info-item js-technical-info-item\">\n<p class=\"technical-info-item-content js-search-text\">4 toz torbas\u0131 + 1 micro filtre<\/p>\n<\/div>\n<div class=\"technical-info-item js-technical-info-item\">\n<p class=\"technical-info-item-content js-search-text\">BSG8\u2026 kodlu elektrikli s\u00fcp\u00fcrgeler i\u00e7in uygundur<\/p>\n<\/div>","protected":false},"excerpt":{"rendered":"<p>4 toz torbas\u0131 + 1 micro filtre BSG8\u2026 kodlu elektrikli s\u00fcp\u00fcrgeler i\u00e7in uygundur<\/p>","protected":false},"featured_media":9817,"comment_status":"open","ping_status":"closed","template":"","meta":{"om_disable_all_campaigns":false,"_monsterinsights_skip_tracking":false,"_monsterinsights_sitenote_active":false,"_monsterinsights_sitenote_note":"","_monsterinsights_sitenote_category":0,"_joinchat":[]},"product_brand":[],"product_cat":[210,211],"product_tag":[],"class_list":{"0":"post-9812","1":"product","2":"type-product","3":"status-publish","4":"has-post-thumbnail","6":"product_cat-ek-urunler","7":"product_cat-toz-torbalari","8":"ts_product_brand-bosch","10":"first","11":"instock","12":"shipping-taxable","13":"product-type-simple","14":"add-to-wishlist-after_add_to_cart"},"aioseo_notices":[],"_links":{"self":[{"href":"https:\/\/cyprusbosch.com\/en\/wp-json\/wp\/v2\/product\/9812","targetHints":{"allow":["GET"]}}],"collection":[{"href":"https:\/\/cyprusbosch.com\/en\/wp-json\/wp\/v2\/product"}],"about":[{"href":"https:\/\/cyprusbosch.com\/en\/wp-json\/wp\/v2\/types\/product"}],"replies":[{"embeddable":true,"href":"https:\/\/cyprusbosch.com\/en\/wp-json\/wp\/v2\/comments?post=9812"}],"wp:featuredmedia":[{"embeddable":true,"href":"https:\/\/cyprusbosch.com\/en\/wp-json\/wp\/v2\/media\/9817"}],"wp:attachment":[{"href":"https:\/\/cyprusbosch.com\/en\/wp-json\/wp\/v2\/media?parent=9812"}],"wp:term":[{"taxonomy":"product_brand","embeddable":true,"href":"https:\/\/cyprusbosch.com\/en\/wp-json\/wp\/v2\/product_brand?post=9812"},{"taxonomy":"product_cat","embeddable":true,"href":"https:\/\/cyprusbosch.com\/en\/wp-json\/wp\/v2\/product_cat?post=9812"},{"taxonomy":"product_tag","embeddable":true,"href":"https:\/\/cyprusbosch.com\/en\/wp-json\/wp\/v2\/product_tag?post=9812"}],"curies":[{"name":"wp","href":"https:\/\/api.w.org\/{rel}","templated":true}]}}